{"id":915,"date":"2019-09-27T09:07:55","date_gmt":"2019-09-27T09:07:55","guid":{"rendered":"http:\/\/hotel-la-sivoliere.ms.decms.eu\/?page_id=915"},"modified":"2025-04-07T12:40:54","modified_gmt":"2025-04-07T12:40:54","slug":"%d0%bb%d0%b0-%d1%81%d0%b8%d0%b2%d0%be%d0%bb%d1%8c%d0%b5%d1%80","status":"publish","type":"page","link":"https:\/\/www.hotel-la-sivoliere.com\/ru\/","title":{"rendered":"\u041b\u0430 \u0421\u0438\u0432\u043e\u043b\u044c\u0435\u0440"},"content":{"rendered":"<p><span style=\"vertical-align: inherit\"><span style=\"vertical-align: inherit\">Inutile de vous pr\u00e9senter Courchevel, l\u2019une des stations de ski les plus r\u00e9put\u00e9es. Situ\u00e9e au-dessus de quatre autres stations baln\u00e9aires de la c\u00e9l\u00e8bre vall\u00e9e savoyarde, Courchevel 1850 est un symbole de l&#8217;excellence fran\u00e7aise au c\u0153ur des Trois Vall\u00e9es. Ici, chacun peut trouver quelque chose \u00e0 son go\u00fbt. Cette station de ski s&#8217;adresse aux personnes de tous \u00e2ges et de tous niveaux, et le plus grand domaine skiable fait de la prestigieuse Courchevel une destination de vacances familiales confortable. On peut en dire autant de l&#8217;h\u00f4tel La Sivoli\u00e8re.<\/span><\/span><\/p>\n<p><a href=\"http:\/\/hotel-la-sivoliere.ms.decms.eu\/ru\/%d1%83%d1%81%d0%bb%d1%83%d0%b3%d0%b8-%d0%be%d1%82%d0%b5%d0%bb%d1%8f-la-sivoliere\/\"><span style=\"vertical-align: inherit\"><span style=\"vertical-align: inherit\">Situ\u00e9 au pied des pistes de montagne<\/span><\/span><\/a><span style=\"vertical-align: inherit\"><span style=\"vertical-align: inherit\"> , ce chalet de montagne <\/span><span style=\"vertical-align: inherit\">vous accueille dans ses 35 chambres, suites familiales et appartements, enti\u00e8rement r\u00e9nov\u00e9s dans un style alpin moderne. Visitez <\/span><\/span><a href=\"https:\/\/www.hotel-la-sivoliere.com\/spa-courchevel\/\"><span style=\"vertical-align: inherit\"><span style=\"vertical-align: inherit\">le spa<\/span><\/span><\/a><span style=\"vertical-align: inherit\"><span style=\"vertical-align: inherit\"> et <\/span><\/span><a href=\"http:\/\/hotel-la-sivoliere.ms.decms.eu\/ru\/%d0%b1%d0%b0%d1%80-%d0%b8-%d1%80%d0%b5%d1%81%d1%82%d0%be%d1%80%d0%b0%d0%bd\/\"><span style=\"vertical-align: inherit\"><span style=\"vertical-align: inherit\">le restaurant La Table de Madame<\/span><\/span><\/a><span style=\"vertical-align: inherit\"><span style=\"vertical-align: inherit\"> et profitez d&#8217; <\/span><\/span><a href=\"http:\/\/hotel-la-sivoliere.ms.decms.eu\/ru\/%d1%83%d1%81%d0%bb%d1%83%d0%b3%d0%b8-%d0%be%d1%82%d0%b5%d0%bb%d1%8f-la-sivoliere\/\"><span style=\"vertical-align: inherit\"><span style=\"vertical-align: inherit\">une large gamme de services personnalis\u00e9s<\/span><\/span><\/a><span style=\"vertical-align: inherit\"><span style=\"vertical-align: inherit\"> , le tout dans l&#8217;atmosph\u00e8re chaleureuse unique de Courchevel.<\/span><\/span><\/p>\n","protected":false},"excerpt":{"rendered":"<p>Inutile de vous pr\u00e9senter Courchevel, l\u2019une des stations de ski les plus r\u00e9put\u00e9es. Situ\u00e9e au-dessus de quatre autres stations baln\u00e9aires de la c\u00e9l\u00e8bre vall\u00e9e savoyarde, Courchevel 1850 est un symbole de l&#8217;excellence fran\u00e7aise au c\u0153ur des Trois Vall\u00e9es. Ici, chacun peut trouver quelque chose \u00e0 son go\u00fbt. Cette station de ski s&#8217;adresse aux personnes de [&hellip;]<\/p>\n","protected":false},"author":4,"featured_media":0,"parent":0,"menu_order":0,"comment_status":"closed","ping_status":"closed","template":"","meta":{"footnotes":""},"class_list":["post-915","page","type-page","status-publish","hentry"],"yoast_head":"<!-- This site is optimized with the Yoast SEO plugin v26.9 - https:\/\/yoast.com\/product\/yoast-seo-wordpress\/ -->\n<title>\u041b\u0430 \u0421\u0438\u0432\u043e\u043b\u044c\u0435\u0440 - Hotel La Sivoliere<\/title>\n<meta name=\"description\" content=\"Inutile de vous pr\u00e9senter Courchevel, l\u2019une des stations de ski les plus r\u00e9put\u00e9es. Situ\u00e9e au-dessus de quatre autres stations baln\u00e9aires de la c\u00e9l\u00e8bre\" \/>\n<meta name=\"robots\" content=\"index, follow, max-snippet:-1, max-image-preview:large, max-video-preview:-1\" \/>\n<link rel=\"canonical\" href=\"https:\/\/www.hotel-la-sivoliere.com\/ru\/\" \/>\n<meta property=\"og:locale\" content=\"ru_RU\" \/>\n<meta property=\"og:type\" content=\"article\" \/>\n<meta property=\"og:title\" content=\"\u041b\u0430 \u0421\u0438\u0432\u043e\u043b\u044c\u0435\u0440 - Hotel La Sivoliere\" \/>\n<meta property=\"og:description\" content=\"Inutile de vous pr\u00e9senter Courchevel, l\u2019une des stations de ski les plus r\u00e9put\u00e9es. Situ\u00e9e au-dessus de quatre autres stations baln\u00e9aires de la c\u00e9l\u00e8bre\" \/>\n<meta property=\"og:url\" content=\"https:\/\/www.hotel-la-sivoliere.com\/ru\/\" \/>\n<meta property=\"og:site_name\" content=\"Hotel La Sivoliere\" \/>\n<meta property=\"article:modified_time\" content=\"2025-04-07T12:40:54+00:00\" \/>\n<meta name=\"twitter:card\" content=\"summary_large_image\" \/>\n<meta name=\"twitter:label1\" content=\"\u041f\u0440\u0438\u043c\u0435\u0440\u043d\u043e\u0435 \u0432\u0440\u0435\u043c\u044f \u0434\u043b\u044f \u0447\u0442\u0435\u043d\u0438\u044f\" \/>\n\t<meta name=\"twitter:data1\" content=\"1 \u043c\u0438\u043d\u0443\u0442\u0430\" \/>\n<script type=\"application\/ld+json\" class=\"yoast-schema-graph\">{\"@context\":\"https:\/\/schema.org\",\"@graph\":[{\"@type\":\"WebPage\",\"@id\":\"https:\/\/www.hotel-la-sivoliere.com\/ru\/\",\"url\":\"https:\/\/www.hotel-la-sivoliere.com\/ru\/\",\"name\":\"\u041b\u0430 \u0421\u0438\u0432\u043e\u043b\u044c\u0435\u0440 - Hotel La Sivoliere\",\"isPartOf\":{\"@id\":\"https:\/\/www.hotel-la-sivoliere.com\/ru\/#website\"},\"datePublished\":\"2019-09-27T09:07:55+00:00\",\"dateModified\":\"2025-04-07T12:40:54+00:00\",\"description\":\"Inutile de vous pr\u00e9senter Courchevel, l\u2019une des stations de ski les plus r\u00e9put\u00e9es. Situ\u00e9e au-dessus de quatre autres stations baln\u00e9aires de la c\u00e9l\u00e8bre\",\"breadcrumb\":{\"@id\":\"https:\/\/www.hotel-la-sivoliere.com\/ru\/#breadcrumb\"},\"inLanguage\":\"ru-RU\",\"potentialAction\":[{\"@type\":\"ReadAction\",\"target\":[\"https:\/\/www.hotel-la-sivoliere.com\/ru\/\"]}]},{\"@type\":\"BreadcrumbList\",\"@id\":\"https:\/\/www.hotel-la-sivoliere.com\/ru\/#breadcrumb\",\"itemListElement\":[{\"@type\":\"ListItem\",\"position\":1,\"name\":\"Home\",\"item\":\"https:\/\/www.hotel-la-sivoliere.com\/ru\/\"},{\"@type\":\"ListItem\",\"position\":2,\"name\":\"\u041b\u0430 \u0421\u0438\u0432\u043e\u043b\u044c\u0435\u0440\"}]},{\"@type\":\"WebSite\",\"@id\":\"https:\/\/www.hotel-la-sivoliere.com\/ru\/#website\",\"url\":\"https:\/\/www.hotel-la-sivoliere.com\/ru\/\",\"name\":\"Hotel La Sivoliere\",\"description\":\"\",\"potentialAction\":[{\"@type\":\"SearchAction\",\"target\":{\"@type\":\"EntryPoint\",\"urlTemplate\":\"https:\/\/www.hotel-la-sivoliere.com\/ru\/?s={search_term_string}\"},\"query-input\":{\"@type\":\"PropertyValueSpecification\",\"valueRequired\":true,\"valueName\":\"search_term_string\"}}],\"inLanguage\":\"ru-RU\"}]}<\/script>\n<!-- \/ Yoast SEO plugin. -->","yoast_head_json":{"title":"\u041b\u0430 \u0421\u0438\u0432\u043e\u043b\u044c\u0435\u0440 - Hotel La Sivoliere","description":"Inutile de vous pr\u00e9senter Courchevel, l\u2019une des stations de ski les plus r\u00e9put\u00e9es. Situ\u00e9e au-dessus de quatre autres stations baln\u00e9aires de la c\u00e9l\u00e8bre","robots":{"index":"index","follow":"follow","max-snippet":"max-snippet:-1","max-image-preview":"max-image-preview:large","max-video-preview":"max-video-preview:-1"},"canonical":"https:\/\/www.hotel-la-sivoliere.com\/ru\/","og_locale":"ru_RU","og_type":"article","og_title":"\u041b\u0430 \u0421\u0438\u0432\u043e\u043b\u044c\u0435\u0440 - Hotel La Sivoliere","og_description":"Inutile de vous pr\u00e9senter Courchevel, l\u2019une des stations de ski les plus r\u00e9put\u00e9es. Situ\u00e9e au-dessus de quatre autres stations baln\u00e9aires de la c\u00e9l\u00e8bre","og_url":"https:\/\/www.hotel-la-sivoliere.com\/ru\/","og_site_name":"Hotel La Sivoliere","article_modified_time":"2025-04-07T12:40:54+00:00","twitter_card":"summary_large_image","twitter_misc":{"\u041f\u0440\u0438\u043c\u0435\u0440\u043d\u043e\u0435 \u0432\u0440\u0435\u043c\u044f \u0434\u043b\u044f \u0447\u0442\u0435\u043d\u0438\u044f":"1 \u043c\u0438\u043d\u0443\u0442\u0430"},"schema":{"@context":"https:\/\/schema.org","@graph":[{"@type":"WebPage","@id":"https:\/\/www.hotel-la-sivoliere.com\/ru\/","url":"https:\/\/www.hotel-la-sivoliere.com\/ru\/","name":"\u041b\u0430 \u0421\u0438\u0432\u043e\u043b\u044c\u0435\u0440 - Hotel La Sivoliere","isPartOf":{"@id":"https:\/\/www.hotel-la-sivoliere.com\/ru\/#website"},"datePublished":"2019-09-27T09:07:55+00:00","dateModified":"2025-04-07T12:40:54+00:00","description":"Inutile de vous pr\u00e9senter Courchevel, l\u2019une des stations de ski les plus r\u00e9put\u00e9es. Situ\u00e9e au-dessus de quatre autres stations baln\u00e9aires de la c\u00e9l\u00e8bre","breadcrumb":{"@id":"https:\/\/www.hotel-la-sivoliere.com\/ru\/#breadcrumb"},"inLanguage":"ru-RU","potentialAction":[{"@type":"ReadAction","target":["https:\/\/www.hotel-la-sivoliere.com\/ru\/"]}]},{"@type":"BreadcrumbList","@id":"https:\/\/www.hotel-la-sivoliere.com\/ru\/#breadcrumb","itemListElement":[{"@type":"ListItem","position":1,"name":"Home","item":"https:\/\/www.hotel-la-sivoliere.com\/ru\/"},{"@type":"ListItem","position":2,"name":"\u041b\u0430 \u0421\u0438\u0432\u043e\u043b\u044c\u0435\u0440"}]},{"@type":"WebSite","@id":"https:\/\/www.hotel-la-sivoliere.com\/ru\/#website","url":"https:\/\/www.hotel-la-sivoliere.com\/ru\/","name":"Hotel La Sivoliere","description":"","potentialAction":[{"@type":"SearchAction","target":{"@type":"EntryPoint","urlTemplate":"https:\/\/www.hotel-la-sivoliere.com\/ru\/?s={search_term_string}"},"query-input":{"@type":"PropertyValueSpecification","valueRequired":true,"valueName":"search_term_string"}}],"inLanguage":"ru-RU"}]}},"acf":[],"_links":{"self":[{"href":"https:\/\/www.hotel-la-sivoliere.com\/ru\/wp-json\/wp\/v2\/pages\/915","targetHints":{"allow":["GET"]}}],"collection":[{"href":"https:\/\/www.hotel-la-sivoliere.com\/ru\/wp-json\/wp\/v2\/pages"}],"about":[{"href":"https:\/\/www.hotel-la-sivoliere.com\/ru\/wp-json\/wp\/v2\/types\/page"}],"author":[{"embeddable":true,"href":"https:\/\/www.hotel-la-sivoliere.com\/ru\/wp-json\/wp\/v2\/users\/4"}],"replies":[{"embeddable":true,"href":"https:\/\/www.hotel-la-sivoliere.com\/ru\/wp-json\/wp\/v2\/comments?post=915"}],"version-history":[{"count":0,"href":"https:\/\/www.hotel-la-sivoliere.com\/ru\/wp-json\/wp\/v2\/pages\/915\/revisions"}],"wp:attachment":[{"href":"https:\/\/www.hotel-la-sivoliere.com\/ru\/wp-json\/wp\/v2\/media?parent=915"}],"curies":[{"name":"wp","href":"https:\/\/api.w.org\/{rel}","templated":true}]}}