{"id":914,"date":"2019-09-27T08:56:06","date_gmt":"2019-09-27T08:56:06","guid":{"rendered":"http:\/\/hotel-la-sivoliere.ms.decms.eu\/?page_id=914"},"modified":"2020-09-22T13:16:38","modified_gmt":"2020-09-22T13:16:38","slug":"mencoes-legais","status":"publish","type":"page","link":"https:\/\/www.hotel-la-sivoliere.com\/pt-br\/mencoes-legais\/","title":{"rendered":"Men\u00e7\u00f5es legais"},"content":{"rendered":"<p><strong>Men\u00e7\u00f5es legais<\/strong><br \/>\nEm vigor em 01\/07\/2019<\/p>\n<p>De acordo com as disposi\u00e7\u00f5es dos artigos 6-III e 19 da Lei n\u00ba 2004-575, de 21 de junho de 2004, relativa \u00e0 Confian\u00e7a na economia digital, conhecida como L.C.E.N. (das iniciais em franc\u00eas), essas men\u00e7\u00f5es legais s\u00e3o trazidas ao conhecimento dos usu\u00e1rios do site.<br \/>\nA conex\u00e3o e navega\u00e7\u00e3o no site (indicar o nome do site) pelo Usu\u00e1rio implica na aceita\u00e7\u00e3o integral e sem reservas dessas men\u00e7\u00f5es legais.<br \/>\nEssas \u00faltimas est\u00e3o dispon\u00edveis no site sob o t\u00edtulo \u201cMen\u00e7\u00f5es legais\u201d.<\/p>\n<p><strong>ARTIGO 1:<\/strong> O editor<br \/>\nA edi\u00e7\u00e3o do site \u00e9 assegurada pela empresa SAS La V\u00e9randa \/ H\u00f4tel la Sivoli\u00e8re com um capital de 38 398 970 euros, inscrita no RCS de CHAMBERY sob 421 190 281<br \/>\nN\u00b0 de IVA intracomunit\u00e1rio: FR 64421190281<br \/>\nSiret 421 190 281 00020<br \/>\nC\u00f3digo NAF 5510Z IVA: FR 64421190281<\/p>\n<p><strong>ARTIGO 2:<\/strong> O host<br \/>\nO host do site \u00e9 a empresa D-EDGE, cuja sede est\u00e1 localizada em 14\/16, Boulevard Poissonni\u00e8re &#8211; 75009 Paris, com o n\u00famero de telefone: +33 1 44 71 05 05.<\/p>\n<p>Propriedade industrial e intelectual:<\/p>\n<p>Todas as informa\u00e7\u00f5es reproduzidas neste site (textos, fotos, logotipos, etc.) s\u00e3o protegidas por direitos de propriedade intelectual detidos pelo \u201cHotel La Sivoli\u00e8re\u201d ou por seus parceiros.<\/p>\n<p>Portanto, nenhuma dessas informa\u00e7\u00f5es pode ser reproduzida, modificada, republicada, traduzida, explorada comercialmente ou reutilizada de qualquer forma sem o consentimento pr\u00e9vio por escrito do \u201cHotel La Sivoli\u00e8re\u201d.<\/p>\n<p>O t\u00edtulo, o design, o formato do site <a href=\"https:\/\/www.hotel-la-sivoliere.com\/pt-pt\/\">www.hotel-la-sivoliere.com<\/a>, mas tamb\u00e9m o conte\u00fado, como as not\u00edcias, descri\u00e7\u00f5es, ilustra\u00e7\u00f5es e imagens originais e sua organiza\u00e7\u00e3o, al\u00e9m de qualquer compila\u00e7\u00e3o de software, c\u00f3digo fonte b\u00e1sico e outros elementos contidos no site <a href=\"https:\/\/www.hotel-la-sivoliere.com\/pt-pt\/\">www.hotel-la-sivoliere.com<\/a> s\u00e3o de propriedade do \u201cHotel La Sivoli\u00e8re\u201d.<\/p>\n<p><strong>CREDITOS DAS FOTOGRAFIAS<\/strong> : Adrien Berthod \/ Guillaume de Laubier \/ shutterstock \/ Ilove.e<\/p>\n","protected":false},"excerpt":{"rendered":"<p>Men\u00e7\u00f5es legais Em vigor em 01\/07\/2019 De acordo com as disposi\u00e7\u00f5es dos artigos 6-III e 19 da Lei n\u00ba 2004-575, de 21 de junho de 2004, relativa \u00e0 Confian\u00e7a na economia digital, conhecida como L.C.E.N. (das iniciais em franc\u00eas), essas men\u00e7\u00f5es legais s\u00e3o trazidas ao conhecimento dos usu\u00e1rios do site. A conex\u00e3o e navega\u00e7\u00e3o no [&hellip;]<\/p>\n","protected":false},"author":4,"featured_media":0,"parent":0,"menu_order":120,"comment_status":"closed","ping_status":"closed","template":"template-privacy.php","meta":{"footnotes":""},"class_list":["post-914","page","type-page","status-publish","hentry"],"yoast_head":"<!-- This site is optimized with the Yoast SEO plugin v26.9 - https:\/\/yoast.com\/product\/yoast-seo-wordpress\/ -->\n<title>La Sivoli\u00e8re - Spa Hotel Courchevel 1850 - Men\u00e7\u00f5es legais<\/title>\n<meta name=\"description\" content=\"Men\u00e7\u00f5es legais Em vigor em 01\/07\/2019 De acordo com as disposi\u00e7\u00f5es dos artigos 6-III e 19 da Lei n\u00ba 2004-575, de 21 de junho de 2004, relativa \u00e0 Confian\u00e7a\" \/>\n<meta name=\"robots\" content=\"index, follow, max-snippet:-1, max-image-preview:large, max-video-preview:-1\" \/>\n<link rel=\"canonical\" href=\"https:\/\/www.hotel-la-sivoliere.com\/pt-br\/mencoes-legais\/\" \/>\n<meta property=\"og:locale\" content=\"pt_BR\" \/>\n<meta property=\"og:type\" content=\"article\" \/>\n<meta property=\"og:title\" content=\"La Sivoli\u00e8re - Spa Hotel Courchevel 1850 - Men\u00e7\u00f5es legais\" \/>\n<meta property=\"og:description\" content=\"Men\u00e7\u00f5es legais Em vigor em 01\/07\/2019 De acordo com as disposi\u00e7\u00f5es dos artigos 6-III e 19 da Lei n\u00ba 2004-575, de 21 de junho de 2004, relativa \u00e0 Confian\u00e7a\" \/>\n<meta property=\"og:url\" content=\"https:\/\/www.hotel-la-sivoliere.com\/pt-br\/mencoes-legais\/\" \/>\n<meta property=\"og:site_name\" content=\"Hotel La Sivoliere\" \/>\n<meta property=\"article:modified_time\" content=\"2020-09-22T13:16:38+00:00\" \/>\n<meta name=\"twitter:card\" content=\"summary_large_image\" \/>\n<meta name=\"twitter:label1\" content=\"Est. tempo de leitura\" \/>\n\t<meta name=\"twitter:data1\" content=\"2 minutos\" \/>\n<script type=\"application\/ld+json\" class=\"yoast-schema-graph\">{\"@context\":\"https:\/\/schema.org\",\"@graph\":[{\"@type\":\"WebPage\",\"@id\":\"https:\/\/www.hotel-la-sivoliere.com\/pt-br\/mencoes-legais\/\",\"url\":\"https:\/\/www.hotel-la-sivoliere.com\/pt-br\/mencoes-legais\/\",\"name\":\"La Sivoli\u00e8re - Spa Hotel Courchevel 1850 - Men\u00e7\u00f5es legais\",\"isPartOf\":{\"@id\":\"https:\/\/www.hotel-la-sivoliere.com\/pt-br\/#website\"},\"datePublished\":\"2019-09-27T08:56:06+00:00\",\"dateModified\":\"2020-09-22T13:16:38+00:00\",\"description\":\"Men\u00e7\u00f5es legais Em vigor em 01\/07\/2019 De acordo com as disposi\u00e7\u00f5es dos artigos 6-III e 19 da Lei n\u00ba 2004-575, de 21 de junho de 2004, relativa \u00e0 Confian\u00e7a\",\"breadcrumb\":{\"@id\":\"https:\/\/www.hotel-la-sivoliere.com\/pt-br\/mencoes-legais\/#breadcrumb\"},\"inLanguage\":\"pt-BR\",\"potentialAction\":[{\"@type\":\"ReadAction\",\"target\":[\"https:\/\/www.hotel-la-sivoliere.com\/pt-br\/mencoes-legais\/\"]}]},{\"@type\":\"BreadcrumbList\",\"@id\":\"https:\/\/www.hotel-la-sivoliere.com\/pt-br\/mencoes-legais\/#breadcrumb\",\"itemListElement\":[{\"@type\":\"ListItem\",\"position\":1,\"name\":\"Home\",\"item\":\"https:\/\/www.hotel-la-sivoliere.com\/pt-br\/\"},{\"@type\":\"ListItem\",\"position\":2,\"name\":\"Men\u00e7\u00f5es legais\"}]},{\"@type\":\"WebSite\",\"@id\":\"https:\/\/www.hotel-la-sivoliere.com\/pt-br\/#website\",\"url\":\"https:\/\/www.hotel-la-sivoliere.com\/pt-br\/\",\"name\":\"Hotel La Sivoliere\",\"description\":\"\",\"potentialAction\":[{\"@type\":\"SearchAction\",\"target\":{\"@type\":\"EntryPoint\",\"urlTemplate\":\"https:\/\/www.hotel-la-sivoliere.com\/pt-br\/?s={search_term_string}\"},\"query-input\":{\"@type\":\"PropertyValueSpecification\",\"valueRequired\":true,\"valueName\":\"search_term_string\"}}],\"inLanguage\":\"pt-BR\"}]}<\/script>\n<!-- \/ Yoast SEO plugin. -->","yoast_head_json":{"title":"La Sivoli\u00e8re - Spa Hotel Courchevel 1850 - Men\u00e7\u00f5es legais","description":"Men\u00e7\u00f5es legais Em vigor em 01\/07\/2019 De acordo com as disposi\u00e7\u00f5es dos artigos 6-III e 19 da Lei n\u00ba 2004-575, de 21 de junho de 2004, relativa \u00e0 Confian\u00e7a","robots":{"index":"index","follow":"follow","max-snippet":"max-snippet:-1","max-image-preview":"max-image-preview:large","max-video-preview":"max-video-preview:-1"},"canonical":"https:\/\/www.hotel-la-sivoliere.com\/pt-br\/mencoes-legais\/","og_locale":"pt_BR","og_type":"article","og_title":"La Sivoli\u00e8re - Spa Hotel Courchevel 1850 - Men\u00e7\u00f5es legais","og_description":"Men\u00e7\u00f5es legais Em vigor em 01\/07\/2019 De acordo com as disposi\u00e7\u00f5es dos artigos 6-III e 19 da Lei n\u00ba 2004-575, de 21 de junho de 2004, relativa \u00e0 Confian\u00e7a","og_url":"https:\/\/www.hotel-la-sivoliere.com\/pt-br\/mencoes-legais\/","og_site_name":"Hotel La Sivoliere","article_modified_time":"2020-09-22T13:16:38+00:00","twitter_card":"summary_large_image","twitter_misc":{"Est. tempo de leitura":"2 minutos"},"schema":{"@context":"https:\/\/schema.org","@graph":[{"@type":"WebPage","@id":"https:\/\/www.hotel-la-sivoliere.com\/pt-br\/mencoes-legais\/","url":"https:\/\/www.hotel-la-sivoliere.com\/pt-br\/mencoes-legais\/","name":"La Sivoli\u00e8re - Spa Hotel Courchevel 1850 - Men\u00e7\u00f5es legais","isPartOf":{"@id":"https:\/\/www.hotel-la-sivoliere.com\/pt-br\/#website"},"datePublished":"2019-09-27T08:56:06+00:00","dateModified":"2020-09-22T13:16:38+00:00","description":"Men\u00e7\u00f5es legais Em vigor em 01\/07\/2019 De acordo com as disposi\u00e7\u00f5es dos artigos 6-III e 19 da Lei n\u00ba 2004-575, de 21 de junho de 2004, relativa \u00e0 Confian\u00e7a","breadcrumb":{"@id":"https:\/\/www.hotel-la-sivoliere.com\/pt-br\/mencoes-legais\/#breadcrumb"},"inLanguage":"pt-BR","potentialAction":[{"@type":"ReadAction","target":["https:\/\/www.hotel-la-sivoliere.com\/pt-br\/mencoes-legais\/"]}]},{"@type":"BreadcrumbList","@id":"https:\/\/www.hotel-la-sivoliere.com\/pt-br\/mencoes-legais\/#breadcrumb","itemListElement":[{"@type":"ListItem","position":1,"name":"Home","item":"https:\/\/www.hotel-la-sivoliere.com\/pt-br\/"},{"@type":"ListItem","position":2,"name":"Men\u00e7\u00f5es legais"}]},{"@type":"WebSite","@id":"https:\/\/www.hotel-la-sivoliere.com\/pt-br\/#website","url":"https:\/\/www.hotel-la-sivoliere.com\/pt-br\/","name":"Hotel La Sivoliere","description":"","potentialAction":[{"@type":"SearchAction","target":{"@type":"EntryPoint","urlTemplate":"https:\/\/www.hotel-la-sivoliere.com\/pt-br\/?s={search_term_string}"},"query-input":{"@type":"PropertyValueSpecification","valueRequired":true,"valueName":"search_term_string"}}],"inLanguage":"pt-BR"}]}},"acf":[],"_links":{"self":[{"href":"https:\/\/www.hotel-la-sivoliere.com\/pt-br\/wp-json\/wp\/v2\/pages\/914","targetHints":{"allow":["GET"]}}],"collection":[{"href":"https:\/\/www.hotel-la-sivoliere.com\/pt-br\/wp-json\/wp\/v2\/pages"}],"about":[{"href":"https:\/\/www.hotel-la-sivoliere.com\/pt-br\/wp-json\/wp\/v2\/types\/page"}],"author":[{"embeddable":true,"href":"https:\/\/www.hotel-la-sivoliere.com\/pt-br\/wp-json\/wp\/v2\/users\/4"}],"replies":[{"embeddable":true,"href":"https:\/\/www.hotel-la-sivoliere.com\/pt-br\/wp-json\/wp\/v2\/comments?post=914"}],"version-history":[{"count":0,"href":"https:\/\/www.hotel-la-sivoliere.com\/pt-br\/wp-json\/wp\/v2\/pages\/914\/revisions"}],"wp:attachment":[{"href":"https:\/\/www.hotel-la-sivoliere.com\/pt-br\/wp-json\/wp\/v2\/media?parent=914"}],"curies":[{"name":"wp","href":"https:\/\/api.w.org\/{rel}","templated":true}]}}