{"id":907,"date":"2019-09-27T08:35:04","date_gmt":"2019-09-27T08:35:04","guid":{"rendered":"http:\/\/hotel-la-sivoliere.ms.decms.eu\/?page_id=907"},"modified":"2021-10-12T15:13:16","modified_gmt":"2021-10-12T15:13:16","slug":"as-funcoes-do-la-sivoliere","status":"publish","type":"page","link":"https:\/\/www.hotel-la-sivoliere.com\/pt-br\/as-funcoes-do-la-sivoliere\/","title":{"rendered":"As fun\u00e7\u00f5es do La Sivoli\u00e8re"},"content":{"rendered":"<p>Da recep\u00e7\u00e3o \u00e0s cozinhas, passando pelo servi\u00e7o de quarto, \u00e1reas comuns e de concierge, a equipe do La Sivoli\u00e8re procura novos membros para a temporada de inverno. Recrutamos talentos apaixonados que incorporem o esp\u00edrito do hotel, que oferece um servi\u00e7o cinco estrelas em um ambiente acolhedor.<\/p>\n<p>O La Sivoli\u00e8re oferece posi\u00e7\u00f5es que incluem alojamento, refei\u00e7\u00f5es e roupas e equipamentos lavados. Trabalhar como trabalhador tempor\u00e1rio em Courchevel tem muitas vantagens: as lojas, os servi\u00e7os e os restaurantes de Courchevel geralmente oferecem descontos para os trabalhadores tempor\u00e1rios, enquanto os servi\u00e7os de traslados gratuitos permitem que voc\u00ea circule pela esta\u00e7\u00e3o de esqui.<\/p>\n<p>Esperamos sua inscri\u00e7\u00e3o por e-mail em <a href=\"mailto:rh@sivoliere.fr\"><strong>rh@sivoliere.fr<\/strong><\/a>.<\/p>\n","protected":false},"excerpt":{"rendered":"<p>Da recep\u00e7\u00e3o \u00e0s cozinhas, passando pelo servi\u00e7o de quarto, \u00e1reas comuns e de concierge, a equipe do La Sivoli\u00e8re procura novos membros para a temporada de inverno. Recrutamos talentos apaixonados que incorporem o esp\u00edrito do hotel, que oferece um servi\u00e7o cinco estrelas em um ambiente acolhedor. O La Sivoli\u00e8re oferece posi\u00e7\u00f5es que incluem alojamento, refei\u00e7\u00f5es [&hellip;]<\/p>\n","protected":false},"author":4,"featured_media":0,"parent":0,"menu_order":110,"comment_status":"closed","ping_status":"closed","template":"","meta":{"footnotes":""},"class_list":["post-907","page","type-page","status-publish","hentry"],"yoast_head":"<!-- This site is optimized with the Yoast SEO plugin v26.9 - https:\/\/yoast.com\/product\/yoast-seo-wordpress\/ -->\n<title>As fun\u00e7\u00f5es do La Sivoli\u00e8re - Hotel La Sivoliere<\/title>\n<meta name=\"description\" content=\"Da recep\u00e7\u00e3o \u00e0s cozinhas, passando pelo servi\u00e7o de quarto, \u00e1reas comuns e de concierge, a equipe do La Sivoli\u00e8re procura novos membros para a temporada de\" \/>\n<meta name=\"robots\" content=\"index, follow, max-snippet:-1, max-image-preview:large, max-video-preview:-1\" \/>\n<link rel=\"canonical\" href=\"https:\/\/www.hotel-la-sivoliere.com\/pt-br\/as-funcoes-do-la-sivoliere\/\" \/>\n<meta property=\"og:locale\" content=\"pt_BR\" \/>\n<meta property=\"og:type\" content=\"article\" \/>\n<meta property=\"og:title\" content=\"As fun\u00e7\u00f5es do La Sivoli\u00e8re - Hotel La Sivoliere\" \/>\n<meta property=\"og:description\" content=\"Da recep\u00e7\u00e3o \u00e0s cozinhas, passando pelo servi\u00e7o de quarto, \u00e1reas comuns e de concierge, a equipe do La Sivoli\u00e8re procura novos membros para a temporada de\" \/>\n<meta property=\"og:url\" content=\"https:\/\/www.hotel-la-sivoliere.com\/pt-br\/as-funcoes-do-la-sivoliere\/\" \/>\n<meta property=\"og:site_name\" content=\"Hotel La Sivoliere\" \/>\n<meta property=\"article:modified_time\" content=\"2021-10-12T15:13:16+00:00\" \/>\n<meta name=\"twitter:card\" content=\"summary_large_image\" \/>\n<meta name=\"twitter:label1\" content=\"Est. tempo de leitura\" \/>\n\t<meta name=\"twitter:data1\" content=\"1 minuto\" \/>\n<script type=\"application\/ld+json\" class=\"yoast-schema-graph\">{\"@context\":\"https:\/\/schema.org\",\"@graph\":[{\"@type\":\"WebPage\",\"@id\":\"https:\/\/www.hotel-la-sivoliere.com\/pt-br\/as-funcoes-do-la-sivoliere\/\",\"url\":\"https:\/\/www.hotel-la-sivoliere.com\/pt-br\/as-funcoes-do-la-sivoliere\/\",\"name\":\"As fun\u00e7\u00f5es do La Sivoli\u00e8re - Hotel La Sivoliere\",\"isPartOf\":{\"@id\":\"https:\/\/www.hotel-la-sivoliere.com\/pt-br\/#website\"},\"datePublished\":\"2019-09-27T08:35:04+00:00\",\"dateModified\":\"2021-10-12T15:13:16+00:00\",\"description\":\"Da recep\u00e7\u00e3o \u00e0s cozinhas, passando pelo servi\u00e7o de quarto, \u00e1reas comuns e de concierge, a equipe do La Sivoli\u00e8re procura novos membros para a temporada de\",\"breadcrumb\":{\"@id\":\"https:\/\/www.hotel-la-sivoliere.com\/pt-br\/as-funcoes-do-la-sivoliere\/#breadcrumb\"},\"inLanguage\":\"pt-BR\",\"potentialAction\":[{\"@type\":\"ReadAction\",\"target\":[\"https:\/\/www.hotel-la-sivoliere.com\/pt-br\/as-funcoes-do-la-sivoliere\/\"]}]},{\"@type\":\"BreadcrumbList\",\"@id\":\"https:\/\/www.hotel-la-sivoliere.com\/pt-br\/as-funcoes-do-la-sivoliere\/#breadcrumb\",\"itemListElement\":[{\"@type\":\"ListItem\",\"position\":1,\"name\":\"Home\",\"item\":\"https:\/\/www.hotel-la-sivoliere.com\/pt-br\/\"},{\"@type\":\"ListItem\",\"position\":2,\"name\":\"As fun\u00e7\u00f5es do La Sivoli\u00e8re\"}]},{\"@type\":\"WebSite\",\"@id\":\"https:\/\/www.hotel-la-sivoliere.com\/pt-br\/#website\",\"url\":\"https:\/\/www.hotel-la-sivoliere.com\/pt-br\/\",\"name\":\"Hotel La Sivoliere\",\"description\":\"\",\"potentialAction\":[{\"@type\":\"SearchAction\",\"target\":{\"@type\":\"EntryPoint\",\"urlTemplate\":\"https:\/\/www.hotel-la-sivoliere.com\/pt-br\/?s={search_term_string}\"},\"query-input\":{\"@type\":\"PropertyValueSpecification\",\"valueRequired\":true,\"valueName\":\"search_term_string\"}}],\"inLanguage\":\"pt-BR\"}]}<\/script>\n<!-- \/ Yoast SEO plugin. -->","yoast_head_json":{"title":"As fun\u00e7\u00f5es do La Sivoli\u00e8re - Hotel La Sivoliere","description":"Da recep\u00e7\u00e3o \u00e0s cozinhas, passando pelo servi\u00e7o de quarto, \u00e1reas comuns e de concierge, a equipe do La Sivoli\u00e8re procura novos membros para a temporada de","robots":{"index":"index","follow":"follow","max-snippet":"max-snippet:-1","max-image-preview":"max-image-preview:large","max-video-preview":"max-video-preview:-1"},"canonical":"https:\/\/www.hotel-la-sivoliere.com\/pt-br\/as-funcoes-do-la-sivoliere\/","og_locale":"pt_BR","og_type":"article","og_title":"As fun\u00e7\u00f5es do La Sivoli\u00e8re - Hotel La Sivoliere","og_description":"Da recep\u00e7\u00e3o \u00e0s cozinhas, passando pelo servi\u00e7o de quarto, \u00e1reas comuns e de concierge, a equipe do La Sivoli\u00e8re procura novos membros para a temporada de","og_url":"https:\/\/www.hotel-la-sivoliere.com\/pt-br\/as-funcoes-do-la-sivoliere\/","og_site_name":"Hotel La Sivoliere","article_modified_time":"2021-10-12T15:13:16+00:00","twitter_card":"summary_large_image","twitter_misc":{"Est. tempo de leitura":"1 minuto"},"schema":{"@context":"https:\/\/schema.org","@graph":[{"@type":"WebPage","@id":"https:\/\/www.hotel-la-sivoliere.com\/pt-br\/as-funcoes-do-la-sivoliere\/","url":"https:\/\/www.hotel-la-sivoliere.com\/pt-br\/as-funcoes-do-la-sivoliere\/","name":"As fun\u00e7\u00f5es do La Sivoli\u00e8re - Hotel La Sivoliere","isPartOf":{"@id":"https:\/\/www.hotel-la-sivoliere.com\/pt-br\/#website"},"datePublished":"2019-09-27T08:35:04+00:00","dateModified":"2021-10-12T15:13:16+00:00","description":"Da recep\u00e7\u00e3o \u00e0s cozinhas, passando pelo servi\u00e7o de quarto, \u00e1reas comuns e de concierge, a equipe do La Sivoli\u00e8re procura novos membros para a temporada de","breadcrumb":{"@id":"https:\/\/www.hotel-la-sivoliere.com\/pt-br\/as-funcoes-do-la-sivoliere\/#breadcrumb"},"inLanguage":"pt-BR","potentialAction":[{"@type":"ReadAction","target":["https:\/\/www.hotel-la-sivoliere.com\/pt-br\/as-funcoes-do-la-sivoliere\/"]}]},{"@type":"BreadcrumbList","@id":"https:\/\/www.hotel-la-sivoliere.com\/pt-br\/as-funcoes-do-la-sivoliere\/#breadcrumb","itemListElement":[{"@type":"ListItem","position":1,"name":"Home","item":"https:\/\/www.hotel-la-sivoliere.com\/pt-br\/"},{"@type":"ListItem","position":2,"name":"As fun\u00e7\u00f5es do La Sivoli\u00e8re"}]},{"@type":"WebSite","@id":"https:\/\/www.hotel-la-sivoliere.com\/pt-br\/#website","url":"https:\/\/www.hotel-la-sivoliere.com\/pt-br\/","name":"Hotel La Sivoliere","description":"","potentialAction":[{"@type":"SearchAction","target":{"@type":"EntryPoint","urlTemplate":"https:\/\/www.hotel-la-sivoliere.com\/pt-br\/?s={search_term_string}"},"query-input":{"@type":"PropertyValueSpecification","valueRequired":true,"valueName":"search_term_string"}}],"inLanguage":"pt-BR"}]}},"acf":[],"_links":{"self":[{"href":"https:\/\/www.hotel-la-sivoliere.com\/pt-br\/wp-json\/wp\/v2\/pages\/907","targetHints":{"allow":["GET"]}}],"collection":[{"href":"https:\/\/www.hotel-la-sivoliere.com\/pt-br\/wp-json\/wp\/v2\/pages"}],"about":[{"href":"https:\/\/www.hotel-la-sivoliere.com\/pt-br\/wp-json\/wp\/v2\/types\/page"}],"author":[{"embeddable":true,"href":"https:\/\/www.hotel-la-sivoliere.com\/pt-br\/wp-json\/wp\/v2\/users\/4"}],"replies":[{"embeddable":true,"href":"https:\/\/www.hotel-la-sivoliere.com\/pt-br\/wp-json\/wp\/v2\/comments?post=907"}],"version-history":[{"count":0,"href":"https:\/\/www.hotel-la-sivoliere.com\/pt-br\/wp-json\/wp\/v2\/pages\/907\/revisions"}],"wp:attachment":[{"href":"https:\/\/www.hotel-la-sivoliere.com\/pt-br\/wp-json\/wp\/v2\/media?parent=907"}],"curies":[{"name":"wp","href":"https:\/\/api.w.org\/{rel}","templated":true}]}}