{"id":904,"date":"2019-09-27T08:20:53","date_gmt":"2019-09-27T08:20:53","guid":{"rendered":"http:\/\/hotel-la-sivoliere.ms.decms.eu\/?page_id=904"},"modified":"2026-01-28T10:39:11","modified_gmt":"2026-01-28T10:39:11","slug":"la-table-de-madame","status":"publish","type":"page","link":"https:\/\/www.hotel-la-sivoliere.com\/pt-br\/bar-e-restaurante\/la-table-de-madame\/","title":{"rendered":"La Table de Madame"},"content":{"rendered":"<p>Uma recep\u00e7\u00e3o calorosa e amig\u00e1vel faz parte das tradi\u00e7\u00f5es alpinas, mas ainda mais do DNA La Sivoliere, este grande chal\u00e9 onde temos o prazer de receb\u00ea-lo todos os invernos.<\/p>\n<p>La Table de Madame \u00e9 o seu lugar acolhedor e compartilhado para almo\u00e7o ou jantar.<\/p>\n<p><strong>HOR\u00c1RIO DO JANTAR: 19h00 \u2013 21h30<\/strong><\/p>\n<p><strong>HOR\u00c1RIO DE ALMO\u00c7O: 12h00 \u00e0s 14h00<\/strong><\/p>\n<p>&nbsp;<\/p>\n<p><span style=\"text-decoration: underline\"><a href=\"https:\/\/www.hotel-la-sivoliere.com\/wp-content\/uploads\/sites\/54\/2025\/12\/Carte-Restaurant-25-26-ENG.pdf\" target=\"_blank\" rel=\"noopener\"><strong>Card\u00e1pio do jantar<\/strong><\/a><\/span><\/p>\n<p><span style=\"text-decoration: underline\"><strong><a href=\"https:\/\/www.hotel-la-sivoliere.com\/wp-content\/uploads\/sites\/54\/2025\/12\/Carte-dejeuner-2025-26.pdf\" target=\"_blank\" rel=\"noopener\">Card\u00e1pio do almo\u00e7o<\/a><\/strong><\/span><\/p>\n","protected":false},"excerpt":{"rendered":"<p>Uma recep\u00e7\u00e3o calorosa e amig\u00e1vel faz parte das tradi\u00e7\u00f5es alpinas, mas ainda mais do DNA La Sivoliere, este grande chal\u00e9 onde temos o prazer de receb\u00ea-lo todos os invernos. La Table de Madame \u00e9 o seu lugar acolhedor e compartilhado para almo\u00e7o ou jantar. HOR\u00c1RIO DO JANTAR: 19h00 \u2013 21h30 HOR\u00c1RIO DE ALMO\u00c7O: 12h00 \u00e0s [&hellip;]<\/p>\n","protected":false},"author":4,"featured_media":1780,"parent":900,"menu_order":10,"comment_status":"closed","ping_status":"closed","template":"template-sigle-restaurant.php","meta":{"footnotes":""},"class_list":["post-904","page","type-page","status-publish","has-post-thumbnail","hentry"],"yoast_head":"<!-- This site is optimized with the Yoast SEO plugin v26.9 - https:\/\/yoast.com\/product\/yoast-seo-wordpress\/ -->\n<title>La Table de Madame - Hotel La Sivoliere<\/title>\n<meta name=\"description\" content=\"Uma recep\u00e7\u00e3o calorosa e amig\u00e1vel faz parte das tradi\u00e7\u00f5es alpinas, mas ainda mais do DNA La Sivoliere, este grande chal\u00e9 onde temos o prazer de receb\u00ea-lo\" \/>\n<meta name=\"robots\" content=\"index, follow, max-snippet:-1, max-image-preview:large, max-video-preview:-1\" \/>\n<link rel=\"canonical\" href=\"https:\/\/www.hotel-la-sivoliere.com\/pt-br\/bar-e-restaurante\/la-table-de-madame\/\" \/>\n<meta property=\"og:locale\" content=\"pt_BR\" \/>\n<meta property=\"og:type\" content=\"article\" \/>\n<meta property=\"og:title\" content=\"La Table de Madame - Hotel La Sivoliere\" \/>\n<meta property=\"og:description\" content=\"Uma recep\u00e7\u00e3o calorosa e amig\u00e1vel faz parte das tradi\u00e7\u00f5es alpinas, mas ainda mais do DNA La Sivoliere, este grande chal\u00e9 onde temos o prazer de receb\u00ea-lo\" \/>\n<meta property=\"og:url\" content=\"https:\/\/www.hotel-la-sivoliere.com\/pt-br\/bar-e-restaurante\/la-table-de-madame\/\" \/>\n<meta property=\"og:site_name\" content=\"Hotel La Sivoliere\" \/>\n<meta property=\"article:modified_time\" content=\"2026-01-28T10:39:11+00:00\" \/>\n<meta property=\"og:image\" content=\"https:\/\/www.hotel-la-sivoliere.com\/wp-content\/uploads\/sites\/54\/2022\/02\/la-sivoliere-courchevel-decembre-2021-31.jpg\" \/>\n\t<meta property=\"og:image:width\" content=\"1200\" \/>\n\t<meta property=\"og:image:height\" content=\"800\" \/>\n\t<meta property=\"og:image:type\" content=\"image\/jpeg\" \/>\n<meta name=\"twitter:card\" content=\"summary_large_image\" \/>\n<meta name=\"twitter:label1\" content=\"Est. tempo de leitura\" \/>\n\t<meta name=\"twitter:data1\" content=\"1 minuto\" \/>\n<script type=\"application\/ld+json\" class=\"yoast-schema-graph\">{\"@context\":\"https:\/\/schema.org\",\"@graph\":[{\"@type\":\"WebPage\",\"@id\":\"https:\/\/www.hotel-la-sivoliere.com\/pt-br\/bar-e-restaurante\/la-table-de-madame\/\",\"url\":\"https:\/\/www.hotel-la-sivoliere.com\/pt-br\/bar-e-restaurante\/la-table-de-madame\/\",\"name\":\"La Table de Madame - Hotel La Sivoliere\",\"isPartOf\":{\"@id\":\"https:\/\/www.hotel-la-sivoliere.com\/pt-br\/#website\"},\"primaryImageOfPage\":{\"@id\":\"https:\/\/www.hotel-la-sivoliere.com\/pt-br\/bar-e-restaurante\/la-table-de-madame\/#primaryimage\"},\"image\":{\"@id\":\"https:\/\/www.hotel-la-sivoliere.com\/pt-br\/bar-e-restaurante\/la-table-de-madame\/#primaryimage\"},\"thumbnailUrl\":\"https:\/\/www.hotel-la-sivoliere.com\/wp-content\/uploads\/sites\/54\/2022\/02\/la-sivoliere-courchevel-decembre-2021-31.jpg\",\"datePublished\":\"2019-09-27T08:20:53+00:00\",\"dateModified\":\"2026-01-28T10:39:11+00:00\",\"description\":\"Uma recep\u00e7\u00e3o calorosa e amig\u00e1vel faz parte das tradi\u00e7\u00f5es alpinas, mas ainda mais do DNA La Sivoliere, este grande chal\u00e9 onde temos o prazer de receb\u00ea-lo\",\"breadcrumb\":{\"@id\":\"https:\/\/www.hotel-la-sivoliere.com\/pt-br\/bar-e-restaurante\/la-table-de-madame\/#breadcrumb\"},\"inLanguage\":\"pt-BR\",\"potentialAction\":[{\"@type\":\"ReadAction\",\"target\":[\"https:\/\/www.hotel-la-sivoliere.com\/pt-br\/bar-e-restaurante\/la-table-de-madame\/\"]}]},{\"@type\":\"ImageObject\",\"inLanguage\":\"pt-BR\",\"@id\":\"https:\/\/www.hotel-la-sivoliere.com\/pt-br\/bar-e-restaurante\/la-table-de-madame\/#primaryimage\",\"url\":\"https:\/\/www.hotel-la-sivoliere.com\/wp-content\/uploads\/sites\/54\/2022\/02\/la-sivoliere-courchevel-decembre-2021-31.jpg\",\"contentUrl\":\"https:\/\/www.hotel-la-sivoliere.com\/wp-content\/uploads\/sites\/54\/2022\/02\/la-sivoliere-courchevel-decembre-2021-31.jpg\",\"width\":1200,\"height\":800},{\"@type\":\"BreadcrumbList\",\"@id\":\"https:\/\/www.hotel-la-sivoliere.com\/pt-br\/bar-e-restaurante\/la-table-de-madame\/#breadcrumb\",\"itemListElement\":[{\"@type\":\"ListItem\",\"position\":1,\"name\":\"Home\",\"item\":\"https:\/\/www.hotel-la-sivoliere.com\/pt-br\/\"},{\"@type\":\"ListItem\",\"position\":2,\"name\":\"Bar e restaurante\",\"item\":\"https:\/\/www.hotel-la-sivoliere.com\/pt-br\/bar-e-restaurante\/\"},{\"@type\":\"ListItem\",\"position\":3,\"name\":\"La Table de Madame\"}]},{\"@type\":\"WebSite\",\"@id\":\"https:\/\/www.hotel-la-sivoliere.com\/pt-br\/#website\",\"url\":\"https:\/\/www.hotel-la-sivoliere.com\/pt-br\/\",\"name\":\"Hotel La Sivoliere\",\"description\":\"\",\"potentialAction\":[{\"@type\":\"SearchAction\",\"target\":{\"@type\":\"EntryPoint\",\"urlTemplate\":\"https:\/\/www.hotel-la-sivoliere.com\/pt-br\/?s={search_term_string}\"},\"query-input\":{\"@type\":\"PropertyValueSpecification\",\"valueRequired\":true,\"valueName\":\"search_term_string\"}}],\"inLanguage\":\"pt-BR\"}]}<\/script>\n<!-- \/ Yoast SEO plugin. -->","yoast_head_json":{"title":"La Table de Madame - Hotel La Sivoliere","description":"Uma recep\u00e7\u00e3o calorosa e amig\u00e1vel faz parte das tradi\u00e7\u00f5es alpinas, mas ainda mais do DNA La Sivoliere, este grande chal\u00e9 onde temos o prazer de receb\u00ea-lo","robots":{"index":"index","follow":"follow","max-snippet":"max-snippet:-1","max-image-preview":"max-image-preview:large","max-video-preview":"max-video-preview:-1"},"canonical":"https:\/\/www.hotel-la-sivoliere.com\/pt-br\/bar-e-restaurante\/la-table-de-madame\/","og_locale":"pt_BR","og_type":"article","og_title":"La Table de Madame - Hotel La Sivoliere","og_description":"Uma recep\u00e7\u00e3o calorosa e amig\u00e1vel faz parte das tradi\u00e7\u00f5es alpinas, mas ainda mais do DNA La Sivoliere, este grande chal\u00e9 onde temos o prazer de receb\u00ea-lo","og_url":"https:\/\/www.hotel-la-sivoliere.com\/pt-br\/bar-e-restaurante\/la-table-de-madame\/","og_site_name":"Hotel La Sivoliere","article_modified_time":"2026-01-28T10:39:11+00:00","og_image":[{"width":1200,"height":800,"url":"https:\/\/www.hotel-la-sivoliere.com\/wp-content\/uploads\/sites\/54\/2022\/02\/la-sivoliere-courchevel-decembre-2021-31.jpg","type":"image\/jpeg"}],"twitter_card":"summary_large_image","twitter_misc":{"Est. tempo de leitura":"1 minuto"},"schema":{"@context":"https:\/\/schema.org","@graph":[{"@type":"WebPage","@id":"https:\/\/www.hotel-la-sivoliere.com\/pt-br\/bar-e-restaurante\/la-table-de-madame\/","url":"https:\/\/www.hotel-la-sivoliere.com\/pt-br\/bar-e-restaurante\/la-table-de-madame\/","name":"La Table de Madame - Hotel La Sivoliere","isPartOf":{"@id":"https:\/\/www.hotel-la-sivoliere.com\/pt-br\/#website"},"primaryImageOfPage":{"@id":"https:\/\/www.hotel-la-sivoliere.com\/pt-br\/bar-e-restaurante\/la-table-de-madame\/#primaryimage"},"image":{"@id":"https:\/\/www.hotel-la-sivoliere.com\/pt-br\/bar-e-restaurante\/la-table-de-madame\/#primaryimage"},"thumbnailUrl":"https:\/\/www.hotel-la-sivoliere.com\/wp-content\/uploads\/sites\/54\/2022\/02\/la-sivoliere-courchevel-decembre-2021-31.jpg","datePublished":"2019-09-27T08:20:53+00:00","dateModified":"2026-01-28T10:39:11+00:00","description":"Uma recep\u00e7\u00e3o calorosa e amig\u00e1vel faz parte das tradi\u00e7\u00f5es alpinas, mas ainda mais do DNA La Sivoliere, este grande chal\u00e9 onde temos o prazer de receb\u00ea-lo","breadcrumb":{"@id":"https:\/\/www.hotel-la-sivoliere.com\/pt-br\/bar-e-restaurante\/la-table-de-madame\/#breadcrumb"},"inLanguage":"pt-BR","potentialAction":[{"@type":"ReadAction","target":["https:\/\/www.hotel-la-sivoliere.com\/pt-br\/bar-e-restaurante\/la-table-de-madame\/"]}]},{"@type":"ImageObject","inLanguage":"pt-BR","@id":"https:\/\/www.hotel-la-sivoliere.com\/pt-br\/bar-e-restaurante\/la-table-de-madame\/#primaryimage","url":"https:\/\/www.hotel-la-sivoliere.com\/wp-content\/uploads\/sites\/54\/2022\/02\/la-sivoliere-courchevel-decembre-2021-31.jpg","contentUrl":"https:\/\/www.hotel-la-sivoliere.com\/wp-content\/uploads\/sites\/54\/2022\/02\/la-sivoliere-courchevel-decembre-2021-31.jpg","width":1200,"height":800},{"@type":"BreadcrumbList","@id":"https:\/\/www.hotel-la-sivoliere.com\/pt-br\/bar-e-restaurante\/la-table-de-madame\/#breadcrumb","itemListElement":[{"@type":"ListItem","position":1,"name":"Home","item":"https:\/\/www.hotel-la-sivoliere.com\/pt-br\/"},{"@type":"ListItem","position":2,"name":"Bar e restaurante","item":"https:\/\/www.hotel-la-sivoliere.com\/pt-br\/bar-e-restaurante\/"},{"@type":"ListItem","position":3,"name":"La Table de Madame"}]},{"@type":"WebSite","@id":"https:\/\/www.hotel-la-sivoliere.com\/pt-br\/#website","url":"https:\/\/www.hotel-la-sivoliere.com\/pt-br\/","name":"Hotel La Sivoliere","description":"","potentialAction":[{"@type":"SearchAction","target":{"@type":"EntryPoint","urlTemplate":"https:\/\/www.hotel-la-sivoliere.com\/pt-br\/?s={search_term_string}"},"query-input":{"@type":"PropertyValueSpecification","valueRequired":true,"valueName":"search_term_string"}}],"inLanguage":"pt-BR"}]}},"acf":[],"_links":{"self":[{"href":"https:\/\/www.hotel-la-sivoliere.com\/pt-br\/wp-json\/wp\/v2\/pages\/904","targetHints":{"allow":["GET"]}}],"collection":[{"href":"https:\/\/www.hotel-la-sivoliere.com\/pt-br\/wp-json\/wp\/v2\/pages"}],"about":[{"href":"https:\/\/www.hotel-la-sivoliere.com\/pt-br\/wp-json\/wp\/v2\/types\/page"}],"author":[{"embeddable":true,"href":"https:\/\/www.hotel-la-sivoliere.com\/pt-br\/wp-json\/wp\/v2\/users\/4"}],"replies":[{"embeddable":true,"href":"https:\/\/www.hotel-la-sivoliere.com\/pt-br\/wp-json\/wp\/v2\/comments?post=904"}],"version-history":[{"count":0,"href":"https:\/\/www.hotel-la-sivoliere.com\/pt-br\/wp-json\/wp\/v2\/pages\/904\/revisions"}],"up":[{"embeddable":true,"href":"https:\/\/www.hotel-la-sivoliere.com\/pt-br\/wp-json\/wp\/v2\/pages\/900"}],"wp:featuredmedia":[{"embeddable":true,"href":"https:\/\/www.hotel-la-sivoliere.com\/pt-br\/wp-json\/wp\/v2\/media\/1780"}],"wp:attachment":[{"href":"https:\/\/www.hotel-la-sivoliere.com\/pt-br\/wp-json\/wp\/v2\/media?parent=904"}],"curies":[{"name":"wp","href":"https:\/\/api.w.org\/{rel}","templated":true}]}}