{"id":901,"date":"2019-09-27T08:15:04","date_gmt":"2019-09-27T08:15:04","guid":{"rendered":"http:\/\/hotel-la-sivoliere.ms.decms.eu\/?page_id=901"},"modified":"2025-12-17T11:35:33","modified_gmt":"2025-12-17T11:35:33","slug":"cafe-da-manha","status":"publish","type":"page","link":"https:\/\/www.hotel-la-sivoliere.com\/pt-br\/bar-e-restaurante\/cafe-da-manha\/","title":{"rendered":"Caf\u00e9 da manh\u00e3"},"content":{"rendered":"<p>O dia promete ser delicioso no buffet do La Sivoli\u00e8re. Das ta\u00e7as de frutas c\u00edtricas e de frutas vermelhas aos deliciosos bolos caseiros de chocolate ou de pistache, nossa sele\u00e7\u00e3o colorida dar\u00e1 alegria aos menos matinais.<\/p>\n","protected":false},"excerpt":{"rendered":"<p>O dia promete ser delicioso no buffet do La Sivoli\u00e8re. Das ta\u00e7as de frutas c\u00edtricas e de frutas vermelhas aos deliciosos bolos caseiros de chocolate ou de pistache, nossa sele\u00e7\u00e3o colorida dar\u00e1 alegria aos menos matinais.<\/p>\n","protected":false},"author":4,"featured_media":0,"parent":900,"menu_order":40,"comment_status":"closed","ping_status":"closed","template":"template-sigle-restaurant.php","meta":{"footnotes":""},"class_list":["post-901","page","type-page","status-publish","hentry"],"yoast_head":"<!-- This site is optimized with the Yoast SEO plugin v26.9 - https:\/\/yoast.com\/product\/yoast-seo-wordpress\/ -->\n<title>Caf\u00e9 da manh\u00e3 - Hotel La Sivoliere<\/title>\n<meta name=\"description\" content=\"O dia promete ser delicioso no buffet do La Sivoli\u00e8re. Das ta\u00e7as de frutas c\u00edtricas e de frutas vermelhas aos deliciosos bolos caseiros de chocolate ou de\" \/>\n<meta name=\"robots\" content=\"index, follow, max-snippet:-1, max-image-preview:large, max-video-preview:-1\" \/>\n<link rel=\"canonical\" href=\"https:\/\/www.hotel-la-sivoliere.com\/pt-br\/bar-e-restaurante\/cafe-da-manha\/\" \/>\n<meta property=\"og:locale\" content=\"pt_BR\" \/>\n<meta property=\"og:type\" content=\"article\" \/>\n<meta property=\"og:title\" content=\"Caf\u00e9 da manh\u00e3 - Hotel La Sivoliere\" \/>\n<meta property=\"og:description\" content=\"O dia promete ser delicioso no buffet do La Sivoli\u00e8re. Das ta\u00e7as de frutas c\u00edtricas e de frutas vermelhas aos deliciosos bolos caseiros de chocolate ou de\" \/>\n<meta property=\"og:url\" content=\"https:\/\/www.hotel-la-sivoliere.com\/pt-br\/bar-e-restaurante\/cafe-da-manha\/\" \/>\n<meta property=\"og:site_name\" content=\"Hotel La Sivoliere\" \/>\n<meta property=\"article:modified_time\" content=\"2025-12-17T11:35:33+00:00\" \/>\n<meta name=\"twitter:card\" content=\"summary_large_image\" \/>\n<meta name=\"twitter:label1\" content=\"Est. tempo de leitura\" \/>\n\t<meta name=\"twitter:data1\" content=\"1 minuto\" \/>\n<script type=\"application\/ld+json\" class=\"yoast-schema-graph\">{\"@context\":\"https:\/\/schema.org\",\"@graph\":[{\"@type\":\"WebPage\",\"@id\":\"https:\/\/www.hotel-la-sivoliere.com\/pt-br\/bar-e-restaurante\/cafe-da-manha\/\",\"url\":\"https:\/\/www.hotel-la-sivoliere.com\/pt-br\/bar-e-restaurante\/cafe-da-manha\/\",\"name\":\"Caf\u00e9 da manh\u00e3 - Hotel La Sivoliere\",\"isPartOf\":{\"@id\":\"https:\/\/www.hotel-la-sivoliere.com\/pt-br\/#website\"},\"datePublished\":\"2019-09-27T08:15:04+00:00\",\"dateModified\":\"2025-12-17T11:35:33+00:00\",\"description\":\"O dia promete ser delicioso no buffet do La Sivoli\u00e8re. Das ta\u00e7as de frutas c\u00edtricas e de frutas vermelhas aos deliciosos bolos caseiros de chocolate ou de\",\"breadcrumb\":{\"@id\":\"https:\/\/www.hotel-la-sivoliere.com\/pt-br\/bar-e-restaurante\/cafe-da-manha\/#breadcrumb\"},\"inLanguage\":\"pt-BR\",\"potentialAction\":[{\"@type\":\"ReadAction\",\"target\":[\"https:\/\/www.hotel-la-sivoliere.com\/pt-br\/bar-e-restaurante\/cafe-da-manha\/\"]}]},{\"@type\":\"BreadcrumbList\",\"@id\":\"https:\/\/www.hotel-la-sivoliere.com\/pt-br\/bar-e-restaurante\/cafe-da-manha\/#breadcrumb\",\"itemListElement\":[{\"@type\":\"ListItem\",\"position\":1,\"name\":\"Home\",\"item\":\"https:\/\/www.hotel-la-sivoliere.com\/pt-br\/\"},{\"@type\":\"ListItem\",\"position\":2,\"name\":\"Bar e restaurante\",\"item\":\"https:\/\/www.hotel-la-sivoliere.com\/pt-br\/bar-e-restaurante\/\"},{\"@type\":\"ListItem\",\"position\":3,\"name\":\"Caf\u00e9 da manh\u00e3\"}]},{\"@type\":\"WebSite\",\"@id\":\"https:\/\/www.hotel-la-sivoliere.com\/pt-br\/#website\",\"url\":\"https:\/\/www.hotel-la-sivoliere.com\/pt-br\/\",\"name\":\"Hotel La Sivoliere\",\"description\":\"\",\"potentialAction\":[{\"@type\":\"SearchAction\",\"target\":{\"@type\":\"EntryPoint\",\"urlTemplate\":\"https:\/\/www.hotel-la-sivoliere.com\/pt-br\/?s={search_term_string}\"},\"query-input\":{\"@type\":\"PropertyValueSpecification\",\"valueRequired\":true,\"valueName\":\"search_term_string\"}}],\"inLanguage\":\"pt-BR\"}]}<\/script>\n<!-- \/ Yoast SEO plugin. -->","yoast_head_json":{"title":"Caf\u00e9 da manh\u00e3 - Hotel La Sivoliere","description":"O dia promete ser delicioso no buffet do La Sivoli\u00e8re. Das ta\u00e7as de frutas c\u00edtricas e de frutas vermelhas aos deliciosos bolos caseiros de chocolate ou de","robots":{"index":"index","follow":"follow","max-snippet":"max-snippet:-1","max-image-preview":"max-image-preview:large","max-video-preview":"max-video-preview:-1"},"canonical":"https:\/\/www.hotel-la-sivoliere.com\/pt-br\/bar-e-restaurante\/cafe-da-manha\/","og_locale":"pt_BR","og_type":"article","og_title":"Caf\u00e9 da manh\u00e3 - Hotel La Sivoliere","og_description":"O dia promete ser delicioso no buffet do La Sivoli\u00e8re. Das ta\u00e7as de frutas c\u00edtricas e de frutas vermelhas aos deliciosos bolos caseiros de chocolate ou de","og_url":"https:\/\/www.hotel-la-sivoliere.com\/pt-br\/bar-e-restaurante\/cafe-da-manha\/","og_site_name":"Hotel La Sivoliere","article_modified_time":"2025-12-17T11:35:33+00:00","twitter_card":"summary_large_image","twitter_misc":{"Est. tempo de leitura":"1 minuto"},"schema":{"@context":"https:\/\/schema.org","@graph":[{"@type":"WebPage","@id":"https:\/\/www.hotel-la-sivoliere.com\/pt-br\/bar-e-restaurante\/cafe-da-manha\/","url":"https:\/\/www.hotel-la-sivoliere.com\/pt-br\/bar-e-restaurante\/cafe-da-manha\/","name":"Caf\u00e9 da manh\u00e3 - Hotel La Sivoliere","isPartOf":{"@id":"https:\/\/www.hotel-la-sivoliere.com\/pt-br\/#website"},"datePublished":"2019-09-27T08:15:04+00:00","dateModified":"2025-12-17T11:35:33+00:00","description":"O dia promete ser delicioso no buffet do La Sivoli\u00e8re. Das ta\u00e7as de frutas c\u00edtricas e de frutas vermelhas aos deliciosos bolos caseiros de chocolate ou de","breadcrumb":{"@id":"https:\/\/www.hotel-la-sivoliere.com\/pt-br\/bar-e-restaurante\/cafe-da-manha\/#breadcrumb"},"inLanguage":"pt-BR","potentialAction":[{"@type":"ReadAction","target":["https:\/\/www.hotel-la-sivoliere.com\/pt-br\/bar-e-restaurante\/cafe-da-manha\/"]}]},{"@type":"BreadcrumbList","@id":"https:\/\/www.hotel-la-sivoliere.com\/pt-br\/bar-e-restaurante\/cafe-da-manha\/#breadcrumb","itemListElement":[{"@type":"ListItem","position":1,"name":"Home","item":"https:\/\/www.hotel-la-sivoliere.com\/pt-br\/"},{"@type":"ListItem","position":2,"name":"Bar e restaurante","item":"https:\/\/www.hotel-la-sivoliere.com\/pt-br\/bar-e-restaurante\/"},{"@type":"ListItem","position":3,"name":"Caf\u00e9 da manh\u00e3"}]},{"@type":"WebSite","@id":"https:\/\/www.hotel-la-sivoliere.com\/pt-br\/#website","url":"https:\/\/www.hotel-la-sivoliere.com\/pt-br\/","name":"Hotel La Sivoliere","description":"","potentialAction":[{"@type":"SearchAction","target":{"@type":"EntryPoint","urlTemplate":"https:\/\/www.hotel-la-sivoliere.com\/pt-br\/?s={search_term_string}"},"query-input":{"@type":"PropertyValueSpecification","valueRequired":true,"valueName":"search_term_string"}}],"inLanguage":"pt-BR"}]}},"acf":[],"_links":{"self":[{"href":"https:\/\/www.hotel-la-sivoliere.com\/pt-br\/wp-json\/wp\/v2\/pages\/901","targetHints":{"allow":["GET"]}}],"collection":[{"href":"https:\/\/www.hotel-la-sivoliere.com\/pt-br\/wp-json\/wp\/v2\/pages"}],"about":[{"href":"https:\/\/www.hotel-la-sivoliere.com\/pt-br\/wp-json\/wp\/v2\/types\/page"}],"author":[{"embeddable":true,"href":"https:\/\/www.hotel-la-sivoliere.com\/pt-br\/wp-json\/wp\/v2\/users\/4"}],"replies":[{"embeddable":true,"href":"https:\/\/www.hotel-la-sivoliere.com\/pt-br\/wp-json\/wp\/v2\/comments?post=901"}],"version-history":[{"count":0,"href":"https:\/\/www.hotel-la-sivoliere.com\/pt-br\/wp-json\/wp\/v2\/pages\/901\/revisions"}],"up":[{"embeddable":true,"href":"https:\/\/www.hotel-la-sivoliere.com\/pt-br\/wp-json\/wp\/v2\/pages\/900"}],"wp:attachment":[{"href":"https:\/\/www.hotel-la-sivoliere.com\/pt-br\/wp-json\/wp\/v2\/media?parent=901"}],"curies":[{"name":"wp","href":"https:\/\/api.w.org\/{rel}","templated":true}]}}