{"id":900,"date":"2019-09-27T08:13:06","date_gmt":"2019-09-27T08:13:06","guid":{"rendered":"http:\/\/hotel-la-sivoliere.ms.decms.eu\/?page_id=900"},"modified":"2023-04-10T07:27:35","modified_gmt":"2023-04-10T07:27:35","slug":"bar-e-restaurante","status":"publish","type":"page","link":"https:\/\/www.hotel-la-sivoliere.com\/pt-br\/bar-e-restaurante\/","title":{"rendered":"Bar e restaurante"},"content":{"rendered":"<p><span style=\"font-weight: 400\">O La Sivoli\u00e8re acolhe voc\u00ea em sua \u00e1rea de restaurantes, de frente para os pinheiros e para as pistas de esqui, para descobrir os sabores aut\u00eanticos preparados com perfei\u00e7\u00e3o pela nosso Chef.<\/span><\/p>\n","protected":false},"excerpt":{"rendered":"<p>O La Sivoli\u00e8re acolhe voc\u00ea em sua \u00e1rea de restaurantes, de frente para os pinheiros e para as pistas de esqui, para descobrir os sabores aut\u00eanticos preparados com perfei\u00e7\u00e3o pela nosso Chef.<\/p>\n","protected":false},"author":4,"featured_media":0,"parent":0,"menu_order":60,"comment_status":"closed","ping_status":"closed","template":"template-restaurants.php","meta":{"footnotes":""},"class_list":["post-900","page","type-page","status-publish","hentry"],"yoast_head":"<!-- This site is optimized with the Yoast SEO plugin v26.9 - https:\/\/yoast.com\/product\/yoast-seo-wordpress\/ -->\n<title>Bar e restaurante - Hotel La Sivoliere<\/title>\n<meta name=\"description\" content=\"O La Sivoli\u00e8re acolhe voc\u00ea em sua \u00e1rea de restaurantes, de frente para os pinheiros e para as pistas de esqui, para descobrir os sabores aut\u00eanticos\" \/>\n<meta name=\"robots\" content=\"index, follow, max-snippet:-1, max-image-preview:large, max-video-preview:-1\" \/>\n<link rel=\"canonical\" href=\"https:\/\/www.hotel-la-sivoliere.com\/pt-br\/bar-e-restaurante\/\" \/>\n<meta property=\"og:locale\" content=\"pt_BR\" \/>\n<meta property=\"og:type\" content=\"article\" \/>\n<meta property=\"og:title\" content=\"Bar e restaurante - Hotel La Sivoliere\" \/>\n<meta property=\"og:description\" content=\"O La Sivoli\u00e8re acolhe voc\u00ea em sua \u00e1rea de restaurantes, de frente para os pinheiros e para as pistas de esqui, para descobrir os sabores aut\u00eanticos\" \/>\n<meta property=\"og:url\" content=\"https:\/\/www.hotel-la-sivoliere.com\/pt-br\/bar-e-restaurante\/\" \/>\n<meta property=\"og:site_name\" content=\"Hotel La Sivoliere\" \/>\n<meta property=\"article:modified_time\" content=\"2023-04-10T07:27:35+00:00\" \/>\n<meta name=\"twitter:card\" content=\"summary_large_image\" \/>\n<meta name=\"twitter:label1\" content=\"Est. tempo de leitura\" \/>\n\t<meta name=\"twitter:data1\" content=\"1 minuto\" \/>\n<script type=\"application\/ld+json\" class=\"yoast-schema-graph\">{\"@context\":\"https:\/\/schema.org\",\"@graph\":[{\"@type\":\"WebPage\",\"@id\":\"https:\/\/www.hotel-la-sivoliere.com\/pt-br\/bar-e-restaurante\/\",\"url\":\"https:\/\/www.hotel-la-sivoliere.com\/pt-br\/bar-e-restaurante\/\",\"name\":\"Bar e restaurante - Hotel La Sivoliere\",\"isPartOf\":{\"@id\":\"https:\/\/www.hotel-la-sivoliere.com\/pt-br\/#website\"},\"datePublished\":\"2019-09-27T08:13:06+00:00\",\"dateModified\":\"2023-04-10T07:27:35+00:00\",\"description\":\"O La Sivoli\u00e8re acolhe voc\u00ea em sua \u00e1rea de restaurantes, de frente para os pinheiros e para as pistas de esqui, para descobrir os sabores aut\u00eanticos\",\"breadcrumb\":{\"@id\":\"https:\/\/www.hotel-la-sivoliere.com\/pt-br\/bar-e-restaurante\/#breadcrumb\"},\"inLanguage\":\"pt-BR\",\"potentialAction\":[{\"@type\":\"ReadAction\",\"target\":[\"https:\/\/www.hotel-la-sivoliere.com\/pt-br\/bar-e-restaurante\/\"]}]},{\"@type\":\"BreadcrumbList\",\"@id\":\"https:\/\/www.hotel-la-sivoliere.com\/pt-br\/bar-e-restaurante\/#breadcrumb\",\"itemListElement\":[{\"@type\":\"ListItem\",\"position\":1,\"name\":\"Home\",\"item\":\"https:\/\/www.hotel-la-sivoliere.com\/pt-br\/\"},{\"@type\":\"ListItem\",\"position\":2,\"name\":\"Bar e restaurante\"}]},{\"@type\":\"WebSite\",\"@id\":\"https:\/\/www.hotel-la-sivoliere.com\/pt-br\/#website\",\"url\":\"https:\/\/www.hotel-la-sivoliere.com\/pt-br\/\",\"name\":\"Hotel La Sivoliere\",\"description\":\"\",\"potentialAction\":[{\"@type\":\"SearchAction\",\"target\":{\"@type\":\"EntryPoint\",\"urlTemplate\":\"https:\/\/www.hotel-la-sivoliere.com\/pt-br\/?s={search_term_string}\"},\"query-input\":{\"@type\":\"PropertyValueSpecification\",\"valueRequired\":true,\"valueName\":\"search_term_string\"}}],\"inLanguage\":\"pt-BR\"}]}<\/script>\n<!-- \/ Yoast SEO plugin. -->","yoast_head_json":{"title":"Bar e restaurante - Hotel La Sivoliere","description":"O La Sivoli\u00e8re acolhe voc\u00ea em sua \u00e1rea de restaurantes, de frente para os pinheiros e para as pistas de esqui, para descobrir os sabores aut\u00eanticos","robots":{"index":"index","follow":"follow","max-snippet":"max-snippet:-1","max-image-preview":"max-image-preview:large","max-video-preview":"max-video-preview:-1"},"canonical":"https:\/\/www.hotel-la-sivoliere.com\/pt-br\/bar-e-restaurante\/","og_locale":"pt_BR","og_type":"article","og_title":"Bar e restaurante - Hotel La Sivoliere","og_description":"O La Sivoli\u00e8re acolhe voc\u00ea em sua \u00e1rea de restaurantes, de frente para os pinheiros e para as pistas de esqui, para descobrir os sabores aut\u00eanticos","og_url":"https:\/\/www.hotel-la-sivoliere.com\/pt-br\/bar-e-restaurante\/","og_site_name":"Hotel La Sivoliere","article_modified_time":"2023-04-10T07:27:35+00:00","twitter_card":"summary_large_image","twitter_misc":{"Est. tempo de leitura":"1 minuto"},"schema":{"@context":"https:\/\/schema.org","@graph":[{"@type":"WebPage","@id":"https:\/\/www.hotel-la-sivoliere.com\/pt-br\/bar-e-restaurante\/","url":"https:\/\/www.hotel-la-sivoliere.com\/pt-br\/bar-e-restaurante\/","name":"Bar e restaurante - Hotel La Sivoliere","isPartOf":{"@id":"https:\/\/www.hotel-la-sivoliere.com\/pt-br\/#website"},"datePublished":"2019-09-27T08:13:06+00:00","dateModified":"2023-04-10T07:27:35+00:00","description":"O La Sivoli\u00e8re acolhe voc\u00ea em sua \u00e1rea de restaurantes, de frente para os pinheiros e para as pistas de esqui, para descobrir os sabores aut\u00eanticos","breadcrumb":{"@id":"https:\/\/www.hotel-la-sivoliere.com\/pt-br\/bar-e-restaurante\/#breadcrumb"},"inLanguage":"pt-BR","potentialAction":[{"@type":"ReadAction","target":["https:\/\/www.hotel-la-sivoliere.com\/pt-br\/bar-e-restaurante\/"]}]},{"@type":"BreadcrumbList","@id":"https:\/\/www.hotel-la-sivoliere.com\/pt-br\/bar-e-restaurante\/#breadcrumb","itemListElement":[{"@type":"ListItem","position":1,"name":"Home","item":"https:\/\/www.hotel-la-sivoliere.com\/pt-br\/"},{"@type":"ListItem","position":2,"name":"Bar e restaurante"}]},{"@type":"WebSite","@id":"https:\/\/www.hotel-la-sivoliere.com\/pt-br\/#website","url":"https:\/\/www.hotel-la-sivoliere.com\/pt-br\/","name":"Hotel La Sivoliere","description":"","potentialAction":[{"@type":"SearchAction","target":{"@type":"EntryPoint","urlTemplate":"https:\/\/www.hotel-la-sivoliere.com\/pt-br\/?s={search_term_string}"},"query-input":{"@type":"PropertyValueSpecification","valueRequired":true,"valueName":"search_term_string"}}],"inLanguage":"pt-BR"}]}},"acf":[],"_links":{"self":[{"href":"https:\/\/www.hotel-la-sivoliere.com\/pt-br\/wp-json\/wp\/v2\/pages\/900","targetHints":{"allow":["GET"]}}],"collection":[{"href":"https:\/\/www.hotel-la-sivoliere.com\/pt-br\/wp-json\/wp\/v2\/pages"}],"about":[{"href":"https:\/\/www.hotel-la-sivoliere.com\/pt-br\/wp-json\/wp\/v2\/types\/page"}],"author":[{"embeddable":true,"href":"https:\/\/www.hotel-la-sivoliere.com\/pt-br\/wp-json\/wp\/v2\/users\/4"}],"replies":[{"embeddable":true,"href":"https:\/\/www.hotel-la-sivoliere.com\/pt-br\/wp-json\/wp\/v2\/comments?post=900"}],"version-history":[{"count":0,"href":"https:\/\/www.hotel-la-sivoliere.com\/pt-br\/wp-json\/wp\/v2\/pages\/900\/revisions"}],"wp:attachment":[{"href":"https:\/\/www.hotel-la-sivoliere.com\/pt-br\/wp-json\/wp\/v2\/media?parent=900"}],"curies":[{"name":"wp","href":"https:\/\/api.w.org\/{rel}","templated":true}]}}