{"id":899,"date":"2019-09-27T08:08:37","date_gmt":"2019-09-27T08:08:37","guid":{"rendered":"http:\/\/hotel-la-sivoliere.ms.decms.eu\/?page_id=899"},"modified":"2022-10-25T10:28:59","modified_gmt":"2022-10-25T10:28:59","slug":"nossas-ofertas-especiais","status":"publish","type":"page","link":"https:\/\/www.hotel-la-sivoliere.com\/pt-br\/nossas-ofertas-especiais\/","title":{"rendered":"Baby Sivo retreat"},"content":{"rendered":"<p><img loading=\"lazy\" decoding=\"async\" class=\"alignnone size-medium wp-image-1710 aligncenter\" src=\"https:\/\/www.hotel-la-sivoliere.com\/wp-content\/uploads\/sites\/54\/2021\/09\/IMG_7782-300x290.jpg\" alt=\"\" width=\"300\" height=\"290\" srcset=\"https:\/\/www.hotel-la-sivoliere.com\/wp-content\/uploads\/sites\/54\/2021\/09\/IMG_7782-300x290.jpg 300w, https:\/\/www.hotel-la-sivoliere.com\/wp-content\/uploads\/sites\/54\/2021\/09\/IMG_7782.jpg 750w\" sizes=\"auto, (max-width: 300px) 100vw, 300px\" \/><\/p>\n<p>&nbsp;<\/p>\n<p>La Sivoli\u00e8re oferece a voc\u00ea uma <strong>estadia feita sob medida<\/strong>, dedicada aos <strong>futuros pais<\/strong>, em parceria com a m\u00e9dica local <a href=\"https:\/\/www.melaniebellin.com\/\">M\u00e9lanie Bellin<\/a>.<\/p>\n<p>Voc\u00ea desfrutar\u00e1 de uma pausa rom\u00e2ntica com sua amada em uma de <a href=\"https:\/\/www.hotel-la-sivoliere.com\/pt-br\/quartos-suites-para-familias-e-apartamentos\/\"><strong>nossas su\u00edtes<\/strong><\/a> enquanto prepara a chegada do futuro beb\u00ea.<\/p>\n<p><strong>Consultas privadas, massagens, tratamentos personalizados<\/strong>, tudo \u00e9 feito para que esta estadia Babymoon seja um momento de descanso e relaxamento.<\/p>\n<p><a href=\"https:\/\/www.hotel-la-sivoliere.com\/wp-content\/uploads\/sites\/54\/2022\/10\/Baby-Sivo-2022-2023-1.3-GB.pdf\"><strong>Mais Informa\u00e7\u00f5es.<\/strong><\/a><\/p>\n<p>Reservas por e-mail <strong>lasivoliere@sivoliere.fr<\/strong> ou pelo telefone +33 479 08 08 33.<\/p>\n<p>&nbsp;<\/p>\n<p><img loading=\"lazy\" decoding=\"async\" class=\"alignnone wp-image-1730\" src=\"https:\/\/www.hotel-la-sivoliere.com\/wp-content\/uploads\/sites\/54\/2021\/10\/09B73296-C799-4091-9C11-EF1537763D5F-2-300x300.jpg\" alt=\"\" width=\"114\" height=\"114\" srcset=\"https:\/\/www.hotel-la-sivoliere.com\/wp-content\/uploads\/sites\/54\/2021\/10\/09B73296-C799-4091-9C11-EF1537763D5F-2-300x300.jpg 300w, https:\/\/www.hotel-la-sivoliere.com\/wp-content\/uploads\/sites\/54\/2021\/10\/09B73296-C799-4091-9C11-EF1537763D5F-2-150x150.jpg 150w, https:\/\/www.hotel-la-sivoliere.com\/wp-content\/uploads\/sites\/54\/2021\/10\/09B73296-C799-4091-9C11-EF1537763D5F-2-600x600.jpg 600w, https:\/\/www.hotel-la-sivoliere.com\/wp-content\/uploads\/sites\/54\/2021\/10\/09B73296-C799-4091-9C11-EF1537763D5F-2.jpg 640w\" sizes=\"auto, (max-width: 114px) 100vw, 114px\" \/><\/p>\n<p>&nbsp;<\/p>\n","protected":false},"excerpt":{"rendered":"<p>&nbsp; La Sivoli\u00e8re oferece a voc\u00ea uma estadia feita sob medida, dedicada aos futuros pais, em parceria com a m\u00e9dica local M\u00e9lanie Bellin. Voc\u00ea desfrutar\u00e1 de uma pausa rom\u00e2ntica com sua amada em uma de nossas su\u00edtes enquanto prepara a chegada do futuro beb\u00ea. Consultas privadas, massagens, tratamentos personalizados, tudo \u00e9 feito para que esta [&hellip;]<\/p>\n","protected":false},"author":4,"featured_media":0,"parent":0,"menu_order":50,"comment_status":"closed","ping_status":"closed","template":"template-special-offers.php","meta":{"footnotes":""},"class_list":["post-899","page","type-page","status-publish","hentry"],"yoast_head":"<!-- This site is optimized with the Yoast SEO plugin v26.9 - https:\/\/yoast.com\/product\/yoast-seo-wordpress\/ -->\n<title>Baby Sivo retreat - Hotel La Sivoliere<\/title>\n<meta name=\"description\" content=\"&nbsp; La Sivoli\u00e8re oferece a voc\u00ea uma estadia feita sob medida, dedicada aos futuros pais, em parceria com a m\u00e9dica local M\u00e9lanie Bellin. Voc\u00ea desfrutar\u00e1\" \/>\n<meta name=\"robots\" content=\"index, follow, max-snippet:-1, max-image-preview:large, max-video-preview:-1\" \/>\n<link rel=\"canonical\" href=\"https:\/\/www.hotel-la-sivoliere.com\/pt-br\/nossas-ofertas-especiais\/\" \/>\n<meta property=\"og:locale\" content=\"pt_BR\" \/>\n<meta property=\"og:type\" content=\"article\" \/>\n<meta property=\"og:title\" content=\"Baby Sivo retreat - Hotel La Sivoliere\" \/>\n<meta property=\"og:description\" content=\"&nbsp; La Sivoli\u00e8re oferece a voc\u00ea uma estadia feita sob medida, dedicada aos futuros pais, em parceria com a m\u00e9dica local M\u00e9lanie Bellin. Voc\u00ea desfrutar\u00e1\" \/>\n<meta property=\"og:url\" content=\"https:\/\/www.hotel-la-sivoliere.com\/pt-br\/nossas-ofertas-especiais\/\" \/>\n<meta property=\"og:site_name\" content=\"Hotel La Sivoliere\" \/>\n<meta property=\"article:modified_time\" content=\"2022-10-25T10:28:59+00:00\" \/>\n<meta property=\"og:image\" content=\"https:\/\/www.hotel-la-sivoliere.com\/wp-content\/uploads\/sites\/54\/2021\/09\/IMG_7782-300x290.jpg\" \/>\n<meta name=\"twitter:card\" content=\"summary_large_image\" \/>\n<meta name=\"twitter:label1\" content=\"Est. tempo de leitura\" \/>\n\t<meta name=\"twitter:data1\" content=\"1 minuto\" \/>\n<script type=\"application\/ld+json\" class=\"yoast-schema-graph\">{\"@context\":\"https:\/\/schema.org\",\"@graph\":[{\"@type\":\"WebPage\",\"@id\":\"https:\/\/www.hotel-la-sivoliere.com\/pt-br\/nossas-ofertas-especiais\/\",\"url\":\"https:\/\/www.hotel-la-sivoliere.com\/pt-br\/nossas-ofertas-especiais\/\",\"name\":\"Baby Sivo retreat - Hotel La Sivoliere\",\"isPartOf\":{\"@id\":\"https:\/\/www.hotel-la-sivoliere.com\/pt-br\/#website\"},\"primaryImageOfPage\":{\"@id\":\"https:\/\/www.hotel-la-sivoliere.com\/pt-br\/nossas-ofertas-especiais\/#primaryimage\"},\"image\":{\"@id\":\"https:\/\/www.hotel-la-sivoliere.com\/pt-br\/nossas-ofertas-especiais\/#primaryimage\"},\"thumbnailUrl\":\"https:\/\/www.hotel-la-sivoliere.com\/wp-content\/uploads\/sites\/54\/2021\/09\/IMG_7782-300x290.jpg\",\"datePublished\":\"2019-09-27T08:08:37+00:00\",\"dateModified\":\"2022-10-25T10:28:59+00:00\",\"description\":\"&nbsp; La Sivoli\u00e8re oferece a voc\u00ea uma estadia feita sob medida, dedicada aos futuros pais, em parceria com a m\u00e9dica local M\u00e9lanie Bellin. Voc\u00ea desfrutar\u00e1\",\"breadcrumb\":{\"@id\":\"https:\/\/www.hotel-la-sivoliere.com\/pt-br\/nossas-ofertas-especiais\/#breadcrumb\"},\"inLanguage\":\"pt-BR\",\"potentialAction\":[{\"@type\":\"ReadAction\",\"target\":[\"https:\/\/www.hotel-la-sivoliere.com\/pt-br\/nossas-ofertas-especiais\/\"]}]},{\"@type\":\"ImageObject\",\"inLanguage\":\"pt-BR\",\"@id\":\"https:\/\/www.hotel-la-sivoliere.com\/pt-br\/nossas-ofertas-especiais\/#primaryimage\",\"url\":\"https:\/\/www.hotel-la-sivoliere.com\/wp-content\/uploads\/sites\/54\/2021\/09\/IMG_7782-300x290.jpg\",\"contentUrl\":\"https:\/\/www.hotel-la-sivoliere.com\/wp-content\/uploads\/sites\/54\/2021\/09\/IMG_7782-300x290.jpg\"},{\"@type\":\"BreadcrumbList\",\"@id\":\"https:\/\/www.hotel-la-sivoliere.com\/pt-br\/nossas-ofertas-especiais\/#breadcrumb\",\"itemListElement\":[{\"@type\":\"ListItem\",\"position\":1,\"name\":\"Home\",\"item\":\"https:\/\/www.hotel-la-sivoliere.com\/pt-br\/\"},{\"@type\":\"ListItem\",\"position\":2,\"name\":\"Baby Sivo retreat\"}]},{\"@type\":\"WebSite\",\"@id\":\"https:\/\/www.hotel-la-sivoliere.com\/pt-br\/#website\",\"url\":\"https:\/\/www.hotel-la-sivoliere.com\/pt-br\/\",\"name\":\"Hotel La Sivoliere\",\"description\":\"\",\"potentialAction\":[{\"@type\":\"SearchAction\",\"target\":{\"@type\":\"EntryPoint\",\"urlTemplate\":\"https:\/\/www.hotel-la-sivoliere.com\/pt-br\/?s={search_term_string}\"},\"query-input\":{\"@type\":\"PropertyValueSpecification\",\"valueRequired\":true,\"valueName\":\"search_term_string\"}}],\"inLanguage\":\"pt-BR\"}]}<\/script>\n<!-- \/ Yoast SEO plugin. -->","yoast_head_json":{"title":"Baby Sivo retreat - Hotel La Sivoliere","description":"&nbsp; La Sivoli\u00e8re oferece a voc\u00ea uma estadia feita sob medida, dedicada aos futuros pais, em parceria com a m\u00e9dica local M\u00e9lanie Bellin. Voc\u00ea desfrutar\u00e1","robots":{"index":"index","follow":"follow","max-snippet":"max-snippet:-1","max-image-preview":"max-image-preview:large","max-video-preview":"max-video-preview:-1"},"canonical":"https:\/\/www.hotel-la-sivoliere.com\/pt-br\/nossas-ofertas-especiais\/","og_locale":"pt_BR","og_type":"article","og_title":"Baby Sivo retreat - Hotel La Sivoliere","og_description":"&nbsp; La Sivoli\u00e8re oferece a voc\u00ea uma estadia feita sob medida, dedicada aos futuros pais, em parceria com a m\u00e9dica local M\u00e9lanie Bellin. Voc\u00ea desfrutar\u00e1","og_url":"https:\/\/www.hotel-la-sivoliere.com\/pt-br\/nossas-ofertas-especiais\/","og_site_name":"Hotel La Sivoliere","article_modified_time":"2022-10-25T10:28:59+00:00","og_image":[{"url":"https:\/\/www.hotel-la-sivoliere.com\/wp-content\/uploads\/sites\/54\/2021\/09\/IMG_7782-300x290.jpg","type":"","width":"","height":""}],"twitter_card":"summary_large_image","twitter_misc":{"Est. tempo de leitura":"1 minuto"},"schema":{"@context":"https:\/\/schema.org","@graph":[{"@type":"WebPage","@id":"https:\/\/www.hotel-la-sivoliere.com\/pt-br\/nossas-ofertas-especiais\/","url":"https:\/\/www.hotel-la-sivoliere.com\/pt-br\/nossas-ofertas-especiais\/","name":"Baby Sivo retreat - Hotel La Sivoliere","isPartOf":{"@id":"https:\/\/www.hotel-la-sivoliere.com\/pt-br\/#website"},"primaryImageOfPage":{"@id":"https:\/\/www.hotel-la-sivoliere.com\/pt-br\/nossas-ofertas-especiais\/#primaryimage"},"image":{"@id":"https:\/\/www.hotel-la-sivoliere.com\/pt-br\/nossas-ofertas-especiais\/#primaryimage"},"thumbnailUrl":"https:\/\/www.hotel-la-sivoliere.com\/wp-content\/uploads\/sites\/54\/2021\/09\/IMG_7782-300x290.jpg","datePublished":"2019-09-27T08:08:37+00:00","dateModified":"2022-10-25T10:28:59+00:00","description":"&nbsp; La Sivoli\u00e8re oferece a voc\u00ea uma estadia feita sob medida, dedicada aos futuros pais, em parceria com a m\u00e9dica local M\u00e9lanie Bellin. Voc\u00ea desfrutar\u00e1","breadcrumb":{"@id":"https:\/\/www.hotel-la-sivoliere.com\/pt-br\/nossas-ofertas-especiais\/#breadcrumb"},"inLanguage":"pt-BR","potentialAction":[{"@type":"ReadAction","target":["https:\/\/www.hotel-la-sivoliere.com\/pt-br\/nossas-ofertas-especiais\/"]}]},{"@type":"ImageObject","inLanguage":"pt-BR","@id":"https:\/\/www.hotel-la-sivoliere.com\/pt-br\/nossas-ofertas-especiais\/#primaryimage","url":"https:\/\/www.hotel-la-sivoliere.com\/wp-content\/uploads\/sites\/54\/2021\/09\/IMG_7782-300x290.jpg","contentUrl":"https:\/\/www.hotel-la-sivoliere.com\/wp-content\/uploads\/sites\/54\/2021\/09\/IMG_7782-300x290.jpg"},{"@type":"BreadcrumbList","@id":"https:\/\/www.hotel-la-sivoliere.com\/pt-br\/nossas-ofertas-especiais\/#breadcrumb","itemListElement":[{"@type":"ListItem","position":1,"name":"Home","item":"https:\/\/www.hotel-la-sivoliere.com\/pt-br\/"},{"@type":"ListItem","position":2,"name":"Baby Sivo retreat"}]},{"@type":"WebSite","@id":"https:\/\/www.hotel-la-sivoliere.com\/pt-br\/#website","url":"https:\/\/www.hotel-la-sivoliere.com\/pt-br\/","name":"Hotel La Sivoliere","description":"","potentialAction":[{"@type":"SearchAction","target":{"@type":"EntryPoint","urlTemplate":"https:\/\/www.hotel-la-sivoliere.com\/pt-br\/?s={search_term_string}"},"query-input":{"@type":"PropertyValueSpecification","valueRequired":true,"valueName":"search_term_string"}}],"inLanguage":"pt-BR"}]}},"acf":[],"_links":{"self":[{"href":"https:\/\/www.hotel-la-sivoliere.com\/pt-br\/wp-json\/wp\/v2\/pages\/899","targetHints":{"allow":["GET"]}}],"collection":[{"href":"https:\/\/www.hotel-la-sivoliere.com\/pt-br\/wp-json\/wp\/v2\/pages"}],"about":[{"href":"https:\/\/www.hotel-la-sivoliere.com\/pt-br\/wp-json\/wp\/v2\/types\/page"}],"author":[{"embeddable":true,"href":"https:\/\/www.hotel-la-sivoliere.com\/pt-br\/wp-json\/wp\/v2\/users\/4"}],"replies":[{"embeddable":true,"href":"https:\/\/www.hotel-la-sivoliere.com\/pt-br\/wp-json\/wp\/v2\/comments?post=899"}],"version-history":[{"count":0,"href":"https:\/\/www.hotel-la-sivoliere.com\/pt-br\/wp-json\/wp\/v2\/pages\/899\/revisions"}],"wp:attachment":[{"href":"https:\/\/www.hotel-la-sivoliere.com\/pt-br\/wp-json\/wp\/v2\/media?parent=899"}],"curies":[{"name":"wp","href":"https:\/\/api.w.org\/{rel}","templated":true}]}}