{"id":892,"date":"2019-09-27T07:56:32","date_gmt":"2019-09-27T07:56:32","guid":{"rendered":"http:\/\/hotel-la-sivoliere.ms.decms.eu\/?page_id=892"},"modified":"2025-11-21T08:52:21","modified_gmt":"2025-11-21T08:52:21","slug":"traslados-gratuitos","status":"publish","type":"page","link":"https:\/\/www.hotel-la-sivoliere.com\/pt-br\/os-servicos-do-la-sivoliere\/traslados-gratuitos\/","title":{"rendered":"Traslados gratuitos"},"content":{"rendered":"<p>Voc\u00ea recebeu v\u00e1rias orienta\u00e7\u00f5es boas dos nossos recepcionistas, que ficaram felizes em reservar uma mesa ou um passeio de moto de neve&#8230; Mas, enquanto isso, voc\u00ea pode fazer algumas compras.<\/p>\n<p>O La Sivoli\u00e8re oferece traslados gratuitos para dar liberdade a todos os seus desejos e viver plenamente Courchevel 1850. Todos os dias,\u00a0 nossos valets o transportam sob demanda a todas as partes de Courchevel 1850.<\/p>\n","protected":false},"excerpt":{"rendered":"<p>Voc\u00ea recebeu v\u00e1rias orienta\u00e7\u00f5es boas dos nossos recepcionistas, que ficaram felizes em reservar uma mesa ou um passeio de moto de neve&#8230; Mas, enquanto isso, voc\u00ea pode fazer algumas compras. O La Sivoli\u00e8re oferece traslados gratuitos para dar liberdade a todos os seus desejos e viver plenamente Courchevel 1850. Todos os dias,\u00a0 nossos valets o [&hellip;]<\/p>\n","protected":false},"author":4,"featured_media":0,"parent":881,"menu_order":30,"comment_status":"closed","ping_status":"closed","template":"","meta":{"footnotes":""},"class_list":["post-892","page","type-page","status-publish","hentry"],"yoast_head":"<!-- This site is optimized with the Yoast SEO plugin v26.9 - https:\/\/yoast.com\/product\/yoast-seo-wordpress\/ -->\n<title>Traslados gratuitos - Hotel La Sivoliere<\/title>\n<meta name=\"description\" content=\"Voc\u00ea recebeu v\u00e1rias orienta\u00e7\u00f5es boas dos nossos recepcionistas, que ficaram felizes em reservar uma mesa ou um passeio de moto de neve... Mas, enquanto\" \/>\n<meta name=\"robots\" content=\"index, follow, max-snippet:-1, max-image-preview:large, max-video-preview:-1\" \/>\n<link rel=\"canonical\" href=\"https:\/\/www.hotel-la-sivoliere.com\/pt-br\/os-servicos-do-la-sivoliere\/traslados-gratuitos\/\" \/>\n<meta property=\"og:locale\" content=\"pt_BR\" \/>\n<meta property=\"og:type\" content=\"article\" \/>\n<meta property=\"og:title\" content=\"Traslados gratuitos - Hotel La Sivoliere\" \/>\n<meta property=\"og:description\" content=\"Voc\u00ea recebeu v\u00e1rias orienta\u00e7\u00f5es boas dos nossos recepcionistas, que ficaram felizes em reservar uma mesa ou um passeio de moto de neve... Mas, enquanto\" \/>\n<meta property=\"og:url\" content=\"https:\/\/www.hotel-la-sivoliere.com\/pt-br\/os-servicos-do-la-sivoliere\/traslados-gratuitos\/\" \/>\n<meta property=\"og:site_name\" content=\"Hotel La Sivoliere\" \/>\n<meta property=\"article:modified_time\" content=\"2025-11-21T08:52:21+00:00\" \/>\n<meta name=\"twitter:card\" content=\"summary_large_image\" \/>\n<meta name=\"twitter:label1\" content=\"Est. tempo de leitura\" \/>\n\t<meta name=\"twitter:data1\" content=\"1 minuto\" \/>\n<script type=\"application\/ld+json\" class=\"yoast-schema-graph\">{\"@context\":\"https:\/\/schema.org\",\"@graph\":[{\"@type\":\"WebPage\",\"@id\":\"https:\/\/www.hotel-la-sivoliere.com\/pt-br\/os-servicos-do-la-sivoliere\/traslados-gratuitos\/\",\"url\":\"https:\/\/www.hotel-la-sivoliere.com\/pt-br\/os-servicos-do-la-sivoliere\/traslados-gratuitos\/\",\"name\":\"Traslados gratuitos - Hotel La Sivoliere\",\"isPartOf\":{\"@id\":\"https:\/\/www.hotel-la-sivoliere.com\/pt-br\/#website\"},\"datePublished\":\"2019-09-27T07:56:32+00:00\",\"dateModified\":\"2025-11-21T08:52:21+00:00\",\"description\":\"Voc\u00ea recebeu v\u00e1rias orienta\u00e7\u00f5es boas dos nossos recepcionistas, que ficaram felizes em reservar uma mesa ou um passeio de moto de neve... Mas, enquanto\",\"breadcrumb\":{\"@id\":\"https:\/\/www.hotel-la-sivoliere.com\/pt-br\/os-servicos-do-la-sivoliere\/traslados-gratuitos\/#breadcrumb\"},\"inLanguage\":\"pt-BR\",\"potentialAction\":[{\"@type\":\"ReadAction\",\"target\":[\"https:\/\/www.hotel-la-sivoliere.com\/pt-br\/os-servicos-do-la-sivoliere\/traslados-gratuitos\/\"]}]},{\"@type\":\"BreadcrumbList\",\"@id\":\"https:\/\/www.hotel-la-sivoliere.com\/pt-br\/os-servicos-do-la-sivoliere\/traslados-gratuitos\/#breadcrumb\",\"itemListElement\":[{\"@type\":\"ListItem\",\"position\":1,\"name\":\"Home\",\"item\":\"https:\/\/www.hotel-la-sivoliere.com\/pt-br\/\"},{\"@type\":\"ListItem\",\"position\":2,\"name\":\"Os servi\u00e7os do La Sivoli\u00e8re\",\"item\":\"https:\/\/www.hotel-la-sivoliere.com\/pt-br\/os-servicos-do-la-sivoliere\/\"},{\"@type\":\"ListItem\",\"position\":3,\"name\":\"Traslados gratuitos\"}]},{\"@type\":\"WebSite\",\"@id\":\"https:\/\/www.hotel-la-sivoliere.com\/pt-br\/#website\",\"url\":\"https:\/\/www.hotel-la-sivoliere.com\/pt-br\/\",\"name\":\"Hotel La Sivoliere\",\"description\":\"\",\"potentialAction\":[{\"@type\":\"SearchAction\",\"target\":{\"@type\":\"EntryPoint\",\"urlTemplate\":\"https:\/\/www.hotel-la-sivoliere.com\/pt-br\/?s={search_term_string}\"},\"query-input\":{\"@type\":\"PropertyValueSpecification\",\"valueRequired\":true,\"valueName\":\"search_term_string\"}}],\"inLanguage\":\"pt-BR\"}]}<\/script>\n<!-- \/ Yoast SEO plugin. -->","yoast_head_json":{"title":"Traslados gratuitos - Hotel La Sivoliere","description":"Voc\u00ea recebeu v\u00e1rias orienta\u00e7\u00f5es boas dos nossos recepcionistas, que ficaram felizes em reservar uma mesa ou um passeio de moto de neve... Mas, enquanto","robots":{"index":"index","follow":"follow","max-snippet":"max-snippet:-1","max-image-preview":"max-image-preview:large","max-video-preview":"max-video-preview:-1"},"canonical":"https:\/\/www.hotel-la-sivoliere.com\/pt-br\/os-servicos-do-la-sivoliere\/traslados-gratuitos\/","og_locale":"pt_BR","og_type":"article","og_title":"Traslados gratuitos - Hotel La Sivoliere","og_description":"Voc\u00ea recebeu v\u00e1rias orienta\u00e7\u00f5es boas dos nossos recepcionistas, que ficaram felizes em reservar uma mesa ou um passeio de moto de neve... Mas, enquanto","og_url":"https:\/\/www.hotel-la-sivoliere.com\/pt-br\/os-servicos-do-la-sivoliere\/traslados-gratuitos\/","og_site_name":"Hotel La Sivoliere","article_modified_time":"2025-11-21T08:52:21+00:00","twitter_card":"summary_large_image","twitter_misc":{"Est. tempo de leitura":"1 minuto"},"schema":{"@context":"https:\/\/schema.org","@graph":[{"@type":"WebPage","@id":"https:\/\/www.hotel-la-sivoliere.com\/pt-br\/os-servicos-do-la-sivoliere\/traslados-gratuitos\/","url":"https:\/\/www.hotel-la-sivoliere.com\/pt-br\/os-servicos-do-la-sivoliere\/traslados-gratuitos\/","name":"Traslados gratuitos - Hotel La Sivoliere","isPartOf":{"@id":"https:\/\/www.hotel-la-sivoliere.com\/pt-br\/#website"},"datePublished":"2019-09-27T07:56:32+00:00","dateModified":"2025-11-21T08:52:21+00:00","description":"Voc\u00ea recebeu v\u00e1rias orienta\u00e7\u00f5es boas dos nossos recepcionistas, que ficaram felizes em reservar uma mesa ou um passeio de moto de neve... Mas, enquanto","breadcrumb":{"@id":"https:\/\/www.hotel-la-sivoliere.com\/pt-br\/os-servicos-do-la-sivoliere\/traslados-gratuitos\/#breadcrumb"},"inLanguage":"pt-BR","potentialAction":[{"@type":"ReadAction","target":["https:\/\/www.hotel-la-sivoliere.com\/pt-br\/os-servicos-do-la-sivoliere\/traslados-gratuitos\/"]}]},{"@type":"BreadcrumbList","@id":"https:\/\/www.hotel-la-sivoliere.com\/pt-br\/os-servicos-do-la-sivoliere\/traslados-gratuitos\/#breadcrumb","itemListElement":[{"@type":"ListItem","position":1,"name":"Home","item":"https:\/\/www.hotel-la-sivoliere.com\/pt-br\/"},{"@type":"ListItem","position":2,"name":"Os servi\u00e7os do La Sivoli\u00e8re","item":"https:\/\/www.hotel-la-sivoliere.com\/pt-br\/os-servicos-do-la-sivoliere\/"},{"@type":"ListItem","position":3,"name":"Traslados gratuitos"}]},{"@type":"WebSite","@id":"https:\/\/www.hotel-la-sivoliere.com\/pt-br\/#website","url":"https:\/\/www.hotel-la-sivoliere.com\/pt-br\/","name":"Hotel La Sivoliere","description":"","potentialAction":[{"@type":"SearchAction","target":{"@type":"EntryPoint","urlTemplate":"https:\/\/www.hotel-la-sivoliere.com\/pt-br\/?s={search_term_string}"},"query-input":{"@type":"PropertyValueSpecification","valueRequired":true,"valueName":"search_term_string"}}],"inLanguage":"pt-BR"}]}},"acf":[],"_links":{"self":[{"href":"https:\/\/www.hotel-la-sivoliere.com\/pt-br\/wp-json\/wp\/v2\/pages\/892","targetHints":{"allow":["GET"]}}],"collection":[{"href":"https:\/\/www.hotel-la-sivoliere.com\/pt-br\/wp-json\/wp\/v2\/pages"}],"about":[{"href":"https:\/\/www.hotel-la-sivoliere.com\/pt-br\/wp-json\/wp\/v2\/types\/page"}],"author":[{"embeddable":true,"href":"https:\/\/www.hotel-la-sivoliere.com\/pt-br\/wp-json\/wp\/v2\/users\/4"}],"replies":[{"embeddable":true,"href":"https:\/\/www.hotel-la-sivoliere.com\/pt-br\/wp-json\/wp\/v2\/comments?post=892"}],"version-history":[{"count":0,"href":"https:\/\/www.hotel-la-sivoliere.com\/pt-br\/wp-json\/wp\/v2\/pages\/892\/revisions"}],"up":[{"embeddable":true,"href":"https:\/\/www.hotel-la-sivoliere.com\/pt-br\/wp-json\/wp\/v2\/pages\/881"}],"wp:attachment":[{"href":"https:\/\/www.hotel-la-sivoliere.com\/pt-br\/wp-json\/wp\/v2\/media?parent=892"}],"curies":[{"name":"wp","href":"https:\/\/api.w.org\/{rel}","templated":true}]}}