{"id":888,"date":"2019-09-27T07:55:21","date_gmt":"2019-09-27T07:55:21","guid":{"rendered":"http:\/\/hotel-la-sivoliere.ms.decms.eu\/?page_id=888"},"modified":"2020-08-10T09:54:48","modified_gmt":"2020-08-10T09:54:48","slug":"ski-room","status":"publish","type":"page","link":"https:\/\/www.hotel-la-sivoliere.com\/pt-br\/os-servicos-do-la-sivoliere\/ski-room\/","title":{"rendered":"Ski-room"},"content":{"rendered":"<p>Equipe-se dos p\u00e9s \u00e0 cabe\u00e7a e v\u00e1 esquiar nos 600 km de pistas do Trois-Alpes, saindo diretamente do nosso sal\u00e3o de esqui. Em parceria com l\u2019Atelier, o La Sivoli\u00e8re oferece o que h\u00e1 de melhor para o esqui no seu ski-room.<\/p>\n<p>Este espa\u00e7o acolhedor convida voc\u00ea a se preparar da melhor forma para explorar a maior \u00e1rea de esqui interconectada do mundo. Sente-se confortavelmente no sof\u00e1 aquecido enquanto nossa equipe o aconselha sobre suas roupas e equipamentos, prepara seus p\u00e9s, aquece seus sapatos, etc. Voc\u00ea quase ficar\u00e1 tentado a passar o dia por aqui.<\/p>\n<p>Mas logo atr\u00e1s da janela envidra\u00e7ada, a pista de Dou du Midi est\u00e1 esperando por voc\u00ea. Tenha um bom dia e, acima de tudo, um bom esqui!<\/p>\n<p><span style=\"color: #ff0000\"><a style=\"color: #ff0000\" href=\"https:\/\/ski-rent.skilouresa.com\/lateliercourch\/\" target=\"_blank\" rel=\"noopener noreferrer\"><strong>Reserva de equipamento de esqui<\/strong><\/a><\/span><\/p>\n","protected":false},"excerpt":{"rendered":"<p>Equipe-se dos p\u00e9s \u00e0 cabe\u00e7a e v\u00e1 esquiar nos 600 km de pistas do Trois-Alpes, saindo diretamente do nosso sal\u00e3o de esqui. Em parceria com l\u2019Atelier, o La Sivoli\u00e8re oferece o que h\u00e1 de melhor para o esqui no seu ski-room. Este espa\u00e7o acolhedor convida voc\u00ea a se preparar da melhor forma para explorar a [&hellip;]<\/p>\n","protected":false},"author":4,"featured_media":0,"parent":881,"menu_order":20,"comment_status":"closed","ping_status":"closed","template":"","meta":{"footnotes":""},"class_list":["post-888","page","type-page","status-publish","hentry"],"yoast_head":"<!-- This site is optimized with the Yoast SEO plugin v26.9 - https:\/\/yoast.com\/product\/yoast-seo-wordpress\/ -->\n<title>Ski-room - Hotel La Sivoliere<\/title>\n<meta name=\"description\" content=\"Equipe-se dos p\u00e9s \u00e0 cabe\u00e7a e v\u00e1 esquiar nos 600 km de pistas do Trois-Alpes, saindo diretamente do nosso sal\u00e3o de esqui. Em parceria com l\u2019Atelier, o La\" \/>\n<meta name=\"robots\" content=\"index, follow, max-snippet:-1, max-image-preview:large, max-video-preview:-1\" \/>\n<link rel=\"canonical\" href=\"https:\/\/www.hotel-la-sivoliere.com\/pt-br\/os-servicos-do-la-sivoliere\/ski-room\/\" \/>\n<meta property=\"og:locale\" content=\"pt_BR\" \/>\n<meta property=\"og:type\" content=\"article\" \/>\n<meta property=\"og:title\" content=\"Ski-room - Hotel La Sivoliere\" \/>\n<meta property=\"og:description\" content=\"Equipe-se dos p\u00e9s \u00e0 cabe\u00e7a e v\u00e1 esquiar nos 600 km de pistas do Trois-Alpes, saindo diretamente do nosso sal\u00e3o de esqui. Em parceria com l\u2019Atelier, o La\" \/>\n<meta property=\"og:url\" content=\"https:\/\/www.hotel-la-sivoliere.com\/pt-br\/os-servicos-do-la-sivoliere\/ski-room\/\" \/>\n<meta property=\"og:site_name\" content=\"Hotel La Sivoliere\" \/>\n<meta property=\"article:modified_time\" content=\"2020-08-10T09:54:48+00:00\" \/>\n<meta name=\"twitter:card\" content=\"summary_large_image\" \/>\n<meta name=\"twitter:label1\" content=\"Est. tempo de leitura\" \/>\n\t<meta name=\"twitter:data1\" content=\"1 minuto\" \/>\n<script type=\"application\/ld+json\" class=\"yoast-schema-graph\">{\"@context\":\"https:\/\/schema.org\",\"@graph\":[{\"@type\":\"WebPage\",\"@id\":\"https:\/\/www.hotel-la-sivoliere.com\/pt-br\/os-servicos-do-la-sivoliere\/ski-room\/\",\"url\":\"https:\/\/www.hotel-la-sivoliere.com\/pt-br\/os-servicos-do-la-sivoliere\/ski-room\/\",\"name\":\"Ski-room - Hotel La Sivoliere\",\"isPartOf\":{\"@id\":\"https:\/\/www.hotel-la-sivoliere.com\/pt-br\/#website\"},\"datePublished\":\"2019-09-27T07:55:21+00:00\",\"dateModified\":\"2020-08-10T09:54:48+00:00\",\"description\":\"Equipe-se dos p\u00e9s \u00e0 cabe\u00e7a e v\u00e1 esquiar nos 600 km de pistas do Trois-Alpes, saindo diretamente do nosso sal\u00e3o de esqui. Em parceria com l\u2019Atelier, o La\",\"breadcrumb\":{\"@id\":\"https:\/\/www.hotel-la-sivoliere.com\/pt-br\/os-servicos-do-la-sivoliere\/ski-room\/#breadcrumb\"},\"inLanguage\":\"pt-BR\",\"potentialAction\":[{\"@type\":\"ReadAction\",\"target\":[\"https:\/\/www.hotel-la-sivoliere.com\/pt-br\/os-servicos-do-la-sivoliere\/ski-room\/\"]}]},{\"@type\":\"BreadcrumbList\",\"@id\":\"https:\/\/www.hotel-la-sivoliere.com\/pt-br\/os-servicos-do-la-sivoliere\/ski-room\/#breadcrumb\",\"itemListElement\":[{\"@type\":\"ListItem\",\"position\":1,\"name\":\"Home\",\"item\":\"https:\/\/www.hotel-la-sivoliere.com\/pt-br\/\"},{\"@type\":\"ListItem\",\"position\":2,\"name\":\"Os servi\u00e7os do La Sivoli\u00e8re\",\"item\":\"https:\/\/www.hotel-la-sivoliere.com\/pt-br\/os-servicos-do-la-sivoliere\/\"},{\"@type\":\"ListItem\",\"position\":3,\"name\":\"Ski-room\"}]},{\"@type\":\"WebSite\",\"@id\":\"https:\/\/www.hotel-la-sivoliere.com\/pt-br\/#website\",\"url\":\"https:\/\/www.hotel-la-sivoliere.com\/pt-br\/\",\"name\":\"Hotel La Sivoliere\",\"description\":\"\",\"potentialAction\":[{\"@type\":\"SearchAction\",\"target\":{\"@type\":\"EntryPoint\",\"urlTemplate\":\"https:\/\/www.hotel-la-sivoliere.com\/pt-br\/?s={search_term_string}\"},\"query-input\":{\"@type\":\"PropertyValueSpecification\",\"valueRequired\":true,\"valueName\":\"search_term_string\"}}],\"inLanguage\":\"pt-BR\"}]}<\/script>\n<!-- \/ Yoast SEO plugin. -->","yoast_head_json":{"title":"Ski-room - Hotel La Sivoliere","description":"Equipe-se dos p\u00e9s \u00e0 cabe\u00e7a e v\u00e1 esquiar nos 600 km de pistas do Trois-Alpes, saindo diretamente do nosso sal\u00e3o de esqui. Em parceria com l\u2019Atelier, o La","robots":{"index":"index","follow":"follow","max-snippet":"max-snippet:-1","max-image-preview":"max-image-preview:large","max-video-preview":"max-video-preview:-1"},"canonical":"https:\/\/www.hotel-la-sivoliere.com\/pt-br\/os-servicos-do-la-sivoliere\/ski-room\/","og_locale":"pt_BR","og_type":"article","og_title":"Ski-room - Hotel La Sivoliere","og_description":"Equipe-se dos p\u00e9s \u00e0 cabe\u00e7a e v\u00e1 esquiar nos 600 km de pistas do Trois-Alpes, saindo diretamente do nosso sal\u00e3o de esqui. Em parceria com l\u2019Atelier, o La","og_url":"https:\/\/www.hotel-la-sivoliere.com\/pt-br\/os-servicos-do-la-sivoliere\/ski-room\/","og_site_name":"Hotel La Sivoliere","article_modified_time":"2020-08-10T09:54:48+00:00","twitter_card":"summary_large_image","twitter_misc":{"Est. tempo de leitura":"1 minuto"},"schema":{"@context":"https:\/\/schema.org","@graph":[{"@type":"WebPage","@id":"https:\/\/www.hotel-la-sivoliere.com\/pt-br\/os-servicos-do-la-sivoliere\/ski-room\/","url":"https:\/\/www.hotel-la-sivoliere.com\/pt-br\/os-servicos-do-la-sivoliere\/ski-room\/","name":"Ski-room - Hotel La Sivoliere","isPartOf":{"@id":"https:\/\/www.hotel-la-sivoliere.com\/pt-br\/#website"},"datePublished":"2019-09-27T07:55:21+00:00","dateModified":"2020-08-10T09:54:48+00:00","description":"Equipe-se dos p\u00e9s \u00e0 cabe\u00e7a e v\u00e1 esquiar nos 600 km de pistas do Trois-Alpes, saindo diretamente do nosso sal\u00e3o de esqui. Em parceria com l\u2019Atelier, o La","breadcrumb":{"@id":"https:\/\/www.hotel-la-sivoliere.com\/pt-br\/os-servicos-do-la-sivoliere\/ski-room\/#breadcrumb"},"inLanguage":"pt-BR","potentialAction":[{"@type":"ReadAction","target":["https:\/\/www.hotel-la-sivoliere.com\/pt-br\/os-servicos-do-la-sivoliere\/ski-room\/"]}]},{"@type":"BreadcrumbList","@id":"https:\/\/www.hotel-la-sivoliere.com\/pt-br\/os-servicos-do-la-sivoliere\/ski-room\/#breadcrumb","itemListElement":[{"@type":"ListItem","position":1,"name":"Home","item":"https:\/\/www.hotel-la-sivoliere.com\/pt-br\/"},{"@type":"ListItem","position":2,"name":"Os servi\u00e7os do La Sivoli\u00e8re","item":"https:\/\/www.hotel-la-sivoliere.com\/pt-br\/os-servicos-do-la-sivoliere\/"},{"@type":"ListItem","position":3,"name":"Ski-room"}]},{"@type":"WebSite","@id":"https:\/\/www.hotel-la-sivoliere.com\/pt-br\/#website","url":"https:\/\/www.hotel-la-sivoliere.com\/pt-br\/","name":"Hotel La Sivoliere","description":"","potentialAction":[{"@type":"SearchAction","target":{"@type":"EntryPoint","urlTemplate":"https:\/\/www.hotel-la-sivoliere.com\/pt-br\/?s={search_term_string}"},"query-input":{"@type":"PropertyValueSpecification","valueRequired":true,"valueName":"search_term_string"}}],"inLanguage":"pt-BR"}]}},"acf":[],"_links":{"self":[{"href":"https:\/\/www.hotel-la-sivoliere.com\/pt-br\/wp-json\/wp\/v2\/pages\/888","targetHints":{"allow":["GET"]}}],"collection":[{"href":"https:\/\/www.hotel-la-sivoliere.com\/pt-br\/wp-json\/wp\/v2\/pages"}],"about":[{"href":"https:\/\/www.hotel-la-sivoliere.com\/pt-br\/wp-json\/wp\/v2\/types\/page"}],"author":[{"embeddable":true,"href":"https:\/\/www.hotel-la-sivoliere.com\/pt-br\/wp-json\/wp\/v2\/users\/4"}],"replies":[{"embeddable":true,"href":"https:\/\/www.hotel-la-sivoliere.com\/pt-br\/wp-json\/wp\/v2\/comments?post=888"}],"version-history":[{"count":0,"href":"https:\/\/www.hotel-la-sivoliere.com\/pt-br\/wp-json\/wp\/v2\/pages\/888\/revisions"}],"up":[{"embeddable":true,"href":"https:\/\/www.hotel-la-sivoliere.com\/pt-br\/wp-json\/wp\/v2\/pages\/881"}],"wp:attachment":[{"href":"https:\/\/www.hotel-la-sivoliere.com\/pt-br\/wp-json\/wp\/v2\/media?parent=888"}],"curies":[{"name":"wp","href":"https:\/\/api.w.org\/{rel}","templated":true}]}}