{"id":885,"date":"2019-09-27T07:53:58","date_gmt":"2019-09-27T07:53:58","guid":{"rendered":"http:\/\/hotel-la-sivoliere.ms.decms.eu\/?page_id=885"},"modified":"2019-09-27T07:53:58","modified_gmt":"2019-09-27T07:53:58","slug":"servicos-de-concierge","status":"publish","type":"page","link":"https:\/\/www.hotel-la-sivoliere.com\/pt-br\/os-servicos-do-la-sivoliere\/servicos-de-concierge\/","title":{"rendered":"Servi\u00e7os de concierge"},"content":{"rendered":"<p>Courchevel \u00e9 famosa por sua \u00e1rea de esqui e in\u00fameras atividades ao ar livre, mas tamb\u00e9m por seus restaurantes estrelados, suas lojas, vida noturna e eventos durante todo o inverno. A equipe de concierge est\u00e1 aqui para ajud\u00e1-lo a se divertir. Transportes, aulas de esqui, festas privadas, reservas em restaurantes, voos de parapente ou orienta\u00e7\u00f5es simples: basta perguntar. N\u00e3o hesite em entrar em contato com o concierge diretamente pelo e-mail concierge@sivoliere.fr<\/p>\n","protected":false},"excerpt":{"rendered":"<p>Courchevel \u00e9 famosa por sua \u00e1rea de esqui e in\u00fameras atividades ao ar livre, mas tamb\u00e9m por seus restaurantes estrelados, suas lojas, vida noturna e eventos durante todo o inverno. A equipe de concierge est\u00e1 aqui para ajud\u00e1-lo a se divertir. Transportes, aulas de esqui, festas privadas, reservas em restaurantes, voos de parapente ou orienta\u00e7\u00f5es [&hellip;]<\/p>\n","protected":false},"author":4,"featured_media":0,"parent":881,"menu_order":10,"comment_status":"closed","ping_status":"closed","template":"","meta":{"footnotes":""},"class_list":["post-885","page","type-page","status-publish","hentry"],"yoast_head":"<!-- This site is optimized with the Yoast SEO plugin v26.9 - https:\/\/yoast.com\/product\/yoast-seo-wordpress\/ -->\n<title>Servi\u00e7os de concierge - Hotel La Sivoliere<\/title>\n<meta name=\"description\" content=\"Courchevel \u00e9 famosa por sua \u00e1rea de esqui e in\u00fameras atividades ao ar livre, mas tamb\u00e9m por seus restaurantes estrelados, suas lojas, vida noturna e\" \/>\n<meta name=\"robots\" content=\"index, follow, max-snippet:-1, max-image-preview:large, max-video-preview:-1\" \/>\n<link rel=\"canonical\" href=\"https:\/\/www.hotel-la-sivoliere.com\/pt-br\/os-servicos-do-la-sivoliere\/servicos-de-concierge\/\" \/>\n<meta property=\"og:locale\" content=\"pt_BR\" \/>\n<meta property=\"og:type\" content=\"article\" \/>\n<meta property=\"og:title\" content=\"Servi\u00e7os de concierge - Hotel La Sivoliere\" \/>\n<meta property=\"og:description\" content=\"Courchevel \u00e9 famosa por sua \u00e1rea de esqui e in\u00fameras atividades ao ar livre, mas tamb\u00e9m por seus restaurantes estrelados, suas lojas, vida noturna e\" \/>\n<meta property=\"og:url\" content=\"https:\/\/www.hotel-la-sivoliere.com\/pt-br\/os-servicos-do-la-sivoliere\/servicos-de-concierge\/\" \/>\n<meta property=\"og:site_name\" content=\"Hotel La Sivoliere\" \/>\n<meta name=\"twitter:card\" content=\"summary_large_image\" \/>\n<script type=\"application\/ld+json\" class=\"yoast-schema-graph\">{\"@context\":\"https:\/\/schema.org\",\"@graph\":[{\"@type\":\"WebPage\",\"@id\":\"https:\/\/www.hotel-la-sivoliere.com\/pt-br\/os-servicos-do-la-sivoliere\/servicos-de-concierge\/\",\"url\":\"https:\/\/www.hotel-la-sivoliere.com\/pt-br\/os-servicos-do-la-sivoliere\/servicos-de-concierge\/\",\"name\":\"Servi\u00e7os de concierge - Hotel La Sivoliere\",\"isPartOf\":{\"@id\":\"https:\/\/www.hotel-la-sivoliere.com\/pt-br\/#website\"},\"datePublished\":\"2019-09-27T07:53:58+00:00\",\"description\":\"Courchevel \u00e9 famosa por sua \u00e1rea de esqui e in\u00fameras atividades ao ar livre, mas tamb\u00e9m por seus restaurantes estrelados, suas lojas, vida noturna e\",\"breadcrumb\":{\"@id\":\"https:\/\/www.hotel-la-sivoliere.com\/pt-br\/os-servicos-do-la-sivoliere\/servicos-de-concierge\/#breadcrumb\"},\"inLanguage\":\"pt-BR\",\"potentialAction\":[{\"@type\":\"ReadAction\",\"target\":[\"https:\/\/www.hotel-la-sivoliere.com\/pt-br\/os-servicos-do-la-sivoliere\/servicos-de-concierge\/\"]}]},{\"@type\":\"BreadcrumbList\",\"@id\":\"https:\/\/www.hotel-la-sivoliere.com\/pt-br\/os-servicos-do-la-sivoliere\/servicos-de-concierge\/#breadcrumb\",\"itemListElement\":[{\"@type\":\"ListItem\",\"position\":1,\"name\":\"Home\",\"item\":\"https:\/\/www.hotel-la-sivoliere.com\/pt-br\/\"},{\"@type\":\"ListItem\",\"position\":2,\"name\":\"Os servi\u00e7os do La Sivoli\u00e8re\",\"item\":\"https:\/\/www.hotel-la-sivoliere.com\/pt-br\/os-servicos-do-la-sivoliere\/\"},{\"@type\":\"ListItem\",\"position\":3,\"name\":\"Servi\u00e7os de concierge\"}]},{\"@type\":\"WebSite\",\"@id\":\"https:\/\/www.hotel-la-sivoliere.com\/pt-br\/#website\",\"url\":\"https:\/\/www.hotel-la-sivoliere.com\/pt-br\/\",\"name\":\"Hotel La Sivoliere\",\"description\":\"\",\"potentialAction\":[{\"@type\":\"SearchAction\",\"target\":{\"@type\":\"EntryPoint\",\"urlTemplate\":\"https:\/\/www.hotel-la-sivoliere.com\/pt-br\/?s={search_term_string}\"},\"query-input\":{\"@type\":\"PropertyValueSpecification\",\"valueRequired\":true,\"valueName\":\"search_term_string\"}}],\"inLanguage\":\"pt-BR\"}]}<\/script>\n<!-- \/ Yoast SEO plugin. -->","yoast_head_json":{"title":"Servi\u00e7os de concierge - Hotel La Sivoliere","description":"Courchevel \u00e9 famosa por sua \u00e1rea de esqui e in\u00fameras atividades ao ar livre, mas tamb\u00e9m por seus restaurantes estrelados, suas lojas, vida noturna e","robots":{"index":"index","follow":"follow","max-snippet":"max-snippet:-1","max-image-preview":"max-image-preview:large","max-video-preview":"max-video-preview:-1"},"canonical":"https:\/\/www.hotel-la-sivoliere.com\/pt-br\/os-servicos-do-la-sivoliere\/servicos-de-concierge\/","og_locale":"pt_BR","og_type":"article","og_title":"Servi\u00e7os de concierge - Hotel La Sivoliere","og_description":"Courchevel \u00e9 famosa por sua \u00e1rea de esqui e in\u00fameras atividades ao ar livre, mas tamb\u00e9m por seus restaurantes estrelados, suas lojas, vida noturna e","og_url":"https:\/\/www.hotel-la-sivoliere.com\/pt-br\/os-servicos-do-la-sivoliere\/servicos-de-concierge\/","og_site_name":"Hotel La Sivoliere","twitter_card":"summary_large_image","schema":{"@context":"https:\/\/schema.org","@graph":[{"@type":"WebPage","@id":"https:\/\/www.hotel-la-sivoliere.com\/pt-br\/os-servicos-do-la-sivoliere\/servicos-de-concierge\/","url":"https:\/\/www.hotel-la-sivoliere.com\/pt-br\/os-servicos-do-la-sivoliere\/servicos-de-concierge\/","name":"Servi\u00e7os de concierge - Hotel La Sivoliere","isPartOf":{"@id":"https:\/\/www.hotel-la-sivoliere.com\/pt-br\/#website"},"datePublished":"2019-09-27T07:53:58+00:00","description":"Courchevel \u00e9 famosa por sua \u00e1rea de esqui e in\u00fameras atividades ao ar livre, mas tamb\u00e9m por seus restaurantes estrelados, suas lojas, vida noturna e","breadcrumb":{"@id":"https:\/\/www.hotel-la-sivoliere.com\/pt-br\/os-servicos-do-la-sivoliere\/servicos-de-concierge\/#breadcrumb"},"inLanguage":"pt-BR","potentialAction":[{"@type":"ReadAction","target":["https:\/\/www.hotel-la-sivoliere.com\/pt-br\/os-servicos-do-la-sivoliere\/servicos-de-concierge\/"]}]},{"@type":"BreadcrumbList","@id":"https:\/\/www.hotel-la-sivoliere.com\/pt-br\/os-servicos-do-la-sivoliere\/servicos-de-concierge\/#breadcrumb","itemListElement":[{"@type":"ListItem","position":1,"name":"Home","item":"https:\/\/www.hotel-la-sivoliere.com\/pt-br\/"},{"@type":"ListItem","position":2,"name":"Os servi\u00e7os do La Sivoli\u00e8re","item":"https:\/\/www.hotel-la-sivoliere.com\/pt-br\/os-servicos-do-la-sivoliere\/"},{"@type":"ListItem","position":3,"name":"Servi\u00e7os de concierge"}]},{"@type":"WebSite","@id":"https:\/\/www.hotel-la-sivoliere.com\/pt-br\/#website","url":"https:\/\/www.hotel-la-sivoliere.com\/pt-br\/","name":"Hotel La Sivoliere","description":"","potentialAction":[{"@type":"SearchAction","target":{"@type":"EntryPoint","urlTemplate":"https:\/\/www.hotel-la-sivoliere.com\/pt-br\/?s={search_term_string}"},"query-input":{"@type":"PropertyValueSpecification","valueRequired":true,"valueName":"search_term_string"}}],"inLanguage":"pt-BR"}]}},"acf":[],"_links":{"self":[{"href":"https:\/\/www.hotel-la-sivoliere.com\/pt-br\/wp-json\/wp\/v2\/pages\/885","targetHints":{"allow":["GET"]}}],"collection":[{"href":"https:\/\/www.hotel-la-sivoliere.com\/pt-br\/wp-json\/wp\/v2\/pages"}],"about":[{"href":"https:\/\/www.hotel-la-sivoliere.com\/pt-br\/wp-json\/wp\/v2\/types\/page"}],"author":[{"embeddable":true,"href":"https:\/\/www.hotel-la-sivoliere.com\/pt-br\/wp-json\/wp\/v2\/users\/4"}],"replies":[{"embeddable":true,"href":"https:\/\/www.hotel-la-sivoliere.com\/pt-br\/wp-json\/wp\/v2\/comments?post=885"}],"version-history":[{"count":0,"href":"https:\/\/www.hotel-la-sivoliere.com\/pt-br\/wp-json\/wp\/v2\/pages\/885\/revisions"}],"up":[{"embeddable":true,"href":"https:\/\/www.hotel-la-sivoliere.com\/pt-br\/wp-json\/wp\/v2\/pages\/881"}],"wp:attachment":[{"href":"https:\/\/www.hotel-la-sivoliere.com\/pt-br\/wp-json\/wp\/v2\/media?parent=885"}],"curies":[{"name":"wp","href":"https:\/\/api.w.org\/{rel}","templated":true}]}}