{"id":871,"date":"2019-09-27T07:38:54","date_gmt":"2019-09-27T07:38:54","guid":{"rendered":"http:\/\/hotel-la-sivoliere.ms.decms.eu\/?page_id=871"},"modified":"2019-09-27T07:41:31","modified_gmt":"2019-09-27T07:41:31","slug":"suite-para-familias-com-dois-quartos","status":"publish","type":"page","link":"https:\/\/www.hotel-la-sivoliere.com\/pt-br\/quartos-suites-para-familias-e-apartamentos\/suite-para-familias-com-dois-quartos\/","title":{"rendered":"Su\u00edte para fam\u00edlias com dois quartos"},"content":{"rendered":"<p>A mais espa\u00e7osa das nossas su\u00edtes promete bons momentos em fam\u00edlia em frente \u00e0 lareira na ampla sala de estar, confortavelmente instalados no grande sof\u00e1 de canto de veludo. E com dois banheiros, todos estar\u00e3o prontos a tempo para aproveitar esse belo dia nas pistas.<\/p>\n","protected":false},"excerpt":{"rendered":"<p>A mais espa\u00e7osa das nossas su\u00edtes promete bons momentos em fam\u00edlia em frente \u00e0 lareira na ampla sala de estar, confortavelmente instalados no grande sof\u00e1 de canto de veludo. E com dois banheiros, todos estar\u00e3o prontos a tempo para aproveitar esse belo dia nas pistas.<\/p>\n","protected":false},"author":4,"featured_media":0,"parent":851,"menu_order":50,"comment_status":"closed","ping_status":"closed","template":"template-single-room.php","meta":{"footnotes":""},"class_list":["post-871","page","type-page","status-publish","hentry"],"yoast_head":"<!-- This site is optimized with the Yoast SEO plugin v26.9 - https:\/\/yoast.com\/product\/yoast-seo-wordpress\/ -->\n<title>Su\u00edte para fam\u00edlias com dois quartos - Hotel La Sivoliere<\/title>\n<meta name=\"description\" content=\"A mais espa\u00e7osa das nossas su\u00edtes promete bons momentos em fam\u00edlia em frente \u00e0 lareira na ampla sala de estar, confortavelmente instalados no grande sof\u00e1\" \/>\n<meta name=\"robots\" content=\"index, follow, max-snippet:-1, max-image-preview:large, max-video-preview:-1\" \/>\n<link rel=\"canonical\" href=\"https:\/\/www.hotel-la-sivoliere.com\/pt-br\/quartos-suites-para-familias-e-apartamentos\/suite-para-familias-com-dois-quartos\/\" \/>\n<meta property=\"og:locale\" content=\"pt_BR\" \/>\n<meta property=\"og:type\" content=\"article\" \/>\n<meta property=\"og:title\" content=\"Su\u00edte para fam\u00edlias com dois quartos - Hotel La Sivoliere\" \/>\n<meta property=\"og:description\" content=\"A mais espa\u00e7osa das nossas su\u00edtes promete bons momentos em fam\u00edlia em frente \u00e0 lareira na ampla sala de estar, confortavelmente instalados no grande sof\u00e1\" \/>\n<meta property=\"og:url\" content=\"https:\/\/www.hotel-la-sivoliere.com\/pt-br\/quartos-suites-para-familias-e-apartamentos\/suite-para-familias-com-dois-quartos\/\" \/>\n<meta property=\"og:site_name\" content=\"Hotel La Sivoliere\" \/>\n<meta property=\"article:modified_time\" content=\"2019-09-27T07:41:31+00:00\" \/>\n<meta name=\"twitter:card\" content=\"summary_large_image\" \/>\n<script type=\"application\/ld+json\" class=\"yoast-schema-graph\">{\"@context\":\"https:\/\/schema.org\",\"@graph\":[{\"@type\":\"WebPage\",\"@id\":\"https:\/\/www.hotel-la-sivoliere.com\/pt-br\/quartos-suites-para-familias-e-apartamentos\/suite-para-familias-com-dois-quartos\/\",\"url\":\"https:\/\/www.hotel-la-sivoliere.com\/pt-br\/quartos-suites-para-familias-e-apartamentos\/suite-para-familias-com-dois-quartos\/\",\"name\":\"Su\u00edte para fam\u00edlias com dois quartos - Hotel La Sivoliere\",\"isPartOf\":{\"@id\":\"https:\/\/www.hotel-la-sivoliere.com\/pt-br\/#website\"},\"datePublished\":\"2019-09-27T07:38:54+00:00\",\"dateModified\":\"2019-09-27T07:41:31+00:00\",\"description\":\"A mais espa\u00e7osa das nossas su\u00edtes promete bons momentos em fam\u00edlia em frente \u00e0 lareira na ampla sala de estar, confortavelmente instalados no grande sof\u00e1\",\"breadcrumb\":{\"@id\":\"https:\/\/www.hotel-la-sivoliere.com\/pt-br\/quartos-suites-para-familias-e-apartamentos\/suite-para-familias-com-dois-quartos\/#breadcrumb\"},\"inLanguage\":\"pt-BR\",\"potentialAction\":[{\"@type\":\"ReadAction\",\"target\":[\"https:\/\/www.hotel-la-sivoliere.com\/pt-br\/quartos-suites-para-familias-e-apartamentos\/suite-para-familias-com-dois-quartos\/\"]}]},{\"@type\":\"BreadcrumbList\",\"@id\":\"https:\/\/www.hotel-la-sivoliere.com\/pt-br\/quartos-suites-para-familias-e-apartamentos\/suite-para-familias-com-dois-quartos\/#breadcrumb\",\"itemListElement\":[{\"@type\":\"ListItem\",\"position\":1,\"name\":\"Home\",\"item\":\"https:\/\/www.hotel-la-sivoliere.com\/pt-br\/\"},{\"@type\":\"ListItem\",\"position\":2,\"name\":\"Quartos, su\u00edtes para fam\u00edlias e apartamentos\",\"item\":\"https:\/\/www.hotel-la-sivoliere.com\/pt-br\/quartos-suites-para-familias-e-apartamentos\/\"},{\"@type\":\"ListItem\",\"position\":3,\"name\":\"Su\u00edte para fam\u00edlias com dois quartos\"}]},{\"@type\":\"WebSite\",\"@id\":\"https:\/\/www.hotel-la-sivoliere.com\/pt-br\/#website\",\"url\":\"https:\/\/www.hotel-la-sivoliere.com\/pt-br\/\",\"name\":\"Hotel La Sivoliere\",\"description\":\"\",\"potentialAction\":[{\"@type\":\"SearchAction\",\"target\":{\"@type\":\"EntryPoint\",\"urlTemplate\":\"https:\/\/www.hotel-la-sivoliere.com\/pt-br\/?s={search_term_string}\"},\"query-input\":{\"@type\":\"PropertyValueSpecification\",\"valueRequired\":true,\"valueName\":\"search_term_string\"}}],\"inLanguage\":\"pt-BR\"}]}<\/script>\n<!-- \/ Yoast SEO plugin. -->","yoast_head_json":{"title":"Su\u00edte para fam\u00edlias com dois quartos - Hotel La Sivoliere","description":"A mais espa\u00e7osa das nossas su\u00edtes promete bons momentos em fam\u00edlia em frente \u00e0 lareira na ampla sala de estar, confortavelmente instalados no grande sof\u00e1","robots":{"index":"index","follow":"follow","max-snippet":"max-snippet:-1","max-image-preview":"max-image-preview:large","max-video-preview":"max-video-preview:-1"},"canonical":"https:\/\/www.hotel-la-sivoliere.com\/pt-br\/quartos-suites-para-familias-e-apartamentos\/suite-para-familias-com-dois-quartos\/","og_locale":"pt_BR","og_type":"article","og_title":"Su\u00edte para fam\u00edlias com dois quartos - Hotel La Sivoliere","og_description":"A mais espa\u00e7osa das nossas su\u00edtes promete bons momentos em fam\u00edlia em frente \u00e0 lareira na ampla sala de estar, confortavelmente instalados no grande sof\u00e1","og_url":"https:\/\/www.hotel-la-sivoliere.com\/pt-br\/quartos-suites-para-familias-e-apartamentos\/suite-para-familias-com-dois-quartos\/","og_site_name":"Hotel La Sivoliere","article_modified_time":"2019-09-27T07:41:31+00:00","twitter_card":"summary_large_image","schema":{"@context":"https:\/\/schema.org","@graph":[{"@type":"WebPage","@id":"https:\/\/www.hotel-la-sivoliere.com\/pt-br\/quartos-suites-para-familias-e-apartamentos\/suite-para-familias-com-dois-quartos\/","url":"https:\/\/www.hotel-la-sivoliere.com\/pt-br\/quartos-suites-para-familias-e-apartamentos\/suite-para-familias-com-dois-quartos\/","name":"Su\u00edte para fam\u00edlias com dois quartos - Hotel La Sivoliere","isPartOf":{"@id":"https:\/\/www.hotel-la-sivoliere.com\/pt-br\/#website"},"datePublished":"2019-09-27T07:38:54+00:00","dateModified":"2019-09-27T07:41:31+00:00","description":"A mais espa\u00e7osa das nossas su\u00edtes promete bons momentos em fam\u00edlia em frente \u00e0 lareira na ampla sala de estar, confortavelmente instalados no grande sof\u00e1","breadcrumb":{"@id":"https:\/\/www.hotel-la-sivoliere.com\/pt-br\/quartos-suites-para-familias-e-apartamentos\/suite-para-familias-com-dois-quartos\/#breadcrumb"},"inLanguage":"pt-BR","potentialAction":[{"@type":"ReadAction","target":["https:\/\/www.hotel-la-sivoliere.com\/pt-br\/quartos-suites-para-familias-e-apartamentos\/suite-para-familias-com-dois-quartos\/"]}]},{"@type":"BreadcrumbList","@id":"https:\/\/www.hotel-la-sivoliere.com\/pt-br\/quartos-suites-para-familias-e-apartamentos\/suite-para-familias-com-dois-quartos\/#breadcrumb","itemListElement":[{"@type":"ListItem","position":1,"name":"Home","item":"https:\/\/www.hotel-la-sivoliere.com\/pt-br\/"},{"@type":"ListItem","position":2,"name":"Quartos, su\u00edtes para fam\u00edlias e apartamentos","item":"https:\/\/www.hotel-la-sivoliere.com\/pt-br\/quartos-suites-para-familias-e-apartamentos\/"},{"@type":"ListItem","position":3,"name":"Su\u00edte para fam\u00edlias com dois quartos"}]},{"@type":"WebSite","@id":"https:\/\/www.hotel-la-sivoliere.com\/pt-br\/#website","url":"https:\/\/www.hotel-la-sivoliere.com\/pt-br\/","name":"Hotel La Sivoliere","description":"","potentialAction":[{"@type":"SearchAction","target":{"@type":"EntryPoint","urlTemplate":"https:\/\/www.hotel-la-sivoliere.com\/pt-br\/?s={search_term_string}"},"query-input":{"@type":"PropertyValueSpecification","valueRequired":true,"valueName":"search_term_string"}}],"inLanguage":"pt-BR"}]}},"acf":[],"_links":{"self":[{"href":"https:\/\/www.hotel-la-sivoliere.com\/pt-br\/wp-json\/wp\/v2\/pages\/871","targetHints":{"allow":["GET"]}}],"collection":[{"href":"https:\/\/www.hotel-la-sivoliere.com\/pt-br\/wp-json\/wp\/v2\/pages"}],"about":[{"href":"https:\/\/www.hotel-la-sivoliere.com\/pt-br\/wp-json\/wp\/v2\/types\/page"}],"author":[{"embeddable":true,"href":"https:\/\/www.hotel-la-sivoliere.com\/pt-br\/wp-json\/wp\/v2\/users\/4"}],"replies":[{"embeddable":true,"href":"https:\/\/www.hotel-la-sivoliere.com\/pt-br\/wp-json\/wp\/v2\/comments?post=871"}],"version-history":[{"count":0,"href":"https:\/\/www.hotel-la-sivoliere.com\/pt-br\/wp-json\/wp\/v2\/pages\/871\/revisions"}],"up":[{"embeddable":true,"href":"https:\/\/www.hotel-la-sivoliere.com\/pt-br\/wp-json\/wp\/v2\/pages\/851"}],"wp:attachment":[{"href":"https:\/\/www.hotel-la-sivoliere.com\/pt-br\/wp-json\/wp\/v2\/media?parent=871"}],"curies":[{"name":"wp","href":"https:\/\/api.w.org\/{rel}","templated":true}]}}