{"id":865,"date":"2019-09-27T07:35:57","date_gmt":"2019-09-27T07:35:57","guid":{"rendered":"http:\/\/hotel-la-sivoliere.ms.decms.eu\/?page_id=865"},"modified":"2019-09-27T07:44:03","modified_gmt":"2019-09-27T07:44:03","slug":"suite-prestige-com-um-quarto","status":"publish","type":"page","link":"https:\/\/www.hotel-la-sivoliere.com\/pt-br\/quartos-suites-para-familias-e-apartamentos\/suite-prestige-com-um-quarto\/","title":{"rendered":"Su\u00edte Prestige com um quarto"},"content":{"rendered":"<p>Aproveite a sua estadia na nossa su\u00edte Prestige com um quarto. Ap\u00f3s as fortes emo\u00e7\u00f5es e a atmosfera movimentada de Courchevel, seu corpo exige calor e relaxamento? Escolha um banho quente \u2013 amanh\u00e3 voc\u00ea experimentar\u00e1 o banho com sauna a vapor. Um bom come\u00e7o para uma noite relaxante no lounge.<\/p>\n","protected":false},"excerpt":{"rendered":"<p>Aproveite a sua estadia na nossa su\u00edte Prestige com um quarto. Ap\u00f3s as fortes emo\u00e7\u00f5es e a atmosfera movimentada de Courchevel, seu corpo exige calor e relaxamento? Escolha um banho quente \u2013 amanh\u00e3 voc\u00ea experimentar\u00e1 o banho com sauna a vapor. Um bom come\u00e7o para uma noite relaxante no lounge.<\/p>\n","protected":false},"author":4,"featured_media":0,"parent":851,"menu_order":40,"comment_status":"closed","ping_status":"closed","template":"template-single-room.php","meta":{"footnotes":""},"class_list":["post-865","page","type-page","status-publish","hentry"],"yoast_head":"<!-- This site is optimized with the Yoast SEO plugin v26.9 - https:\/\/yoast.com\/product\/yoast-seo-wordpress\/ -->\n<title>Su\u00edte Prestige com um quarto - Hotel La Sivoliere<\/title>\n<meta name=\"description\" content=\"Aproveite a sua estadia na nossa su\u00edte Prestige com um quarto. Ap\u00f3s as fortes emo\u00e7\u00f5es e a atmosfera movimentada de Courchevel, seu corpo exige calor e\" \/>\n<meta name=\"robots\" content=\"index, follow, max-snippet:-1, max-image-preview:large, max-video-preview:-1\" \/>\n<link rel=\"canonical\" href=\"https:\/\/www.hotel-la-sivoliere.com\/pt-br\/quartos-suites-para-familias-e-apartamentos\/suite-prestige-com-um-quarto\/\" \/>\n<meta property=\"og:locale\" content=\"pt_BR\" \/>\n<meta property=\"og:type\" content=\"article\" \/>\n<meta property=\"og:title\" content=\"Su\u00edte Prestige com um quarto - Hotel La Sivoliere\" \/>\n<meta property=\"og:description\" content=\"Aproveite a sua estadia na nossa su\u00edte Prestige com um quarto. Ap\u00f3s as fortes emo\u00e7\u00f5es e a atmosfera movimentada de Courchevel, seu corpo exige calor e\" \/>\n<meta property=\"og:url\" content=\"https:\/\/www.hotel-la-sivoliere.com\/pt-br\/quartos-suites-para-familias-e-apartamentos\/suite-prestige-com-um-quarto\/\" \/>\n<meta property=\"og:site_name\" content=\"Hotel La Sivoliere\" \/>\n<meta property=\"article:modified_time\" content=\"2019-09-27T07:44:03+00:00\" \/>\n<meta name=\"twitter:card\" content=\"summary_large_image\" \/>\n<script type=\"application\/ld+json\" class=\"yoast-schema-graph\">{\"@context\":\"https:\/\/schema.org\",\"@graph\":[{\"@type\":\"WebPage\",\"@id\":\"https:\/\/www.hotel-la-sivoliere.com\/pt-br\/quartos-suites-para-familias-e-apartamentos\/suite-prestige-com-um-quarto\/\",\"url\":\"https:\/\/www.hotel-la-sivoliere.com\/pt-br\/quartos-suites-para-familias-e-apartamentos\/suite-prestige-com-um-quarto\/\",\"name\":\"Su\u00edte Prestige com um quarto - Hotel La Sivoliere\",\"isPartOf\":{\"@id\":\"https:\/\/www.hotel-la-sivoliere.com\/pt-br\/#website\"},\"datePublished\":\"2019-09-27T07:35:57+00:00\",\"dateModified\":\"2019-09-27T07:44:03+00:00\",\"description\":\"Aproveite a sua estadia na nossa su\u00edte Prestige com um quarto. Ap\u00f3s as fortes emo\u00e7\u00f5es e a atmosfera movimentada de Courchevel, seu corpo exige calor e\",\"breadcrumb\":{\"@id\":\"https:\/\/www.hotel-la-sivoliere.com\/pt-br\/quartos-suites-para-familias-e-apartamentos\/suite-prestige-com-um-quarto\/#breadcrumb\"},\"inLanguage\":\"pt-BR\",\"potentialAction\":[{\"@type\":\"ReadAction\",\"target\":[\"https:\/\/www.hotel-la-sivoliere.com\/pt-br\/quartos-suites-para-familias-e-apartamentos\/suite-prestige-com-um-quarto\/\"]}]},{\"@type\":\"BreadcrumbList\",\"@id\":\"https:\/\/www.hotel-la-sivoliere.com\/pt-br\/quartos-suites-para-familias-e-apartamentos\/suite-prestige-com-um-quarto\/#breadcrumb\",\"itemListElement\":[{\"@type\":\"ListItem\",\"position\":1,\"name\":\"Home\",\"item\":\"https:\/\/www.hotel-la-sivoliere.com\/pt-br\/\"},{\"@type\":\"ListItem\",\"position\":2,\"name\":\"Quartos, su\u00edtes para fam\u00edlias e apartamentos\",\"item\":\"https:\/\/www.hotel-la-sivoliere.com\/pt-br\/quartos-suites-para-familias-e-apartamentos\/\"},{\"@type\":\"ListItem\",\"position\":3,\"name\":\"Su\u00edte Prestige com um quarto\"}]},{\"@type\":\"WebSite\",\"@id\":\"https:\/\/www.hotel-la-sivoliere.com\/pt-br\/#website\",\"url\":\"https:\/\/www.hotel-la-sivoliere.com\/pt-br\/\",\"name\":\"Hotel La Sivoliere\",\"description\":\"\",\"potentialAction\":[{\"@type\":\"SearchAction\",\"target\":{\"@type\":\"EntryPoint\",\"urlTemplate\":\"https:\/\/www.hotel-la-sivoliere.com\/pt-br\/?s={search_term_string}\"},\"query-input\":{\"@type\":\"PropertyValueSpecification\",\"valueRequired\":true,\"valueName\":\"search_term_string\"}}],\"inLanguage\":\"pt-BR\"}]}<\/script>\n<!-- \/ Yoast SEO plugin. -->","yoast_head_json":{"title":"Su\u00edte Prestige com um quarto - Hotel La Sivoliere","description":"Aproveite a sua estadia na nossa su\u00edte Prestige com um quarto. Ap\u00f3s as fortes emo\u00e7\u00f5es e a atmosfera movimentada de Courchevel, seu corpo exige calor e","robots":{"index":"index","follow":"follow","max-snippet":"max-snippet:-1","max-image-preview":"max-image-preview:large","max-video-preview":"max-video-preview:-1"},"canonical":"https:\/\/www.hotel-la-sivoliere.com\/pt-br\/quartos-suites-para-familias-e-apartamentos\/suite-prestige-com-um-quarto\/","og_locale":"pt_BR","og_type":"article","og_title":"Su\u00edte Prestige com um quarto - Hotel La Sivoliere","og_description":"Aproveite a sua estadia na nossa su\u00edte Prestige com um quarto. Ap\u00f3s as fortes emo\u00e7\u00f5es e a atmosfera movimentada de Courchevel, seu corpo exige calor e","og_url":"https:\/\/www.hotel-la-sivoliere.com\/pt-br\/quartos-suites-para-familias-e-apartamentos\/suite-prestige-com-um-quarto\/","og_site_name":"Hotel La Sivoliere","article_modified_time":"2019-09-27T07:44:03+00:00","twitter_card":"summary_large_image","schema":{"@context":"https:\/\/schema.org","@graph":[{"@type":"WebPage","@id":"https:\/\/www.hotel-la-sivoliere.com\/pt-br\/quartos-suites-para-familias-e-apartamentos\/suite-prestige-com-um-quarto\/","url":"https:\/\/www.hotel-la-sivoliere.com\/pt-br\/quartos-suites-para-familias-e-apartamentos\/suite-prestige-com-um-quarto\/","name":"Su\u00edte Prestige com um quarto - Hotel La Sivoliere","isPartOf":{"@id":"https:\/\/www.hotel-la-sivoliere.com\/pt-br\/#website"},"datePublished":"2019-09-27T07:35:57+00:00","dateModified":"2019-09-27T07:44:03+00:00","description":"Aproveite a sua estadia na nossa su\u00edte Prestige com um quarto. Ap\u00f3s as fortes emo\u00e7\u00f5es e a atmosfera movimentada de Courchevel, seu corpo exige calor e","breadcrumb":{"@id":"https:\/\/www.hotel-la-sivoliere.com\/pt-br\/quartos-suites-para-familias-e-apartamentos\/suite-prestige-com-um-quarto\/#breadcrumb"},"inLanguage":"pt-BR","potentialAction":[{"@type":"ReadAction","target":["https:\/\/www.hotel-la-sivoliere.com\/pt-br\/quartos-suites-para-familias-e-apartamentos\/suite-prestige-com-um-quarto\/"]}]},{"@type":"BreadcrumbList","@id":"https:\/\/www.hotel-la-sivoliere.com\/pt-br\/quartos-suites-para-familias-e-apartamentos\/suite-prestige-com-um-quarto\/#breadcrumb","itemListElement":[{"@type":"ListItem","position":1,"name":"Home","item":"https:\/\/www.hotel-la-sivoliere.com\/pt-br\/"},{"@type":"ListItem","position":2,"name":"Quartos, su\u00edtes para fam\u00edlias e apartamentos","item":"https:\/\/www.hotel-la-sivoliere.com\/pt-br\/quartos-suites-para-familias-e-apartamentos\/"},{"@type":"ListItem","position":3,"name":"Su\u00edte Prestige com um quarto"}]},{"@type":"WebSite","@id":"https:\/\/www.hotel-la-sivoliere.com\/pt-br\/#website","url":"https:\/\/www.hotel-la-sivoliere.com\/pt-br\/","name":"Hotel La Sivoliere","description":"","potentialAction":[{"@type":"SearchAction","target":{"@type":"EntryPoint","urlTemplate":"https:\/\/www.hotel-la-sivoliere.com\/pt-br\/?s={search_term_string}"},"query-input":{"@type":"PropertyValueSpecification","valueRequired":true,"valueName":"search_term_string"}}],"inLanguage":"pt-BR"}]}},"acf":[],"_links":{"self":[{"href":"https:\/\/www.hotel-la-sivoliere.com\/pt-br\/wp-json\/wp\/v2\/pages\/865","targetHints":{"allow":["GET"]}}],"collection":[{"href":"https:\/\/www.hotel-la-sivoliere.com\/pt-br\/wp-json\/wp\/v2\/pages"}],"about":[{"href":"https:\/\/www.hotel-la-sivoliere.com\/pt-br\/wp-json\/wp\/v2\/types\/page"}],"author":[{"embeddable":true,"href":"https:\/\/www.hotel-la-sivoliere.com\/pt-br\/wp-json\/wp\/v2\/users\/4"}],"replies":[{"embeddable":true,"href":"https:\/\/www.hotel-la-sivoliere.com\/pt-br\/wp-json\/wp\/v2\/comments?post=865"}],"version-history":[{"count":0,"href":"https:\/\/www.hotel-la-sivoliere.com\/pt-br\/wp-json\/wp\/v2\/pages\/865\/revisions"}],"up":[{"embeddable":true,"href":"https:\/\/www.hotel-la-sivoliere.com\/pt-br\/wp-json\/wp\/v2\/pages\/851"}],"wp:attachment":[{"href":"https:\/\/www.hotel-la-sivoliere.com\/pt-br\/wp-json\/wp\/v2\/media?parent=865"}],"curies":[{"name":"wp","href":"https:\/\/api.w.org\/{rel}","templated":true}]}}