{"id":861,"date":"2019-09-27T07:33:29","date_gmt":"2019-09-27T07:33:29","guid":{"rendered":"http:\/\/hotel-la-sivoliere.ms.decms.eu\/?page_id=861"},"modified":"2020-05-25T15:38:07","modified_gmt":"2020-05-25T15:38:07","slug":"suite-junior-para-familias","status":"publish","type":"page","link":"https:\/\/www.hotel-la-sivoliere.com\/pt-br\/quartos-suites-para-familias-e-apartamentos\/suite-junior-para-familias\/","title":{"rendered":"Su\u00edte j\u00fanior para fam\u00edlias"},"content":{"rendered":"<p>Nossas su\u00edtes J\u00fanior para Fam\u00edlias podem acomodar dois adultos e duas crian\u00e7as entre a confort\u00e1vel cama de casal e a \u00e1rea de estar com beliche. No banheiro, voc\u00ea pode escolher entre um banho quente de chuveiro ou de banheira depois de cruzar os Trois-Vall\u00e9es<\/p>\n","protected":false},"excerpt":{"rendered":"<p>Nossas su\u00edtes J\u00fanior para Fam\u00edlias podem acomodar dois adultos e duas crian\u00e7as entre a confort\u00e1vel cama de casal e a \u00e1rea de estar com beliche. No banheiro, voc\u00ea pode escolher entre um banho quente de chuveiro ou de banheira depois de cruzar os Trois-Vall\u00e9es<\/p>\n","protected":false},"author":4,"featured_media":0,"parent":851,"menu_order":30,"comment_status":"closed","ping_status":"closed","template":"template-single-room.php","meta":{"footnotes":""},"class_list":["post-861","page","type-page","status-publish","hentry"],"yoast_head":"<!-- This site is optimized with the Yoast SEO plugin v26.9 - https:\/\/yoast.com\/product\/yoast-seo-wordpress\/ -->\n<title>Su\u00edte j\u00fanior para fam\u00edlias - Hotel La Sivoliere<\/title>\n<meta name=\"description\" content=\"Nossas su\u00edtes J\u00fanior para Fam\u00edlias podem acomodar dois adultos e duas crian\u00e7as entre a confort\u00e1vel cama de casal e a \u00e1rea de estar com beliche. No\" \/>\n<meta name=\"robots\" content=\"index, follow, max-snippet:-1, max-image-preview:large, max-video-preview:-1\" \/>\n<link rel=\"canonical\" href=\"https:\/\/www.hotel-la-sivoliere.com\/pt-br\/quartos-suites-para-familias-e-apartamentos\/suite-junior-para-familias\/\" \/>\n<meta property=\"og:locale\" content=\"pt_BR\" \/>\n<meta property=\"og:type\" content=\"article\" \/>\n<meta property=\"og:title\" content=\"Su\u00edte j\u00fanior para fam\u00edlias - Hotel La Sivoliere\" \/>\n<meta property=\"og:description\" content=\"Nossas su\u00edtes J\u00fanior para Fam\u00edlias podem acomodar dois adultos e duas crian\u00e7as entre a confort\u00e1vel cama de casal e a \u00e1rea de estar com beliche. No\" \/>\n<meta property=\"og:url\" content=\"https:\/\/www.hotel-la-sivoliere.com\/pt-br\/quartos-suites-para-familias-e-apartamentos\/suite-junior-para-familias\/\" \/>\n<meta property=\"og:site_name\" content=\"Hotel La Sivoliere\" \/>\n<meta property=\"article:modified_time\" content=\"2020-05-25T15:38:07+00:00\" \/>\n<meta name=\"twitter:card\" content=\"summary_large_image\" \/>\n<script type=\"application\/ld+json\" class=\"yoast-schema-graph\">{\"@context\":\"https:\/\/schema.org\",\"@graph\":[{\"@type\":\"WebPage\",\"@id\":\"https:\/\/www.hotel-la-sivoliere.com\/pt-br\/quartos-suites-para-familias-e-apartamentos\/suite-junior-para-familias\/\",\"url\":\"https:\/\/www.hotel-la-sivoliere.com\/pt-br\/quartos-suites-para-familias-e-apartamentos\/suite-junior-para-familias\/\",\"name\":\"Su\u00edte j\u00fanior para fam\u00edlias - Hotel La Sivoliere\",\"isPartOf\":{\"@id\":\"https:\/\/www.hotel-la-sivoliere.com\/pt-br\/#website\"},\"datePublished\":\"2019-09-27T07:33:29+00:00\",\"dateModified\":\"2020-05-25T15:38:07+00:00\",\"description\":\"Nossas su\u00edtes J\u00fanior para Fam\u00edlias podem acomodar dois adultos e duas crian\u00e7as entre a confort\u00e1vel cama de casal e a \u00e1rea de estar com beliche. No\",\"breadcrumb\":{\"@id\":\"https:\/\/www.hotel-la-sivoliere.com\/pt-br\/quartos-suites-para-familias-e-apartamentos\/suite-junior-para-familias\/#breadcrumb\"},\"inLanguage\":\"pt-BR\",\"potentialAction\":[{\"@type\":\"ReadAction\",\"target\":[\"https:\/\/www.hotel-la-sivoliere.com\/pt-br\/quartos-suites-para-familias-e-apartamentos\/suite-junior-para-familias\/\"]}]},{\"@type\":\"BreadcrumbList\",\"@id\":\"https:\/\/www.hotel-la-sivoliere.com\/pt-br\/quartos-suites-para-familias-e-apartamentos\/suite-junior-para-familias\/#breadcrumb\",\"itemListElement\":[{\"@type\":\"ListItem\",\"position\":1,\"name\":\"Home\",\"item\":\"https:\/\/www.hotel-la-sivoliere.com\/pt-br\/\"},{\"@type\":\"ListItem\",\"position\":2,\"name\":\"Quartos, su\u00edtes para fam\u00edlias e apartamentos\",\"item\":\"https:\/\/www.hotel-la-sivoliere.com\/pt-br\/quartos-suites-para-familias-e-apartamentos\/\"},{\"@type\":\"ListItem\",\"position\":3,\"name\":\"Su\u00edte j\u00fanior para fam\u00edlias\"}]},{\"@type\":\"WebSite\",\"@id\":\"https:\/\/www.hotel-la-sivoliere.com\/pt-br\/#website\",\"url\":\"https:\/\/www.hotel-la-sivoliere.com\/pt-br\/\",\"name\":\"Hotel La Sivoliere\",\"description\":\"\",\"potentialAction\":[{\"@type\":\"SearchAction\",\"target\":{\"@type\":\"EntryPoint\",\"urlTemplate\":\"https:\/\/www.hotel-la-sivoliere.com\/pt-br\/?s={search_term_string}\"},\"query-input\":{\"@type\":\"PropertyValueSpecification\",\"valueRequired\":true,\"valueName\":\"search_term_string\"}}],\"inLanguage\":\"pt-BR\"}]}<\/script>\n<!-- \/ Yoast SEO plugin. -->","yoast_head_json":{"title":"Su\u00edte j\u00fanior para fam\u00edlias - Hotel La Sivoliere","description":"Nossas su\u00edtes J\u00fanior para Fam\u00edlias podem acomodar dois adultos e duas crian\u00e7as entre a confort\u00e1vel cama de casal e a \u00e1rea de estar com beliche. No","robots":{"index":"index","follow":"follow","max-snippet":"max-snippet:-1","max-image-preview":"max-image-preview:large","max-video-preview":"max-video-preview:-1"},"canonical":"https:\/\/www.hotel-la-sivoliere.com\/pt-br\/quartos-suites-para-familias-e-apartamentos\/suite-junior-para-familias\/","og_locale":"pt_BR","og_type":"article","og_title":"Su\u00edte j\u00fanior para fam\u00edlias - Hotel La Sivoliere","og_description":"Nossas su\u00edtes J\u00fanior para Fam\u00edlias podem acomodar dois adultos e duas crian\u00e7as entre a confort\u00e1vel cama de casal e a \u00e1rea de estar com beliche. No","og_url":"https:\/\/www.hotel-la-sivoliere.com\/pt-br\/quartos-suites-para-familias-e-apartamentos\/suite-junior-para-familias\/","og_site_name":"Hotel La Sivoliere","article_modified_time":"2020-05-25T15:38:07+00:00","twitter_card":"summary_large_image","schema":{"@context":"https:\/\/schema.org","@graph":[{"@type":"WebPage","@id":"https:\/\/www.hotel-la-sivoliere.com\/pt-br\/quartos-suites-para-familias-e-apartamentos\/suite-junior-para-familias\/","url":"https:\/\/www.hotel-la-sivoliere.com\/pt-br\/quartos-suites-para-familias-e-apartamentos\/suite-junior-para-familias\/","name":"Su\u00edte j\u00fanior para fam\u00edlias - Hotel La Sivoliere","isPartOf":{"@id":"https:\/\/www.hotel-la-sivoliere.com\/pt-br\/#website"},"datePublished":"2019-09-27T07:33:29+00:00","dateModified":"2020-05-25T15:38:07+00:00","description":"Nossas su\u00edtes J\u00fanior para Fam\u00edlias podem acomodar dois adultos e duas crian\u00e7as entre a confort\u00e1vel cama de casal e a \u00e1rea de estar com beliche. No","breadcrumb":{"@id":"https:\/\/www.hotel-la-sivoliere.com\/pt-br\/quartos-suites-para-familias-e-apartamentos\/suite-junior-para-familias\/#breadcrumb"},"inLanguage":"pt-BR","potentialAction":[{"@type":"ReadAction","target":["https:\/\/www.hotel-la-sivoliere.com\/pt-br\/quartos-suites-para-familias-e-apartamentos\/suite-junior-para-familias\/"]}]},{"@type":"BreadcrumbList","@id":"https:\/\/www.hotel-la-sivoliere.com\/pt-br\/quartos-suites-para-familias-e-apartamentos\/suite-junior-para-familias\/#breadcrumb","itemListElement":[{"@type":"ListItem","position":1,"name":"Home","item":"https:\/\/www.hotel-la-sivoliere.com\/pt-br\/"},{"@type":"ListItem","position":2,"name":"Quartos, su\u00edtes para fam\u00edlias e apartamentos","item":"https:\/\/www.hotel-la-sivoliere.com\/pt-br\/quartos-suites-para-familias-e-apartamentos\/"},{"@type":"ListItem","position":3,"name":"Su\u00edte j\u00fanior para fam\u00edlias"}]},{"@type":"WebSite","@id":"https:\/\/www.hotel-la-sivoliere.com\/pt-br\/#website","url":"https:\/\/www.hotel-la-sivoliere.com\/pt-br\/","name":"Hotel La Sivoliere","description":"","potentialAction":[{"@type":"SearchAction","target":{"@type":"EntryPoint","urlTemplate":"https:\/\/www.hotel-la-sivoliere.com\/pt-br\/?s={search_term_string}"},"query-input":{"@type":"PropertyValueSpecification","valueRequired":true,"valueName":"search_term_string"}}],"inLanguage":"pt-BR"}]}},"acf":[],"_links":{"self":[{"href":"https:\/\/www.hotel-la-sivoliere.com\/pt-br\/wp-json\/wp\/v2\/pages\/861","targetHints":{"allow":["GET"]}}],"collection":[{"href":"https:\/\/www.hotel-la-sivoliere.com\/pt-br\/wp-json\/wp\/v2\/pages"}],"about":[{"href":"https:\/\/www.hotel-la-sivoliere.com\/pt-br\/wp-json\/wp\/v2\/types\/page"}],"author":[{"embeddable":true,"href":"https:\/\/www.hotel-la-sivoliere.com\/pt-br\/wp-json\/wp\/v2\/users\/4"}],"replies":[{"embeddable":true,"href":"https:\/\/www.hotel-la-sivoliere.com\/pt-br\/wp-json\/wp\/v2\/comments?post=861"}],"version-history":[{"count":0,"href":"https:\/\/www.hotel-la-sivoliere.com\/pt-br\/wp-json\/wp\/v2\/pages\/861\/revisions"}],"up":[{"embeddable":true,"href":"https:\/\/www.hotel-la-sivoliere.com\/pt-br\/wp-json\/wp\/v2\/pages\/851"}],"wp:attachment":[{"href":"https:\/\/www.hotel-la-sivoliere.com\/pt-br\/wp-json\/wp\/v2\/media?parent=861"}],"curies":[{"name":"wp","href":"https:\/\/api.w.org\/{rel}","templated":true}]}}