{"id":857,"date":"2019-09-27T07:29:59","date_gmt":"2019-09-27T07:29:59","guid":{"rendered":"http:\/\/hotel-la-sivoliere.ms.decms.eu\/?page_id=857"},"modified":"2019-09-27T07:42:53","modified_gmt":"2019-09-27T07:42:53","slug":"quarto-prestige","status":"publish","type":"page","link":"https:\/\/www.hotel-la-sivoliere.com\/pt-br\/quartos-suites-para-familias-e-apartamentos\/quarto-prestige\/","title":{"rendered":"Quarto Prestige"},"content":{"rendered":"<p>Mais espa\u00e7osos que os quartos Superiores, os quartos Prestige est\u00e3o dispon\u00edveis com uma cama de casal ou duas camas de solteiro. Instale-se em uma poltrona de veludo para ler um bom livro ou admirar a vista do vale no conforto da sua \u00e1rea de estar com piso de madeira.<\/p>\n","protected":false},"excerpt":{"rendered":"<p>Mais espa\u00e7osos que os quartos Superiores, os quartos Prestige est\u00e3o dispon\u00edveis com uma cama de casal ou duas camas de solteiro. Instale-se em uma poltrona de veludo para ler um bom livro ou admirar a vista do vale no conforto da sua \u00e1rea de estar com piso de madeira.<\/p>\n","protected":false},"author":4,"featured_media":0,"parent":851,"menu_order":20,"comment_status":"closed","ping_status":"closed","template":"template-single-room.php","meta":{"footnotes":""},"class_list":["post-857","page","type-page","status-publish","hentry"],"yoast_head":"<!-- This site is optimized with the Yoast SEO plugin v26.9 - https:\/\/yoast.com\/product\/yoast-seo-wordpress\/ -->\n<title>Quarto Prestige - Hotel La Sivoliere<\/title>\n<meta name=\"description\" content=\"Mais espa\u00e7osos que os quartos Superiores, os quartos Prestige est\u00e3o dispon\u00edveis com uma cama de casal ou duas camas de solteiro. Instale-se em uma\" \/>\n<meta name=\"robots\" content=\"index, follow, max-snippet:-1, max-image-preview:large, max-video-preview:-1\" \/>\n<link rel=\"canonical\" href=\"https:\/\/www.hotel-la-sivoliere.com\/pt-br\/quartos-suites-para-familias-e-apartamentos\/quarto-prestige\/\" \/>\n<meta property=\"og:locale\" content=\"pt_BR\" \/>\n<meta property=\"og:type\" content=\"article\" \/>\n<meta property=\"og:title\" content=\"Quarto Prestige - Hotel La Sivoliere\" \/>\n<meta property=\"og:description\" content=\"Mais espa\u00e7osos que os quartos Superiores, os quartos Prestige est\u00e3o dispon\u00edveis com uma cama de casal ou duas camas de solteiro. Instale-se em uma\" \/>\n<meta property=\"og:url\" content=\"https:\/\/www.hotel-la-sivoliere.com\/pt-br\/quartos-suites-para-familias-e-apartamentos\/quarto-prestige\/\" \/>\n<meta property=\"og:site_name\" content=\"Hotel La Sivoliere\" \/>\n<meta property=\"article:modified_time\" content=\"2019-09-27T07:42:53+00:00\" \/>\n<meta name=\"twitter:card\" content=\"summary_large_image\" \/>\n<script type=\"application\/ld+json\" class=\"yoast-schema-graph\">{\"@context\":\"https:\/\/schema.org\",\"@graph\":[{\"@type\":\"WebPage\",\"@id\":\"https:\/\/www.hotel-la-sivoliere.com\/pt-br\/quartos-suites-para-familias-e-apartamentos\/quarto-prestige\/\",\"url\":\"https:\/\/www.hotel-la-sivoliere.com\/pt-br\/quartos-suites-para-familias-e-apartamentos\/quarto-prestige\/\",\"name\":\"Quarto Prestige - Hotel La Sivoliere\",\"isPartOf\":{\"@id\":\"https:\/\/www.hotel-la-sivoliere.com\/pt-br\/#website\"},\"datePublished\":\"2019-09-27T07:29:59+00:00\",\"dateModified\":\"2019-09-27T07:42:53+00:00\",\"description\":\"Mais espa\u00e7osos que os quartos Superiores, os quartos Prestige est\u00e3o dispon\u00edveis com uma cama de casal ou duas camas de solteiro. Instale-se em uma\",\"breadcrumb\":{\"@id\":\"https:\/\/www.hotel-la-sivoliere.com\/pt-br\/quartos-suites-para-familias-e-apartamentos\/quarto-prestige\/#breadcrumb\"},\"inLanguage\":\"pt-BR\",\"potentialAction\":[{\"@type\":\"ReadAction\",\"target\":[\"https:\/\/www.hotel-la-sivoliere.com\/pt-br\/quartos-suites-para-familias-e-apartamentos\/quarto-prestige\/\"]}]},{\"@type\":\"BreadcrumbList\",\"@id\":\"https:\/\/www.hotel-la-sivoliere.com\/pt-br\/quartos-suites-para-familias-e-apartamentos\/quarto-prestige\/#breadcrumb\",\"itemListElement\":[{\"@type\":\"ListItem\",\"position\":1,\"name\":\"Home\",\"item\":\"https:\/\/www.hotel-la-sivoliere.com\/pt-br\/\"},{\"@type\":\"ListItem\",\"position\":2,\"name\":\"Quartos, su\u00edtes para fam\u00edlias e apartamentos\",\"item\":\"https:\/\/www.hotel-la-sivoliere.com\/pt-br\/quartos-suites-para-familias-e-apartamentos\/\"},{\"@type\":\"ListItem\",\"position\":3,\"name\":\"Quarto Prestige\"}]},{\"@type\":\"WebSite\",\"@id\":\"https:\/\/www.hotel-la-sivoliere.com\/pt-br\/#website\",\"url\":\"https:\/\/www.hotel-la-sivoliere.com\/pt-br\/\",\"name\":\"Hotel La Sivoliere\",\"description\":\"\",\"potentialAction\":[{\"@type\":\"SearchAction\",\"target\":{\"@type\":\"EntryPoint\",\"urlTemplate\":\"https:\/\/www.hotel-la-sivoliere.com\/pt-br\/?s={search_term_string}\"},\"query-input\":{\"@type\":\"PropertyValueSpecification\",\"valueRequired\":true,\"valueName\":\"search_term_string\"}}],\"inLanguage\":\"pt-BR\"}]}<\/script>\n<!-- \/ Yoast SEO plugin. -->","yoast_head_json":{"title":"Quarto Prestige - Hotel La Sivoliere","description":"Mais espa\u00e7osos que os quartos Superiores, os quartos Prestige est\u00e3o dispon\u00edveis com uma cama de casal ou duas camas de solteiro. Instale-se em uma","robots":{"index":"index","follow":"follow","max-snippet":"max-snippet:-1","max-image-preview":"max-image-preview:large","max-video-preview":"max-video-preview:-1"},"canonical":"https:\/\/www.hotel-la-sivoliere.com\/pt-br\/quartos-suites-para-familias-e-apartamentos\/quarto-prestige\/","og_locale":"pt_BR","og_type":"article","og_title":"Quarto Prestige - Hotel La Sivoliere","og_description":"Mais espa\u00e7osos que os quartos Superiores, os quartos Prestige est\u00e3o dispon\u00edveis com uma cama de casal ou duas camas de solteiro. Instale-se em uma","og_url":"https:\/\/www.hotel-la-sivoliere.com\/pt-br\/quartos-suites-para-familias-e-apartamentos\/quarto-prestige\/","og_site_name":"Hotel La Sivoliere","article_modified_time":"2019-09-27T07:42:53+00:00","twitter_card":"summary_large_image","schema":{"@context":"https:\/\/schema.org","@graph":[{"@type":"WebPage","@id":"https:\/\/www.hotel-la-sivoliere.com\/pt-br\/quartos-suites-para-familias-e-apartamentos\/quarto-prestige\/","url":"https:\/\/www.hotel-la-sivoliere.com\/pt-br\/quartos-suites-para-familias-e-apartamentos\/quarto-prestige\/","name":"Quarto Prestige - Hotel La Sivoliere","isPartOf":{"@id":"https:\/\/www.hotel-la-sivoliere.com\/pt-br\/#website"},"datePublished":"2019-09-27T07:29:59+00:00","dateModified":"2019-09-27T07:42:53+00:00","description":"Mais espa\u00e7osos que os quartos Superiores, os quartos Prestige est\u00e3o dispon\u00edveis com uma cama de casal ou duas camas de solteiro. Instale-se em uma","breadcrumb":{"@id":"https:\/\/www.hotel-la-sivoliere.com\/pt-br\/quartos-suites-para-familias-e-apartamentos\/quarto-prestige\/#breadcrumb"},"inLanguage":"pt-BR","potentialAction":[{"@type":"ReadAction","target":["https:\/\/www.hotel-la-sivoliere.com\/pt-br\/quartos-suites-para-familias-e-apartamentos\/quarto-prestige\/"]}]},{"@type":"BreadcrumbList","@id":"https:\/\/www.hotel-la-sivoliere.com\/pt-br\/quartos-suites-para-familias-e-apartamentos\/quarto-prestige\/#breadcrumb","itemListElement":[{"@type":"ListItem","position":1,"name":"Home","item":"https:\/\/www.hotel-la-sivoliere.com\/pt-br\/"},{"@type":"ListItem","position":2,"name":"Quartos, su\u00edtes para fam\u00edlias e apartamentos","item":"https:\/\/www.hotel-la-sivoliere.com\/pt-br\/quartos-suites-para-familias-e-apartamentos\/"},{"@type":"ListItem","position":3,"name":"Quarto Prestige"}]},{"@type":"WebSite","@id":"https:\/\/www.hotel-la-sivoliere.com\/pt-br\/#website","url":"https:\/\/www.hotel-la-sivoliere.com\/pt-br\/","name":"Hotel La Sivoliere","description":"","potentialAction":[{"@type":"SearchAction","target":{"@type":"EntryPoint","urlTemplate":"https:\/\/www.hotel-la-sivoliere.com\/pt-br\/?s={search_term_string}"},"query-input":{"@type":"PropertyValueSpecification","valueRequired":true,"valueName":"search_term_string"}}],"inLanguage":"pt-BR"}]}},"acf":[],"_links":{"self":[{"href":"https:\/\/www.hotel-la-sivoliere.com\/pt-br\/wp-json\/wp\/v2\/pages\/857","targetHints":{"allow":["GET"]}}],"collection":[{"href":"https:\/\/www.hotel-la-sivoliere.com\/pt-br\/wp-json\/wp\/v2\/pages"}],"about":[{"href":"https:\/\/www.hotel-la-sivoliere.com\/pt-br\/wp-json\/wp\/v2\/types\/page"}],"author":[{"embeddable":true,"href":"https:\/\/www.hotel-la-sivoliere.com\/pt-br\/wp-json\/wp\/v2\/users\/4"}],"replies":[{"embeddable":true,"href":"https:\/\/www.hotel-la-sivoliere.com\/pt-br\/wp-json\/wp\/v2\/comments?post=857"}],"version-history":[{"count":0,"href":"https:\/\/www.hotel-la-sivoliere.com\/pt-br\/wp-json\/wp\/v2\/pages\/857\/revisions"}],"up":[{"embeddable":true,"href":"https:\/\/www.hotel-la-sivoliere.com\/pt-br\/wp-json\/wp\/v2\/pages\/851"}],"wp:attachment":[{"href":"https:\/\/www.hotel-la-sivoliere.com\/pt-br\/wp-json\/wp\/v2\/media?parent=857"}],"curies":[{"name":"wp","href":"https:\/\/api.w.org\/{rel}","templated":true}]}}