{"id":851,"date":"2019-09-27T07:25:04","date_gmt":"2019-09-27T07:25:04","guid":{"rendered":"http:\/\/hotel-la-sivoliere.ms.decms.eu\/?page_id=851"},"modified":"2026-03-13T11:41:26","modified_gmt":"2026-03-13T11:41:26","slug":"quartos-suites-para-familias-e-apartamentos","status":"publish","type":"page","link":"https:\/\/www.hotel-la-sivoliere.com\/pt-br\/quartos-suites-para-familias-e-apartamentos\/","title":{"rendered":"Quartos, su\u00edtes para fam\u00edlias e apartamentos"},"content":{"rendered":"<p>Para maior conforto, o La Sivoli\u00e8re e a designer de interiores Sara Copeland trabalharam juntos para renovar completamente os 35 quartos, su\u00edtes e apartamentos no estilo \u00edntimo e acolhedor de um chal\u00e9 contempor\u00e2neo abrigado no cora\u00e7\u00e3o da floresta de pinheiros.<\/p>\n","protected":false},"excerpt":{"rendered":"<p>Para maior conforto, o La Sivoli\u00e8re e a designer de interiores Sara Copeland trabalharam juntos para renovar completamente os 35 quartos, su\u00edtes e apartamentos no estilo \u00edntimo e acolhedor de um chal\u00e9 contempor\u00e2neo abrigado no cora\u00e7\u00e3o da floresta de pinheiros.<\/p>\n","protected":false},"author":4,"featured_media":0,"parent":0,"menu_order":20,"comment_status":"closed","ping_status":"closed","template":"template-rooms.php","meta":{"footnotes":""},"class_list":["post-851","page","type-page","status-publish","hentry"],"yoast_head":"<!-- This site is optimized with the Yoast SEO plugin v26.9 - https:\/\/yoast.com\/product\/yoast-seo-wordpress\/ -->\n<title>Quartos, su\u00edtes para fam\u00edlias e apartamentos - Hotel La Sivoliere<\/title>\n<meta name=\"description\" content=\"Para maior conforto, o La Sivoli\u00e8re e a designer de interiores Sara Copeland trabalharam juntos para renovar completamente os 35 quartos, su\u00edtes e\" \/>\n<meta name=\"robots\" content=\"index, follow, max-snippet:-1, max-image-preview:large, max-video-preview:-1\" \/>\n<link rel=\"canonical\" href=\"https:\/\/www.hotel-la-sivoliere.com\/pt-br\/quartos-suites-para-familias-e-apartamentos\/\" \/>\n<meta property=\"og:locale\" content=\"pt_BR\" \/>\n<meta property=\"og:type\" content=\"article\" \/>\n<meta property=\"og:title\" content=\"Quartos, su\u00edtes para fam\u00edlias e apartamentos - Hotel La Sivoliere\" \/>\n<meta property=\"og:description\" content=\"Para maior conforto, o La Sivoli\u00e8re e a designer de interiores Sara Copeland trabalharam juntos para renovar completamente os 35 quartos, su\u00edtes e\" \/>\n<meta property=\"og:url\" content=\"https:\/\/www.hotel-la-sivoliere.com\/pt-br\/quartos-suites-para-familias-e-apartamentos\/\" \/>\n<meta property=\"og:site_name\" content=\"Hotel La Sivoliere\" \/>\n<meta property=\"article:modified_time\" content=\"2026-03-13T11:41:26+00:00\" \/>\n<meta name=\"twitter:card\" content=\"summary_large_image\" \/>\n<meta name=\"twitter:label1\" content=\"Est. tempo de leitura\" \/>\n\t<meta name=\"twitter:data1\" content=\"1 minuto\" \/>\n<script type=\"application\/ld+json\" class=\"yoast-schema-graph\">{\"@context\":\"https:\/\/schema.org\",\"@graph\":[{\"@type\":\"WebPage\",\"@id\":\"https:\/\/www.hotel-la-sivoliere.com\/pt-br\/quartos-suites-para-familias-e-apartamentos\/\",\"url\":\"https:\/\/www.hotel-la-sivoliere.com\/pt-br\/quartos-suites-para-familias-e-apartamentos\/\",\"name\":\"Quartos, su\u00edtes para fam\u00edlias e apartamentos - Hotel La Sivoliere\",\"isPartOf\":{\"@id\":\"https:\/\/www.hotel-la-sivoliere.com\/pt-br\/#website\"},\"datePublished\":\"2019-09-27T07:25:04+00:00\",\"dateModified\":\"2026-03-13T11:41:26+00:00\",\"description\":\"Para maior conforto, o La Sivoli\u00e8re e a designer de interiores Sara Copeland trabalharam juntos para renovar completamente os 35 quartos, su\u00edtes e\",\"breadcrumb\":{\"@id\":\"https:\/\/www.hotel-la-sivoliere.com\/pt-br\/quartos-suites-para-familias-e-apartamentos\/#breadcrumb\"},\"inLanguage\":\"pt-BR\",\"potentialAction\":[{\"@type\":\"ReadAction\",\"target\":[\"https:\/\/www.hotel-la-sivoliere.com\/pt-br\/quartos-suites-para-familias-e-apartamentos\/\"]}]},{\"@type\":\"BreadcrumbList\",\"@id\":\"https:\/\/www.hotel-la-sivoliere.com\/pt-br\/quartos-suites-para-familias-e-apartamentos\/#breadcrumb\",\"itemListElement\":[{\"@type\":\"ListItem\",\"position\":1,\"name\":\"Home\",\"item\":\"https:\/\/www.hotel-la-sivoliere.com\/pt-br\/\"},{\"@type\":\"ListItem\",\"position\":2,\"name\":\"Quartos, su\u00edtes para fam\u00edlias e apartamentos\"}]},{\"@type\":\"WebSite\",\"@id\":\"https:\/\/www.hotel-la-sivoliere.com\/pt-br\/#website\",\"url\":\"https:\/\/www.hotel-la-sivoliere.com\/pt-br\/\",\"name\":\"Hotel La Sivoliere\",\"description\":\"\",\"potentialAction\":[{\"@type\":\"SearchAction\",\"target\":{\"@type\":\"EntryPoint\",\"urlTemplate\":\"https:\/\/www.hotel-la-sivoliere.com\/pt-br\/?s={search_term_string}\"},\"query-input\":{\"@type\":\"PropertyValueSpecification\",\"valueRequired\":true,\"valueName\":\"search_term_string\"}}],\"inLanguage\":\"pt-BR\"}]}<\/script>\n<!-- \/ Yoast SEO plugin. -->","yoast_head_json":{"title":"Quartos, su\u00edtes para fam\u00edlias e apartamentos - Hotel La Sivoliere","description":"Para maior conforto, o La Sivoli\u00e8re e a designer de interiores Sara Copeland trabalharam juntos para renovar completamente os 35 quartos, su\u00edtes e","robots":{"index":"index","follow":"follow","max-snippet":"max-snippet:-1","max-image-preview":"max-image-preview:large","max-video-preview":"max-video-preview:-1"},"canonical":"https:\/\/www.hotel-la-sivoliere.com\/pt-br\/quartos-suites-para-familias-e-apartamentos\/","og_locale":"pt_BR","og_type":"article","og_title":"Quartos, su\u00edtes para fam\u00edlias e apartamentos - Hotel La Sivoliere","og_description":"Para maior conforto, o La Sivoli\u00e8re e a designer de interiores Sara Copeland trabalharam juntos para renovar completamente os 35 quartos, su\u00edtes e","og_url":"https:\/\/www.hotel-la-sivoliere.com\/pt-br\/quartos-suites-para-familias-e-apartamentos\/","og_site_name":"Hotel La Sivoliere","article_modified_time":"2026-03-13T11:41:26+00:00","twitter_card":"summary_large_image","twitter_misc":{"Est. tempo de leitura":"1 minuto"},"schema":{"@context":"https:\/\/schema.org","@graph":[{"@type":"WebPage","@id":"https:\/\/www.hotel-la-sivoliere.com\/pt-br\/quartos-suites-para-familias-e-apartamentos\/","url":"https:\/\/www.hotel-la-sivoliere.com\/pt-br\/quartos-suites-para-familias-e-apartamentos\/","name":"Quartos, su\u00edtes para fam\u00edlias e apartamentos - Hotel La Sivoliere","isPartOf":{"@id":"https:\/\/www.hotel-la-sivoliere.com\/pt-br\/#website"},"datePublished":"2019-09-27T07:25:04+00:00","dateModified":"2026-03-13T11:41:26+00:00","description":"Para maior conforto, o La Sivoli\u00e8re e a designer de interiores Sara Copeland trabalharam juntos para renovar completamente os 35 quartos, su\u00edtes e","breadcrumb":{"@id":"https:\/\/www.hotel-la-sivoliere.com\/pt-br\/quartos-suites-para-familias-e-apartamentos\/#breadcrumb"},"inLanguage":"pt-BR","potentialAction":[{"@type":"ReadAction","target":["https:\/\/www.hotel-la-sivoliere.com\/pt-br\/quartos-suites-para-familias-e-apartamentos\/"]}]},{"@type":"BreadcrumbList","@id":"https:\/\/www.hotel-la-sivoliere.com\/pt-br\/quartos-suites-para-familias-e-apartamentos\/#breadcrumb","itemListElement":[{"@type":"ListItem","position":1,"name":"Home","item":"https:\/\/www.hotel-la-sivoliere.com\/pt-br\/"},{"@type":"ListItem","position":2,"name":"Quartos, su\u00edtes para fam\u00edlias e apartamentos"}]},{"@type":"WebSite","@id":"https:\/\/www.hotel-la-sivoliere.com\/pt-br\/#website","url":"https:\/\/www.hotel-la-sivoliere.com\/pt-br\/","name":"Hotel La Sivoliere","description":"","potentialAction":[{"@type":"SearchAction","target":{"@type":"EntryPoint","urlTemplate":"https:\/\/www.hotel-la-sivoliere.com\/pt-br\/?s={search_term_string}"},"query-input":{"@type":"PropertyValueSpecification","valueRequired":true,"valueName":"search_term_string"}}],"inLanguage":"pt-BR"}]}},"acf":[],"_links":{"self":[{"href":"https:\/\/www.hotel-la-sivoliere.com\/pt-br\/wp-json\/wp\/v2\/pages\/851","targetHints":{"allow":["GET"]}}],"collection":[{"href":"https:\/\/www.hotel-la-sivoliere.com\/pt-br\/wp-json\/wp\/v2\/pages"}],"about":[{"href":"https:\/\/www.hotel-la-sivoliere.com\/pt-br\/wp-json\/wp\/v2\/types\/page"}],"author":[{"embeddable":true,"href":"https:\/\/www.hotel-la-sivoliere.com\/pt-br\/wp-json\/wp\/v2\/users\/4"}],"replies":[{"embeddable":true,"href":"https:\/\/www.hotel-la-sivoliere.com\/pt-br\/wp-json\/wp\/v2\/comments?post=851"}],"version-history":[{"count":0,"href":"https:\/\/www.hotel-la-sivoliere.com\/pt-br\/wp-json\/wp\/v2\/pages\/851\/revisions"}],"wp:attachment":[{"href":"https:\/\/www.hotel-la-sivoliere.com\/pt-br\/wp-json\/wp\/v2\/media?parent=851"}],"curies":[{"name":"wp","href":"https:\/\/api.w.org\/{rel}","templated":true}]}}