{"id":845,"date":"2019-09-26T16:00:12","date_gmt":"2019-09-26T16:00:12","guid":{"rendered":"http:\/\/hotel-la-sivoliere.ms.decms.eu\/?page_id=845"},"modified":"2023-04-09T10:42:10","modified_gmt":"2023-04-09T10:42:10","slug":"bem-vindoa-ao-la-sivoliere","status":"publish","type":"page","link":"https:\/\/www.hotel-la-sivoliere.com\/pt-br\/bem-vindoa-ao-la-sivoliere\/","title":{"rendered":"Bem-vindo(a) ao La Sivoli\u00e8re"},"content":{"rendered":"<p>Totalmente renovado por Sara Copeland em estilo alpino revisitado, sua casa na Sab\u00f3ia tem visual novo e seduz pelo aconchego de seus <a href=\"https:\/\/hotel-la-sivoliere.ms.decms.eu\/pt-br\/quartos-suites-para-familias-e-apartamentos\/\">35 ambientes alpinos<\/a>: quartos Superiores, quartos Prestige, su\u00edtes J\u00fanior para Fam\u00edlias, su\u00edtes Prestige com um quarto, su\u00edtes para Fam\u00edlias com dois quartos e apartamentos com tr\u00eas quartos.<\/p>\n<p>Uma verdadeira casa de f\u00e9rias onde voc\u00ea ter\u00e1 ainda mais prazer de estar e relaxar. O servi\u00e7o \u00e0 francesa personalizado do La Sivoli\u00e8re, que mistura excel\u00eancia e verdadeira hospitalidade, o torna um hotel cinco estrelas diferenciado em Courchevel 1850.<\/p>\n<p>Logo na sua chegada, voc\u00ea ficar\u00e1 ansioso para se atirar nas pistas dos Trois-Vall\u00e9es. V\u00e1 para o ski-room para se equipar completamente e colocar os p\u00e9s com esquis na pista do Dou du Midi, logo atr\u00e1s da janela envidra\u00e7ada.<\/p>\n<p>Ap\u00f3s este dia \u201cduro\u201d, encontre o calor reconfortante de um verdadeiro chal\u00e9 contempor\u00e2neo. O La Sivoli\u00e8re oferece para voc\u00ea um lanche com chocolate quente e crepes caseiros. Por que n\u00e3o fazer uma massagem, uma sauna a vapor (banho turco) ou um tratamento no spa? O suficiente para abrir seu apetite para descobrir em nosso restaurante La Table de Madame.<\/p>\n<p>Complete com uma noite relaxante perto da lareira com um coquetel de champanhe ou uma x\u00edcara de ch\u00e1 fumegante com cheirinho de f\u00e9rias na montanha.<\/p>\n","protected":false},"excerpt":{"rendered":"<p>Totalmente renovado por Sara Copeland em estilo alpino revisitado, sua casa na Sab\u00f3ia tem visual novo e seduz pelo aconchego de seus 35 ambientes alpinos: quartos Superiores, quartos Prestige, su\u00edtes J\u00fanior para Fam\u00edlias, su\u00edtes Prestige com um quarto, su\u00edtes para Fam\u00edlias com dois quartos e apartamentos com tr\u00eas quartos. Uma verdadeira casa de f\u00e9rias onde [&hellip;]<\/p>\n","protected":false},"author":4,"featured_media":0,"parent":0,"menu_order":10,"comment_status":"closed","ping_status":"closed","template":"template-hotel.php","meta":{"footnotes":""},"class_list":["post-845","page","type-page","status-publish","hentry"],"yoast_head":"<!-- This site is optimized with the Yoast SEO plugin v26.9 - https:\/\/yoast.com\/product\/yoast-seo-wordpress\/ -->\n<title>Bem-vindo(a) ao La Sivoli\u00e8re - Hotel La Sivoliere<\/title>\n<meta name=\"description\" content=\"Totalmente renovado por Sara Copeland em estilo alpino revisitado, sua casa na Sab\u00f3ia tem visual novo e seduz pelo aconchego de seus 35 ambientes alpinos:\" \/>\n<meta name=\"robots\" content=\"index, follow, max-snippet:-1, max-image-preview:large, max-video-preview:-1\" \/>\n<link rel=\"canonical\" href=\"https:\/\/www.hotel-la-sivoliere.com\/pt-br\/bem-vindoa-ao-la-sivoliere\/\" \/>\n<meta property=\"og:locale\" content=\"pt_BR\" \/>\n<meta property=\"og:type\" content=\"article\" \/>\n<meta property=\"og:title\" content=\"Bem-vindo(a) ao La Sivoli\u00e8re - Hotel La Sivoliere\" \/>\n<meta property=\"og:description\" content=\"Totalmente renovado por Sara Copeland em estilo alpino revisitado, sua casa na Sab\u00f3ia tem visual novo e seduz pelo aconchego de seus 35 ambientes alpinos:\" \/>\n<meta property=\"og:url\" content=\"https:\/\/www.hotel-la-sivoliere.com\/pt-br\/bem-vindoa-ao-la-sivoliere\/\" \/>\n<meta property=\"og:site_name\" content=\"Hotel La Sivoliere\" \/>\n<meta property=\"article:modified_time\" content=\"2023-04-09T10:42:10+00:00\" \/>\n<meta name=\"twitter:card\" content=\"summary_large_image\" \/>\n<meta name=\"twitter:label1\" content=\"Est. tempo de leitura\" \/>\n\t<meta name=\"twitter:data1\" content=\"2 minutos\" \/>\n<script type=\"application\/ld+json\" class=\"yoast-schema-graph\">{\"@context\":\"https:\/\/schema.org\",\"@graph\":[{\"@type\":\"WebPage\",\"@id\":\"https:\/\/www.hotel-la-sivoliere.com\/pt-br\/bem-vindoa-ao-la-sivoliere\/\",\"url\":\"https:\/\/www.hotel-la-sivoliere.com\/pt-br\/bem-vindoa-ao-la-sivoliere\/\",\"name\":\"Bem-vindo(a) ao La Sivoli\u00e8re - Hotel La Sivoliere\",\"isPartOf\":{\"@id\":\"https:\/\/www.hotel-la-sivoliere.com\/pt-br\/#website\"},\"datePublished\":\"2019-09-26T16:00:12+00:00\",\"dateModified\":\"2023-04-09T10:42:10+00:00\",\"description\":\"Totalmente renovado por Sara Copeland em estilo alpino revisitado, sua casa na Sab\u00f3ia tem visual novo e seduz pelo aconchego de seus 35 ambientes alpinos:\",\"breadcrumb\":{\"@id\":\"https:\/\/www.hotel-la-sivoliere.com\/pt-br\/bem-vindoa-ao-la-sivoliere\/#breadcrumb\"},\"inLanguage\":\"pt-BR\",\"potentialAction\":[{\"@type\":\"ReadAction\",\"target\":[\"https:\/\/www.hotel-la-sivoliere.com\/pt-br\/bem-vindoa-ao-la-sivoliere\/\"]}]},{\"@type\":\"BreadcrumbList\",\"@id\":\"https:\/\/www.hotel-la-sivoliere.com\/pt-br\/bem-vindoa-ao-la-sivoliere\/#breadcrumb\",\"itemListElement\":[{\"@type\":\"ListItem\",\"position\":1,\"name\":\"Home\",\"item\":\"https:\/\/www.hotel-la-sivoliere.com\/pt-br\/\"},{\"@type\":\"ListItem\",\"position\":2,\"name\":\"Bem-vindo(a) ao La Sivoli\u00e8re\"}]},{\"@type\":\"WebSite\",\"@id\":\"https:\/\/www.hotel-la-sivoliere.com\/pt-br\/#website\",\"url\":\"https:\/\/www.hotel-la-sivoliere.com\/pt-br\/\",\"name\":\"Hotel La Sivoliere\",\"description\":\"\",\"potentialAction\":[{\"@type\":\"SearchAction\",\"target\":{\"@type\":\"EntryPoint\",\"urlTemplate\":\"https:\/\/www.hotel-la-sivoliere.com\/pt-br\/?s={search_term_string}\"},\"query-input\":{\"@type\":\"PropertyValueSpecification\",\"valueRequired\":true,\"valueName\":\"search_term_string\"}}],\"inLanguage\":\"pt-BR\"}]}<\/script>\n<!-- \/ Yoast SEO plugin. -->","yoast_head_json":{"title":"Bem-vindo(a) ao La Sivoli\u00e8re - Hotel La Sivoliere","description":"Totalmente renovado por Sara Copeland em estilo alpino revisitado, sua casa na Sab\u00f3ia tem visual novo e seduz pelo aconchego de seus 35 ambientes alpinos:","robots":{"index":"index","follow":"follow","max-snippet":"max-snippet:-1","max-image-preview":"max-image-preview:large","max-video-preview":"max-video-preview:-1"},"canonical":"https:\/\/www.hotel-la-sivoliere.com\/pt-br\/bem-vindoa-ao-la-sivoliere\/","og_locale":"pt_BR","og_type":"article","og_title":"Bem-vindo(a) ao La Sivoli\u00e8re - Hotel La Sivoliere","og_description":"Totalmente renovado por Sara Copeland em estilo alpino revisitado, sua casa na Sab\u00f3ia tem visual novo e seduz pelo aconchego de seus 35 ambientes alpinos:","og_url":"https:\/\/www.hotel-la-sivoliere.com\/pt-br\/bem-vindoa-ao-la-sivoliere\/","og_site_name":"Hotel La Sivoliere","article_modified_time":"2023-04-09T10:42:10+00:00","twitter_card":"summary_large_image","twitter_misc":{"Est. tempo de leitura":"2 minutos"},"schema":{"@context":"https:\/\/schema.org","@graph":[{"@type":"WebPage","@id":"https:\/\/www.hotel-la-sivoliere.com\/pt-br\/bem-vindoa-ao-la-sivoliere\/","url":"https:\/\/www.hotel-la-sivoliere.com\/pt-br\/bem-vindoa-ao-la-sivoliere\/","name":"Bem-vindo(a) ao La Sivoli\u00e8re - Hotel La Sivoliere","isPartOf":{"@id":"https:\/\/www.hotel-la-sivoliere.com\/pt-br\/#website"},"datePublished":"2019-09-26T16:00:12+00:00","dateModified":"2023-04-09T10:42:10+00:00","description":"Totalmente renovado por Sara Copeland em estilo alpino revisitado, sua casa na Sab\u00f3ia tem visual novo e seduz pelo aconchego de seus 35 ambientes alpinos:","breadcrumb":{"@id":"https:\/\/www.hotel-la-sivoliere.com\/pt-br\/bem-vindoa-ao-la-sivoliere\/#breadcrumb"},"inLanguage":"pt-BR","potentialAction":[{"@type":"ReadAction","target":["https:\/\/www.hotel-la-sivoliere.com\/pt-br\/bem-vindoa-ao-la-sivoliere\/"]}]},{"@type":"BreadcrumbList","@id":"https:\/\/www.hotel-la-sivoliere.com\/pt-br\/bem-vindoa-ao-la-sivoliere\/#breadcrumb","itemListElement":[{"@type":"ListItem","position":1,"name":"Home","item":"https:\/\/www.hotel-la-sivoliere.com\/pt-br\/"},{"@type":"ListItem","position":2,"name":"Bem-vindo(a) ao La Sivoli\u00e8re"}]},{"@type":"WebSite","@id":"https:\/\/www.hotel-la-sivoliere.com\/pt-br\/#website","url":"https:\/\/www.hotel-la-sivoliere.com\/pt-br\/","name":"Hotel La Sivoliere","description":"","potentialAction":[{"@type":"SearchAction","target":{"@type":"EntryPoint","urlTemplate":"https:\/\/www.hotel-la-sivoliere.com\/pt-br\/?s={search_term_string}"},"query-input":{"@type":"PropertyValueSpecification","valueRequired":true,"valueName":"search_term_string"}}],"inLanguage":"pt-BR"}]}},"acf":[],"_links":{"self":[{"href":"https:\/\/www.hotel-la-sivoliere.com\/pt-br\/wp-json\/wp\/v2\/pages\/845","targetHints":{"allow":["GET"]}}],"collection":[{"href":"https:\/\/www.hotel-la-sivoliere.com\/pt-br\/wp-json\/wp\/v2\/pages"}],"about":[{"href":"https:\/\/www.hotel-la-sivoliere.com\/pt-br\/wp-json\/wp\/v2\/types\/page"}],"author":[{"embeddable":true,"href":"https:\/\/www.hotel-la-sivoliere.com\/pt-br\/wp-json\/wp\/v2\/users\/4"}],"replies":[{"embeddable":true,"href":"https:\/\/www.hotel-la-sivoliere.com\/pt-br\/wp-json\/wp\/v2\/comments?post=845"}],"version-history":[{"count":0,"href":"https:\/\/www.hotel-la-sivoliere.com\/pt-br\/wp-json\/wp\/v2\/pages\/845\/revisions"}],"wp:attachment":[{"href":"https:\/\/www.hotel-la-sivoliere.com\/pt-br\/wp-json\/wp\/v2\/media?parent=845"}],"curies":[{"name":"wp","href":"https:\/\/api.w.org\/{rel}","templated":true}]}}