{"id":765,"date":"2019-07-31T10:22:10","date_gmt":"2019-07-31T10:22:10","guid":{"rendered":"http:\/\/hotel-la-sivoliere.ms.decms.eu\/services-at-la-sivoliere\/ski-room\/"},"modified":"2020-09-22T10:01:42","modified_gmt":"2020-09-22T10:01:42","slug":"ski-room","status":"publish","type":"page","link":"https:\/\/www.hotel-la-sivoliere.com\/en\/services-at-la-sivoliere\/ski-room\/","title":{"rendered":"Ski room"},"content":{"rendered":"<p>Get all dressed up for outdoor adventure and ski straight from our ski room to take on the Trois-Vall\u00e9es\u2019 600 km of ski slopes. In partnership with L\u2019Atelier, La Sivoli\u00e8re offers the ultimate perk for any skier: our ski room.<\/p>\n<p>This welcoming space is designed to help you prepare for a perfect day exploring the biggest connected ski area in the world. Sit comfortably on a heated sofa as our team offers tips on clothing and equipment, prepares your feet, warms your shoes&#8230; You might almost be tempted to spend the day here.<\/p>\n<p>But just behind the big bay window, the Dou du Midi slope is waiting for you. So get out there for a great day of skiing!<\/p>\n<p>&nbsp;<\/p>\n<p><a href=\"https:\/\/ski-rent.skilouresa.com\/lateliercourch\/\"><span style=\"color: #ff0000\"><strong>Ski &amp; snowboard reservation.<\/strong><\/span><\/a><\/p>\n<p>&nbsp;<\/p>\n","protected":false},"excerpt":{"rendered":"<p>Get all dressed up for outdoor adventure and ski straight from our ski room to take on the Trois-Vall\u00e9es\u2019 600 km of ski slopes. In partnership with L\u2019Atelier, La Sivoli\u00e8re offers the ultimate perk for any skier: our ski room. This welcoming space is designed to help you prepare for a perfect day exploring the [&hellip;]<\/p>\n","protected":false},"author":3,"featured_media":0,"parent":761,"menu_order":20,"comment_status":"closed","ping_status":"closed","template":"","meta":{"footnotes":""},"class_list":["post-765","page","type-page","status-publish","hentry"],"yoast_head":"<!-- This site is optimized with the Yoast SEO plugin v26.9 - https:\/\/yoast.com\/product\/yoast-seo-wordpress\/ -->\n<title>La Sivoli\u00e8re - H\u00f4tel spa \u00e0 Courchevel 1850 - Ski-room<\/title>\n<meta name=\"description\" content=\"Partez skis aux pieds directement du ski-room. La Sivoli\u00e8re s\u2019associe \u00e0 l\u2019Atelier, sp\u00e9cialiste du mat\u00e9riel sportif \u00e0 Courchevel, pour vous pr\u00e9parer au mieux \u00e0 cette nouvelle journ\u00e9e sur les pistes.\" \/>\n<meta name=\"robots\" content=\"index, follow, max-snippet:-1, max-image-preview:large, max-video-preview:-1\" \/>\n<link rel=\"canonical\" href=\"https:\/\/www.hotel-la-sivoliere.com\/en\/services-at-la-sivoliere\/ski-room\/\" \/>\n<meta property=\"og:locale\" content=\"en_US\" \/>\n<meta property=\"og:type\" content=\"article\" \/>\n<meta property=\"og:title\" content=\"La Sivoli\u00e8re - H\u00f4tel spa \u00e0 Courchevel 1850 - Ski-room\" \/>\n<meta property=\"og:description\" content=\"Partez skis aux pieds directement du ski-room. La Sivoli\u00e8re s\u2019associe \u00e0 l\u2019Atelier, sp\u00e9cialiste du mat\u00e9riel sportif \u00e0 Courchevel, pour vous pr\u00e9parer au mieux \u00e0 cette nouvelle journ\u00e9e sur les pistes.\" \/>\n<meta property=\"og:url\" content=\"https:\/\/www.hotel-la-sivoliere.com\/en\/services-at-la-sivoliere\/ski-room\/\" \/>\n<meta property=\"og:site_name\" content=\"Hotel La Sivoliere\" \/>\n<meta property=\"article:modified_time\" content=\"2020-09-22T10:01:42+00:00\" \/>\n<meta name=\"twitter:card\" content=\"summary_large_image\" \/>\n<meta name=\"twitter:label1\" content=\"Est. reading time\" \/>\n\t<meta name=\"twitter:data1\" content=\"1 minute\" \/>\n<script type=\"application\/ld+json\" class=\"yoast-schema-graph\">{\"@context\":\"https:\/\/schema.org\",\"@graph\":[{\"@type\":\"WebPage\",\"@id\":\"https:\/\/www.hotel-la-sivoliere.com\/en\/services-at-la-sivoliere\/ski-room\/\",\"url\":\"https:\/\/www.hotel-la-sivoliere.com\/en\/services-at-la-sivoliere\/ski-room\/\",\"name\":\"La Sivoli\u00e8re - H\u00f4tel spa \u00e0 Courchevel 1850 - Ski-room\",\"isPartOf\":{\"@id\":\"https:\/\/www.hotel-la-sivoliere.com\/en\/#website\"},\"datePublished\":\"2019-07-31T10:22:10+00:00\",\"dateModified\":\"2020-09-22T10:01:42+00:00\",\"description\":\"Partez skis aux pieds directement du ski-room. La Sivoli\u00e8re s\u2019associe \u00e0 l\u2019Atelier, sp\u00e9cialiste du mat\u00e9riel sportif \u00e0 Courchevel, pour vous pr\u00e9parer au mieux \u00e0 cette nouvelle journ\u00e9e sur les pistes.\",\"breadcrumb\":{\"@id\":\"https:\/\/www.hotel-la-sivoliere.com\/en\/services-at-la-sivoliere\/ski-room\/#breadcrumb\"},\"inLanguage\":\"en-US\",\"potentialAction\":[{\"@type\":\"ReadAction\",\"target\":[\"https:\/\/www.hotel-la-sivoliere.com\/en\/services-at-la-sivoliere\/ski-room\/\"]}]},{\"@type\":\"BreadcrumbList\",\"@id\":\"https:\/\/www.hotel-la-sivoliere.com\/en\/services-at-la-sivoliere\/ski-room\/#breadcrumb\",\"itemListElement\":[{\"@type\":\"ListItem\",\"position\":1,\"name\":\"Home\",\"item\":\"https:\/\/www.hotel-la-sivoliere.com\/en\/\"},{\"@type\":\"ListItem\",\"position\":2,\"name\":\"Services at La Sivoli\u00e8re\",\"item\":\"https:\/\/www.hotel-la-sivoliere.com\/en\/services-at-la-sivoliere\/\"},{\"@type\":\"ListItem\",\"position\":3,\"name\":\"Ski room\"}]},{\"@type\":\"WebSite\",\"@id\":\"https:\/\/www.hotel-la-sivoliere.com\/en\/#website\",\"url\":\"https:\/\/www.hotel-la-sivoliere.com\/en\/\",\"name\":\"Hotel La Sivoliere\",\"description\":\"\",\"potentialAction\":[{\"@type\":\"SearchAction\",\"target\":{\"@type\":\"EntryPoint\",\"urlTemplate\":\"https:\/\/www.hotel-la-sivoliere.com\/en\/?s={search_term_string}\"},\"query-input\":{\"@type\":\"PropertyValueSpecification\",\"valueRequired\":true,\"valueName\":\"search_term_string\"}}],\"inLanguage\":\"en-US\"}]}<\/script>\n<!-- \/ Yoast SEO plugin. -->","yoast_head_json":{"title":"La Sivoli\u00e8re - H\u00f4tel spa \u00e0 Courchevel 1850 - Ski-room","description":"Partez skis aux pieds directement du ski-room. La Sivoli\u00e8re s\u2019associe \u00e0 l\u2019Atelier, sp\u00e9cialiste du mat\u00e9riel sportif \u00e0 Courchevel, pour vous pr\u00e9parer au mieux \u00e0 cette nouvelle journ\u00e9e sur les pistes.","robots":{"index":"index","follow":"follow","max-snippet":"max-snippet:-1","max-image-preview":"max-image-preview:large","max-video-preview":"max-video-preview:-1"},"canonical":"https:\/\/www.hotel-la-sivoliere.com\/en\/services-at-la-sivoliere\/ski-room\/","og_locale":"en_US","og_type":"article","og_title":"La Sivoli\u00e8re - H\u00f4tel spa \u00e0 Courchevel 1850 - Ski-room","og_description":"Partez skis aux pieds directement du ski-room. La Sivoli\u00e8re s\u2019associe \u00e0 l\u2019Atelier, sp\u00e9cialiste du mat\u00e9riel sportif \u00e0 Courchevel, pour vous pr\u00e9parer au mieux \u00e0 cette nouvelle journ\u00e9e sur les pistes.","og_url":"https:\/\/www.hotel-la-sivoliere.com\/en\/services-at-la-sivoliere\/ski-room\/","og_site_name":"Hotel La Sivoliere","article_modified_time":"2020-09-22T10:01:42+00:00","twitter_card":"summary_large_image","twitter_misc":{"Est. reading time":"1 minute"},"schema":{"@context":"https:\/\/schema.org","@graph":[{"@type":"WebPage","@id":"https:\/\/www.hotel-la-sivoliere.com\/en\/services-at-la-sivoliere\/ski-room\/","url":"https:\/\/www.hotel-la-sivoliere.com\/en\/services-at-la-sivoliere\/ski-room\/","name":"La Sivoli\u00e8re - H\u00f4tel spa \u00e0 Courchevel 1850 - Ski-room","isPartOf":{"@id":"https:\/\/www.hotel-la-sivoliere.com\/en\/#website"},"datePublished":"2019-07-31T10:22:10+00:00","dateModified":"2020-09-22T10:01:42+00:00","description":"Partez skis aux pieds directement du ski-room. La Sivoli\u00e8re s\u2019associe \u00e0 l\u2019Atelier, sp\u00e9cialiste du mat\u00e9riel sportif \u00e0 Courchevel, pour vous pr\u00e9parer au mieux \u00e0 cette nouvelle journ\u00e9e sur les pistes.","breadcrumb":{"@id":"https:\/\/www.hotel-la-sivoliere.com\/en\/services-at-la-sivoliere\/ski-room\/#breadcrumb"},"inLanguage":"en-US","potentialAction":[{"@type":"ReadAction","target":["https:\/\/www.hotel-la-sivoliere.com\/en\/services-at-la-sivoliere\/ski-room\/"]}]},{"@type":"BreadcrumbList","@id":"https:\/\/www.hotel-la-sivoliere.com\/en\/services-at-la-sivoliere\/ski-room\/#breadcrumb","itemListElement":[{"@type":"ListItem","position":1,"name":"Home","item":"https:\/\/www.hotel-la-sivoliere.com\/en\/"},{"@type":"ListItem","position":2,"name":"Services at La Sivoli\u00e8re","item":"https:\/\/www.hotel-la-sivoliere.com\/en\/services-at-la-sivoliere\/"},{"@type":"ListItem","position":3,"name":"Ski room"}]},{"@type":"WebSite","@id":"https:\/\/www.hotel-la-sivoliere.com\/en\/#website","url":"https:\/\/www.hotel-la-sivoliere.com\/en\/","name":"Hotel La Sivoliere","description":"","potentialAction":[{"@type":"SearchAction","target":{"@type":"EntryPoint","urlTemplate":"https:\/\/www.hotel-la-sivoliere.com\/en\/?s={search_term_string}"},"query-input":{"@type":"PropertyValueSpecification","valueRequired":true,"valueName":"search_term_string"}}],"inLanguage":"en-US"}]}},"acf":[],"_links":{"self":[{"href":"https:\/\/www.hotel-la-sivoliere.com\/en\/wp-json\/wp\/v2\/pages\/765","targetHints":{"allow":["GET"]}}],"collection":[{"href":"https:\/\/www.hotel-la-sivoliere.com\/en\/wp-json\/wp\/v2\/pages"}],"about":[{"href":"https:\/\/www.hotel-la-sivoliere.com\/en\/wp-json\/wp\/v2\/types\/page"}],"author":[{"embeddable":true,"href":"https:\/\/www.hotel-la-sivoliere.com\/en\/wp-json\/wp\/v2\/users\/3"}],"replies":[{"embeddable":true,"href":"https:\/\/www.hotel-la-sivoliere.com\/en\/wp-json\/wp\/v2\/comments?post=765"}],"version-history":[{"count":0,"href":"https:\/\/www.hotel-la-sivoliere.com\/en\/wp-json\/wp\/v2\/pages\/765\/revisions"}],"up":[{"embeddable":true,"href":"https:\/\/www.hotel-la-sivoliere.com\/en\/wp-json\/wp\/v2\/pages\/761"}],"wp:attachment":[{"href":"https:\/\/www.hotel-la-sivoliere.com\/en\/wp-json\/wp\/v2\/media?parent=765"}],"curies":[{"name":"wp","href":"https:\/\/api.w.org\/{rel}","templated":true}]}}