{"id":763,"date":"2019-07-31T10:18:28","date_gmt":"2019-07-31T10:18:28","guid":{"rendered":"http:\/\/hotel-la-sivoliere.ms.decms.eu\/services-at-la-sivoliere\/service-de-conciergerie\/"},"modified":"2019-09-26T14:23:00","modified_gmt":"2019-09-26T14:23:00","slug":"concierge-service","status":"publish","type":"page","link":"https:\/\/www.hotel-la-sivoliere.com\/en\/services-at-la-sivoliere\/concierge-service\/","title":{"rendered":"Concierge service"},"content":{"rendered":"<p>Courchevel is famous for its ski area and its countless outdoor activities, but also for its award-winning restaurants, its shops, its night life and its events throughout the winter season.<\/p>\n<p>Our concierge team is here to help you make the most of it all. Transportation, ski classes, private parties, restaurant reservations, paraglider flights or just a bit of expert advice&#8230; All you have to do is ask!<\/p>\n<p>Feel free to contact the concierge\u2019s office directly by email at <a href=\"mailto:concierge@sivoliere.fr\">concierge@sivoliere.fr<\/a><\/p>\n","protected":false},"excerpt":{"rendered":"<p>Courchevel is famous for its ski area and its countless outdoor activities, but also for its award-winning restaurants, its shops, its night life and its events throughout the winter season. Our concierge team is here to help you make the most of it all. Transportation, ski classes, private parties, restaurant reservations, paraglider flights or just [&hellip;]<\/p>\n","protected":false},"author":3,"featured_media":0,"parent":761,"menu_order":10,"comment_status":"closed","ping_status":"closed","template":"","meta":{"footnotes":""},"class_list":["post-763","page","type-page","status-publish","hentry"],"yoast_head":"<!-- This site is optimized with the Yoast SEO plugin v26.9 - https:\/\/yoast.com\/product\/yoast-seo-wordpress\/ -->\n<title>La Sivoli\u00e8re - H\u00f4tel Spa \u00e0 Courchevel 1850 - Service de conciergerie<\/title>\n<meta name=\"description\" content=\"Transferts, activit\u00e9s locales, rendez-vous, r\u00e9servations\u2026 Nos concierges vous aident \u00e0 vivre pleinement Courchevel.\" \/>\n<meta name=\"robots\" content=\"index, follow, max-snippet:-1, max-image-preview:large, max-video-preview:-1\" \/>\n<link rel=\"canonical\" href=\"https:\/\/www.hotel-la-sivoliere.com\/en\/services-at-la-sivoliere\/concierge-service\/\" \/>\n<meta property=\"og:locale\" content=\"en_US\" \/>\n<meta property=\"og:type\" content=\"article\" \/>\n<meta property=\"og:title\" content=\"La Sivoli\u00e8re - H\u00f4tel Spa \u00e0 Courchevel 1850 - Service de conciergerie\" \/>\n<meta property=\"og:description\" content=\"Transferts, activit\u00e9s locales, rendez-vous, r\u00e9servations\u2026 Nos concierges vous aident \u00e0 vivre pleinement Courchevel.\" \/>\n<meta property=\"og:url\" content=\"https:\/\/www.hotel-la-sivoliere.com\/en\/services-at-la-sivoliere\/concierge-service\/\" \/>\n<meta property=\"og:site_name\" content=\"Hotel La Sivoliere\" \/>\n<meta property=\"article:modified_time\" content=\"2019-09-26T14:23:00+00:00\" \/>\n<meta name=\"twitter:card\" content=\"summary_large_image\" \/>\n<script type=\"application\/ld+json\" class=\"yoast-schema-graph\">{\"@context\":\"https:\/\/schema.org\",\"@graph\":[{\"@type\":\"WebPage\",\"@id\":\"https:\/\/www.hotel-la-sivoliere.com\/en\/services-at-la-sivoliere\/concierge-service\/\",\"url\":\"https:\/\/www.hotel-la-sivoliere.com\/en\/services-at-la-sivoliere\/concierge-service\/\",\"name\":\"La Sivoli\u00e8re - H\u00f4tel Spa \u00e0 Courchevel 1850 - Service de conciergerie\",\"isPartOf\":{\"@id\":\"https:\/\/www.hotel-la-sivoliere.com\/en\/#website\"},\"datePublished\":\"2019-07-31T10:18:28+00:00\",\"dateModified\":\"2019-09-26T14:23:00+00:00\",\"description\":\"Transferts, activit\u00e9s locales, rendez-vous, r\u00e9servations\u2026 Nos concierges vous aident \u00e0 vivre pleinement Courchevel.\",\"breadcrumb\":{\"@id\":\"https:\/\/www.hotel-la-sivoliere.com\/en\/services-at-la-sivoliere\/concierge-service\/#breadcrumb\"},\"inLanguage\":\"en-US\",\"potentialAction\":[{\"@type\":\"ReadAction\",\"target\":[\"https:\/\/www.hotel-la-sivoliere.com\/en\/services-at-la-sivoliere\/concierge-service\/\"]}]},{\"@type\":\"BreadcrumbList\",\"@id\":\"https:\/\/www.hotel-la-sivoliere.com\/en\/services-at-la-sivoliere\/concierge-service\/#breadcrumb\",\"itemListElement\":[{\"@type\":\"ListItem\",\"position\":1,\"name\":\"Home\",\"item\":\"https:\/\/www.hotel-la-sivoliere.com\/en\/\"},{\"@type\":\"ListItem\",\"position\":2,\"name\":\"Services at La Sivoli\u00e8re\",\"item\":\"https:\/\/www.hotel-la-sivoliere.com\/en\/services-at-la-sivoliere\/\"},{\"@type\":\"ListItem\",\"position\":3,\"name\":\"Concierge service\"}]},{\"@type\":\"WebSite\",\"@id\":\"https:\/\/www.hotel-la-sivoliere.com\/en\/#website\",\"url\":\"https:\/\/www.hotel-la-sivoliere.com\/en\/\",\"name\":\"Hotel La Sivoliere\",\"description\":\"\",\"potentialAction\":[{\"@type\":\"SearchAction\",\"target\":{\"@type\":\"EntryPoint\",\"urlTemplate\":\"https:\/\/www.hotel-la-sivoliere.com\/en\/?s={search_term_string}\"},\"query-input\":{\"@type\":\"PropertyValueSpecification\",\"valueRequired\":true,\"valueName\":\"search_term_string\"}}],\"inLanguage\":\"en-US\"}]}<\/script>\n<!-- \/ Yoast SEO plugin. -->","yoast_head_json":{"title":"La Sivoli\u00e8re - H\u00f4tel Spa \u00e0 Courchevel 1850 - Service de conciergerie","description":"Transferts, activit\u00e9s locales, rendez-vous, r\u00e9servations\u2026 Nos concierges vous aident \u00e0 vivre pleinement Courchevel.","robots":{"index":"index","follow":"follow","max-snippet":"max-snippet:-1","max-image-preview":"max-image-preview:large","max-video-preview":"max-video-preview:-1"},"canonical":"https:\/\/www.hotel-la-sivoliere.com\/en\/services-at-la-sivoliere\/concierge-service\/","og_locale":"en_US","og_type":"article","og_title":"La Sivoli\u00e8re - H\u00f4tel Spa \u00e0 Courchevel 1850 - Service de conciergerie","og_description":"Transferts, activit\u00e9s locales, rendez-vous, r\u00e9servations\u2026 Nos concierges vous aident \u00e0 vivre pleinement Courchevel.","og_url":"https:\/\/www.hotel-la-sivoliere.com\/en\/services-at-la-sivoliere\/concierge-service\/","og_site_name":"Hotel La Sivoliere","article_modified_time":"2019-09-26T14:23:00+00:00","twitter_card":"summary_large_image","schema":{"@context":"https:\/\/schema.org","@graph":[{"@type":"WebPage","@id":"https:\/\/www.hotel-la-sivoliere.com\/en\/services-at-la-sivoliere\/concierge-service\/","url":"https:\/\/www.hotel-la-sivoliere.com\/en\/services-at-la-sivoliere\/concierge-service\/","name":"La Sivoli\u00e8re - H\u00f4tel Spa \u00e0 Courchevel 1850 - Service de conciergerie","isPartOf":{"@id":"https:\/\/www.hotel-la-sivoliere.com\/en\/#website"},"datePublished":"2019-07-31T10:18:28+00:00","dateModified":"2019-09-26T14:23:00+00:00","description":"Transferts, activit\u00e9s locales, rendez-vous, r\u00e9servations\u2026 Nos concierges vous aident \u00e0 vivre pleinement Courchevel.","breadcrumb":{"@id":"https:\/\/www.hotel-la-sivoliere.com\/en\/services-at-la-sivoliere\/concierge-service\/#breadcrumb"},"inLanguage":"en-US","potentialAction":[{"@type":"ReadAction","target":["https:\/\/www.hotel-la-sivoliere.com\/en\/services-at-la-sivoliere\/concierge-service\/"]}]},{"@type":"BreadcrumbList","@id":"https:\/\/www.hotel-la-sivoliere.com\/en\/services-at-la-sivoliere\/concierge-service\/#breadcrumb","itemListElement":[{"@type":"ListItem","position":1,"name":"Home","item":"https:\/\/www.hotel-la-sivoliere.com\/en\/"},{"@type":"ListItem","position":2,"name":"Services at La Sivoli\u00e8re","item":"https:\/\/www.hotel-la-sivoliere.com\/en\/services-at-la-sivoliere\/"},{"@type":"ListItem","position":3,"name":"Concierge service"}]},{"@type":"WebSite","@id":"https:\/\/www.hotel-la-sivoliere.com\/en\/#website","url":"https:\/\/www.hotel-la-sivoliere.com\/en\/","name":"Hotel La Sivoliere","description":"","potentialAction":[{"@type":"SearchAction","target":{"@type":"EntryPoint","urlTemplate":"https:\/\/www.hotel-la-sivoliere.com\/en\/?s={search_term_string}"},"query-input":{"@type":"PropertyValueSpecification","valueRequired":true,"valueName":"search_term_string"}}],"inLanguage":"en-US"}]}},"acf":[],"_links":{"self":[{"href":"https:\/\/www.hotel-la-sivoliere.com\/en\/wp-json\/wp\/v2\/pages\/763","targetHints":{"allow":["GET"]}}],"collection":[{"href":"https:\/\/www.hotel-la-sivoliere.com\/en\/wp-json\/wp\/v2\/pages"}],"about":[{"href":"https:\/\/www.hotel-la-sivoliere.com\/en\/wp-json\/wp\/v2\/types\/page"}],"author":[{"embeddable":true,"href":"https:\/\/www.hotel-la-sivoliere.com\/en\/wp-json\/wp\/v2\/users\/3"}],"replies":[{"embeddable":true,"href":"https:\/\/www.hotel-la-sivoliere.com\/en\/wp-json\/wp\/v2\/comments?post=763"}],"version-history":[{"count":0,"href":"https:\/\/www.hotel-la-sivoliere.com\/en\/wp-json\/wp\/v2\/pages\/763\/revisions"}],"up":[{"embeddable":true,"href":"https:\/\/www.hotel-la-sivoliere.com\/en\/wp-json\/wp\/v2\/pages\/761"}],"wp:attachment":[{"href":"https:\/\/www.hotel-la-sivoliere.com\/en\/wp-json\/wp\/v2\/media?parent=763"}],"curies":[{"name":"wp","href":"https:\/\/api.w.org\/{rel}","templated":true}]}}