{"id":761,"date":"2019-07-31T10:12:50","date_gmt":"2019-07-31T10:12:50","guid":{"rendered":"http:\/\/hotel-la-sivoliere.ms.decms.eu\/les-services-de-la-sivoliere\/"},"modified":"2020-09-22T09:35:10","modified_gmt":"2020-09-22T09:35:10","slug":"services-at-la-sivoliere","status":"publish","type":"page","link":"https:\/\/www.hotel-la-sivoliere.com\/en\/services-at-la-sivoliere\/","title":{"rendered":"Services at La Sivoli\u00e8re"},"content":{"rendered":"<p>Service at La Sivoli\u00e8re reflects the art of living &#8220;\u00e0 la fran\u00e7aise&#8221; and a personalized welcome to ensure that all of our guests feel at home.<\/p>\n","protected":false},"excerpt":{"rendered":"<p>Service at La Sivoli\u00e8re reflects the art of living &#8220;\u00e0 la fran\u00e7aise&#8221; and a personalized welcome to ensure that all of our guests feel at home.<\/p>\n","protected":false},"author":3,"featured_media":0,"parent":0,"menu_order":40,"comment_status":"closed","ping_status":"closed","template":"","meta":{"footnotes":""},"class_list":["post-761","page","type-page","status-publish","hentry"],"yoast_head":"<!-- This site is optimized with the Yoast SEO plugin v26.9 - https:\/\/yoast.com\/product\/yoast-seo-wordpress\/ -->\n<title>La Sivoli\u00e8re - H\u00f4tel spa \u00e0 Courchevel 1850 - Services<\/title>\n<meta name=\"description\" content=\"La Sivoli\u00e8re a cr\u00e9\u00e9 une gamme de services pens\u00e9e pour r\u00e9pondre \u00e0 vos besoins sp\u00e9cifiques : conciergerie, ski-room, navettes et chambres adapt\u00e9es, accueil VIP enfants, Dog Service.\" \/>\n<meta name=\"robots\" content=\"index, follow, max-snippet:-1, max-image-preview:large, max-video-preview:-1\" \/>\n<link rel=\"canonical\" href=\"https:\/\/www.hotel-la-sivoliere.com\/en\/services-at-la-sivoliere\/\" \/>\n<meta property=\"og:locale\" content=\"en_US\" \/>\n<meta property=\"og:type\" content=\"article\" \/>\n<meta property=\"og:title\" content=\"La Sivoli\u00e8re - H\u00f4tel spa \u00e0 Courchevel 1850 - Services\" \/>\n<meta property=\"og:description\" content=\"La Sivoli\u00e8re a cr\u00e9\u00e9 une gamme de services pens\u00e9e pour r\u00e9pondre \u00e0 vos besoins sp\u00e9cifiques : conciergerie, ski-room, navettes et chambres adapt\u00e9es, accueil VIP enfants, Dog Service.\" \/>\n<meta property=\"og:url\" content=\"https:\/\/www.hotel-la-sivoliere.com\/en\/services-at-la-sivoliere\/\" \/>\n<meta property=\"og:site_name\" content=\"Hotel La Sivoliere\" \/>\n<meta property=\"article:modified_time\" content=\"2020-09-22T09:35:10+00:00\" \/>\n<meta name=\"twitter:card\" content=\"summary_large_image\" \/>\n<script type=\"application\/ld+json\" class=\"yoast-schema-graph\">{\"@context\":\"https:\/\/schema.org\",\"@graph\":[{\"@type\":\"WebPage\",\"@id\":\"https:\/\/www.hotel-la-sivoliere.com\/en\/services-at-la-sivoliere\/\",\"url\":\"https:\/\/www.hotel-la-sivoliere.com\/en\/services-at-la-sivoliere\/\",\"name\":\"La Sivoli\u00e8re - H\u00f4tel spa \u00e0 Courchevel 1850 - Services\",\"isPartOf\":{\"@id\":\"https:\/\/www.hotel-la-sivoliere.com\/en\/#website\"},\"datePublished\":\"2019-07-31T10:12:50+00:00\",\"dateModified\":\"2020-09-22T09:35:10+00:00\",\"description\":\"La Sivoli\u00e8re a cr\u00e9\u00e9 une gamme de services pens\u00e9e pour r\u00e9pondre \u00e0 vos besoins sp\u00e9cifiques : conciergerie, ski-room, navettes et chambres adapt\u00e9es, accueil VIP enfants, Dog Service.\",\"breadcrumb\":{\"@id\":\"https:\/\/www.hotel-la-sivoliere.com\/en\/services-at-la-sivoliere\/#breadcrumb\"},\"inLanguage\":\"en-US\",\"potentialAction\":[{\"@type\":\"ReadAction\",\"target\":[\"https:\/\/www.hotel-la-sivoliere.com\/en\/services-at-la-sivoliere\/\"]}]},{\"@type\":\"BreadcrumbList\",\"@id\":\"https:\/\/www.hotel-la-sivoliere.com\/en\/services-at-la-sivoliere\/#breadcrumb\",\"itemListElement\":[{\"@type\":\"ListItem\",\"position\":1,\"name\":\"Home\",\"item\":\"https:\/\/www.hotel-la-sivoliere.com\/en\/\"},{\"@type\":\"ListItem\",\"position\":2,\"name\":\"Services at La Sivoli\u00e8re\"}]},{\"@type\":\"WebSite\",\"@id\":\"https:\/\/www.hotel-la-sivoliere.com\/en\/#website\",\"url\":\"https:\/\/www.hotel-la-sivoliere.com\/en\/\",\"name\":\"Hotel La Sivoliere\",\"description\":\"\",\"potentialAction\":[{\"@type\":\"SearchAction\",\"target\":{\"@type\":\"EntryPoint\",\"urlTemplate\":\"https:\/\/www.hotel-la-sivoliere.com\/en\/?s={search_term_string}\"},\"query-input\":{\"@type\":\"PropertyValueSpecification\",\"valueRequired\":true,\"valueName\":\"search_term_string\"}}],\"inLanguage\":\"en-US\"}]}<\/script>\n<!-- \/ Yoast SEO plugin. -->","yoast_head_json":{"title":"La Sivoli\u00e8re - H\u00f4tel spa \u00e0 Courchevel 1850 - Services","description":"La Sivoli\u00e8re a cr\u00e9\u00e9 une gamme de services pens\u00e9e pour r\u00e9pondre \u00e0 vos besoins sp\u00e9cifiques : conciergerie, ski-room, navettes et chambres adapt\u00e9es, accueil VIP enfants, Dog Service.","robots":{"index":"index","follow":"follow","max-snippet":"max-snippet:-1","max-image-preview":"max-image-preview:large","max-video-preview":"max-video-preview:-1"},"canonical":"https:\/\/www.hotel-la-sivoliere.com\/en\/services-at-la-sivoliere\/","og_locale":"en_US","og_type":"article","og_title":"La Sivoli\u00e8re - H\u00f4tel spa \u00e0 Courchevel 1850 - Services","og_description":"La Sivoli\u00e8re a cr\u00e9\u00e9 une gamme de services pens\u00e9e pour r\u00e9pondre \u00e0 vos besoins sp\u00e9cifiques : conciergerie, ski-room, navettes et chambres adapt\u00e9es, accueil VIP enfants, Dog Service.","og_url":"https:\/\/www.hotel-la-sivoliere.com\/en\/services-at-la-sivoliere\/","og_site_name":"Hotel La Sivoliere","article_modified_time":"2020-09-22T09:35:10+00:00","twitter_card":"summary_large_image","schema":{"@context":"https:\/\/schema.org","@graph":[{"@type":"WebPage","@id":"https:\/\/www.hotel-la-sivoliere.com\/en\/services-at-la-sivoliere\/","url":"https:\/\/www.hotel-la-sivoliere.com\/en\/services-at-la-sivoliere\/","name":"La Sivoli\u00e8re - H\u00f4tel spa \u00e0 Courchevel 1850 - Services","isPartOf":{"@id":"https:\/\/www.hotel-la-sivoliere.com\/en\/#website"},"datePublished":"2019-07-31T10:12:50+00:00","dateModified":"2020-09-22T09:35:10+00:00","description":"La Sivoli\u00e8re a cr\u00e9\u00e9 une gamme de services pens\u00e9e pour r\u00e9pondre \u00e0 vos besoins sp\u00e9cifiques : conciergerie, ski-room, navettes et chambres adapt\u00e9es, accueil VIP enfants, Dog Service.","breadcrumb":{"@id":"https:\/\/www.hotel-la-sivoliere.com\/en\/services-at-la-sivoliere\/#breadcrumb"},"inLanguage":"en-US","potentialAction":[{"@type":"ReadAction","target":["https:\/\/www.hotel-la-sivoliere.com\/en\/services-at-la-sivoliere\/"]}]},{"@type":"BreadcrumbList","@id":"https:\/\/www.hotel-la-sivoliere.com\/en\/services-at-la-sivoliere\/#breadcrumb","itemListElement":[{"@type":"ListItem","position":1,"name":"Home","item":"https:\/\/www.hotel-la-sivoliere.com\/en\/"},{"@type":"ListItem","position":2,"name":"Services at La Sivoli\u00e8re"}]},{"@type":"WebSite","@id":"https:\/\/www.hotel-la-sivoliere.com\/en\/#website","url":"https:\/\/www.hotel-la-sivoliere.com\/en\/","name":"Hotel La Sivoliere","description":"","potentialAction":[{"@type":"SearchAction","target":{"@type":"EntryPoint","urlTemplate":"https:\/\/www.hotel-la-sivoliere.com\/en\/?s={search_term_string}"},"query-input":{"@type":"PropertyValueSpecification","valueRequired":true,"valueName":"search_term_string"}}],"inLanguage":"en-US"}]}},"acf":[],"_links":{"self":[{"href":"https:\/\/www.hotel-la-sivoliere.com\/en\/wp-json\/wp\/v2\/pages\/761","targetHints":{"allow":["GET"]}}],"collection":[{"href":"https:\/\/www.hotel-la-sivoliere.com\/en\/wp-json\/wp\/v2\/pages"}],"about":[{"href":"https:\/\/www.hotel-la-sivoliere.com\/en\/wp-json\/wp\/v2\/types\/page"}],"author":[{"embeddable":true,"href":"https:\/\/www.hotel-la-sivoliere.com\/en\/wp-json\/wp\/v2\/users\/3"}],"replies":[{"embeddable":true,"href":"https:\/\/www.hotel-la-sivoliere.com\/en\/wp-json\/wp\/v2\/comments?post=761"}],"version-history":[{"count":0,"href":"https:\/\/www.hotel-la-sivoliere.com\/en\/wp-json\/wp\/v2\/pages\/761\/revisions"}],"wp:attachment":[{"href":"https:\/\/www.hotel-la-sivoliere.com\/en\/wp-json\/wp\/v2\/media?parent=761"}],"curies":[{"name":"wp","href":"https:\/\/api.w.org\/{rel}","templated":true}]}}