{"id":759,"date":"2019-07-31T10:06:09","date_gmt":"2019-07-31T10:06:09","guid":{"rendered":"http:\/\/hotel-la-sivoliere.ms.decms.eu\/rooms-family-suites-and-apartments\/appartement-trois-chambres\/"},"modified":"2019-11-29T14:59:25","modified_gmt":"2019-11-29T14:59:25","slug":"three-bedroom-apartment","status":"publish","type":"page","link":"https:\/\/www.hotel-la-sivoliere.com\/en\/rooms-family-suites-and-apartments\/three-bedroom-apartment\/","title":{"rendered":"Three-bedroom apartment"},"content":{"rendered":"<p>Looking for an authentic Savoie experience? Our three-bedroom apartment comfortably accommodates six guests for a dream holiday at Courchevel. Warm and cosy bedrooms and a kitchen, dining room, and two living-room areas&#8230; You\u2019ll love the cachet and the enormous living spaces of this fully-equipped duplex.<\/p>\n","protected":false},"excerpt":{"rendered":"<p>Looking for an authentic Savoie experience? Our three-bedroom apartment comfortably accommodates six guests for a dream holiday at Courchevel. Warm and cosy bedrooms and a kitchen, dining room, and two living-room areas&#8230; You\u2019ll love the cachet and the enormous living spaces of this fully-equipped duplex.<\/p>\n","protected":false},"author":3,"featured_media":0,"parent":747,"menu_order":60,"comment_status":"closed","ping_status":"closed","template":"template-single-room.php","meta":{"footnotes":""},"class_list":["post-759","page","type-page","status-publish","hentry"],"yoast_head":"<!-- This site is optimized with the Yoast SEO plugin v26.9 - https:\/\/yoast.com\/product\/yoast-seo-wordpress\/ -->\n<title>Votre appartement tout \u00e9quip\u00e9 pour six personnes \u00e0 Courchevel<\/title>\n<meta name=\"description\" content=\"Comme un chalet, cet appartement pr\u00eat \u00e0 vivre de 145 m\u00b2 en duplex promet de belles vacances en toute autonomie \u00e0 Courchevel 1850.\" \/>\n<meta name=\"robots\" content=\"index, follow, max-snippet:-1, max-image-preview:large, max-video-preview:-1\" \/>\n<link rel=\"canonical\" href=\"https:\/\/www.hotel-la-sivoliere.com\/en\/rooms-family-suites-and-apartments\/three-bedroom-apartment\/\" \/>\n<meta property=\"og:locale\" content=\"en_US\" \/>\n<meta property=\"og:type\" content=\"article\" \/>\n<meta property=\"og:title\" content=\"Votre appartement tout \u00e9quip\u00e9 pour six personnes \u00e0 Courchevel\" \/>\n<meta property=\"og:description\" content=\"Comme un chalet, cet appartement pr\u00eat \u00e0 vivre de 145 m\u00b2 en duplex promet de belles vacances en toute autonomie \u00e0 Courchevel 1850.\" \/>\n<meta property=\"og:url\" content=\"https:\/\/www.hotel-la-sivoliere.com\/en\/rooms-family-suites-and-apartments\/three-bedroom-apartment\/\" \/>\n<meta property=\"og:site_name\" content=\"Hotel La Sivoliere\" \/>\n<meta property=\"article:modified_time\" content=\"2019-11-29T14:59:25+00:00\" \/>\n<meta name=\"twitter:card\" content=\"summary_large_image\" \/>\n<script type=\"application\/ld+json\" class=\"yoast-schema-graph\">{\"@context\":\"https:\/\/schema.org\",\"@graph\":[{\"@type\":\"WebPage\",\"@id\":\"https:\/\/www.hotel-la-sivoliere.com\/en\/rooms-family-suites-and-apartments\/three-bedroom-apartment\/\",\"url\":\"https:\/\/www.hotel-la-sivoliere.com\/en\/rooms-family-suites-and-apartments\/three-bedroom-apartment\/\",\"name\":\"Votre appartement tout \u00e9quip\u00e9 pour six personnes \u00e0 Courchevel\",\"isPartOf\":{\"@id\":\"https:\/\/www.hotel-la-sivoliere.com\/en\/#website\"},\"datePublished\":\"2019-07-31T10:06:09+00:00\",\"dateModified\":\"2019-11-29T14:59:25+00:00\",\"description\":\"Comme un chalet, cet appartement pr\u00eat \u00e0 vivre de 145 m\u00b2 en duplex promet de belles vacances en toute autonomie \u00e0 Courchevel 1850.\",\"breadcrumb\":{\"@id\":\"https:\/\/www.hotel-la-sivoliere.com\/en\/rooms-family-suites-and-apartments\/three-bedroom-apartment\/#breadcrumb\"},\"inLanguage\":\"en-US\",\"potentialAction\":[{\"@type\":\"ReadAction\",\"target\":[\"https:\/\/www.hotel-la-sivoliere.com\/en\/rooms-family-suites-and-apartments\/three-bedroom-apartment\/\"]}]},{\"@type\":\"BreadcrumbList\",\"@id\":\"https:\/\/www.hotel-la-sivoliere.com\/en\/rooms-family-suites-and-apartments\/three-bedroom-apartment\/#breadcrumb\",\"itemListElement\":[{\"@type\":\"ListItem\",\"position\":1,\"name\":\"Home\",\"item\":\"https:\/\/www.hotel-la-sivoliere.com\/en\/\"},{\"@type\":\"ListItem\",\"position\":2,\"name\":\"Rooms, family suites and apartments\",\"item\":\"https:\/\/www.hotel-la-sivoliere.com\/en\/rooms-family-suites-and-apartments\/\"},{\"@type\":\"ListItem\",\"position\":3,\"name\":\"Three-bedroom apartment\"}]},{\"@type\":\"WebSite\",\"@id\":\"https:\/\/www.hotel-la-sivoliere.com\/en\/#website\",\"url\":\"https:\/\/www.hotel-la-sivoliere.com\/en\/\",\"name\":\"Hotel La Sivoliere\",\"description\":\"\",\"potentialAction\":[{\"@type\":\"SearchAction\",\"target\":{\"@type\":\"EntryPoint\",\"urlTemplate\":\"https:\/\/www.hotel-la-sivoliere.com\/en\/?s={search_term_string}\"},\"query-input\":{\"@type\":\"PropertyValueSpecification\",\"valueRequired\":true,\"valueName\":\"search_term_string\"}}],\"inLanguage\":\"en-US\"}]}<\/script>\n<!-- \/ Yoast SEO plugin. -->","yoast_head_json":{"title":"Votre appartement tout \u00e9quip\u00e9 pour six personnes \u00e0 Courchevel","description":"Comme un chalet, cet appartement pr\u00eat \u00e0 vivre de 145 m\u00b2 en duplex promet de belles vacances en toute autonomie \u00e0 Courchevel 1850.","robots":{"index":"index","follow":"follow","max-snippet":"max-snippet:-1","max-image-preview":"max-image-preview:large","max-video-preview":"max-video-preview:-1"},"canonical":"https:\/\/www.hotel-la-sivoliere.com\/en\/rooms-family-suites-and-apartments\/three-bedroom-apartment\/","og_locale":"en_US","og_type":"article","og_title":"Votre appartement tout \u00e9quip\u00e9 pour six personnes \u00e0 Courchevel","og_description":"Comme un chalet, cet appartement pr\u00eat \u00e0 vivre de 145 m\u00b2 en duplex promet de belles vacances en toute autonomie \u00e0 Courchevel 1850.","og_url":"https:\/\/www.hotel-la-sivoliere.com\/en\/rooms-family-suites-and-apartments\/three-bedroom-apartment\/","og_site_name":"Hotel La Sivoliere","article_modified_time":"2019-11-29T14:59:25+00:00","twitter_card":"summary_large_image","schema":{"@context":"https:\/\/schema.org","@graph":[{"@type":"WebPage","@id":"https:\/\/www.hotel-la-sivoliere.com\/en\/rooms-family-suites-and-apartments\/three-bedroom-apartment\/","url":"https:\/\/www.hotel-la-sivoliere.com\/en\/rooms-family-suites-and-apartments\/three-bedroom-apartment\/","name":"Votre appartement tout \u00e9quip\u00e9 pour six personnes \u00e0 Courchevel","isPartOf":{"@id":"https:\/\/www.hotel-la-sivoliere.com\/en\/#website"},"datePublished":"2019-07-31T10:06:09+00:00","dateModified":"2019-11-29T14:59:25+00:00","description":"Comme un chalet, cet appartement pr\u00eat \u00e0 vivre de 145 m\u00b2 en duplex promet de belles vacances en toute autonomie \u00e0 Courchevel 1850.","breadcrumb":{"@id":"https:\/\/www.hotel-la-sivoliere.com\/en\/rooms-family-suites-and-apartments\/three-bedroom-apartment\/#breadcrumb"},"inLanguage":"en-US","potentialAction":[{"@type":"ReadAction","target":["https:\/\/www.hotel-la-sivoliere.com\/en\/rooms-family-suites-and-apartments\/three-bedroom-apartment\/"]}]},{"@type":"BreadcrumbList","@id":"https:\/\/www.hotel-la-sivoliere.com\/en\/rooms-family-suites-and-apartments\/three-bedroom-apartment\/#breadcrumb","itemListElement":[{"@type":"ListItem","position":1,"name":"Home","item":"https:\/\/www.hotel-la-sivoliere.com\/en\/"},{"@type":"ListItem","position":2,"name":"Rooms, family suites and apartments","item":"https:\/\/www.hotel-la-sivoliere.com\/en\/rooms-family-suites-and-apartments\/"},{"@type":"ListItem","position":3,"name":"Three-bedroom apartment"}]},{"@type":"WebSite","@id":"https:\/\/www.hotel-la-sivoliere.com\/en\/#website","url":"https:\/\/www.hotel-la-sivoliere.com\/en\/","name":"Hotel La Sivoliere","description":"","potentialAction":[{"@type":"SearchAction","target":{"@type":"EntryPoint","urlTemplate":"https:\/\/www.hotel-la-sivoliere.com\/en\/?s={search_term_string}"},"query-input":{"@type":"PropertyValueSpecification","valueRequired":true,"valueName":"search_term_string"}}],"inLanguage":"en-US"}]}},"acf":[],"_links":{"self":[{"href":"https:\/\/www.hotel-la-sivoliere.com\/en\/wp-json\/wp\/v2\/pages\/759","targetHints":{"allow":["GET"]}}],"collection":[{"href":"https:\/\/www.hotel-la-sivoliere.com\/en\/wp-json\/wp\/v2\/pages"}],"about":[{"href":"https:\/\/www.hotel-la-sivoliere.com\/en\/wp-json\/wp\/v2\/types\/page"}],"author":[{"embeddable":true,"href":"https:\/\/www.hotel-la-sivoliere.com\/en\/wp-json\/wp\/v2\/users\/3"}],"replies":[{"embeddable":true,"href":"https:\/\/www.hotel-la-sivoliere.com\/en\/wp-json\/wp\/v2\/comments?post=759"}],"version-history":[{"count":0,"href":"https:\/\/www.hotel-la-sivoliere.com\/en\/wp-json\/wp\/v2\/pages\/759\/revisions"}],"up":[{"embeddable":true,"href":"https:\/\/www.hotel-la-sivoliere.com\/en\/wp-json\/wp\/v2\/pages\/747"}],"wp:attachment":[{"href":"https:\/\/www.hotel-la-sivoliere.com\/en\/wp-json\/wp\/v2\/media?parent=759"}],"curies":[{"name":"wp","href":"https:\/\/api.w.org\/{rel}","templated":true}]}}