{"id":755,"date":"2019-07-31T09:58:54","date_gmt":"2019-07-31T09:58:54","guid":{"rendered":"http:\/\/hotel-la-sivoliere.ms.decms.eu\/rooms-family-suites-and-apartments\/suite-prestige-une-chambre\/"},"modified":"2019-09-26T14:04:25","modified_gmt":"2019-09-26T14:04:25","slug":"one-bedroom-prestige-suite","status":"publish","type":"page","link":"https:\/\/www.hotel-la-sivoliere.com\/en\/rooms-family-suites-and-apartments\/one-bedroom-prestige-suite\/","title":{"rendered":"One-bedroom Prestige suite"},"content":{"rendered":"<p>Treat yourself to a stay in our one-bedroom Prestige suite. After an exciting day in the brisk Courchevel air, your body could use a bit of warmth and relaxation. Go ahead and enjoy a hot bath \u2014 and tomorrow, you can try the hammam shower. A great start to a relaxing evening in the living room.<\/p>\n","protected":false},"excerpt":{"rendered":"<p>Treat yourself to a stay in our one-bedroom Prestige suite. After an exciting day in the brisk Courchevel air, your body could use a bit of warmth and relaxation. Go ahead and enjoy a hot bath \u2014 and tomorrow, you can try the hammam shower. A great start to a relaxing evening in the living [&hellip;]<\/p>\n","protected":false},"author":3,"featured_media":0,"parent":747,"menu_order":40,"comment_status":"closed","ping_status":"closed","template":"template-single-room.php","meta":{"footnotes":""},"class_list":["post-755","page","type-page","status-publish","hentry"],"yoast_head":"<!-- This site is optimized with the Yoast SEO plugin v26.9 - https:\/\/yoast.com\/product\/yoast-seo-wordpress\/ -->\n<title>Une spacieuse suite avec vue pour deux personnes \u00e0 Courchevel 1850<\/title>\n<meta name=\"description\" content=\"Une suite deux pi\u00e8ces de 50 m\u00b2 \u00e0 Courchevel 1850, avec salon s\u00e9par\u00e9, baignoire et douche hammam\" \/>\n<meta name=\"robots\" content=\"index, follow, max-snippet:-1, max-image-preview:large, max-video-preview:-1\" \/>\n<link rel=\"canonical\" href=\"https:\/\/www.hotel-la-sivoliere.com\/en\/rooms-family-suites-and-apartments\/one-bedroom-prestige-suite\/\" \/>\n<meta property=\"og:locale\" content=\"en_US\" \/>\n<meta property=\"og:type\" content=\"article\" \/>\n<meta property=\"og:title\" content=\"Une spacieuse suite avec vue pour deux personnes \u00e0 Courchevel 1850\" \/>\n<meta property=\"og:description\" content=\"Une suite deux pi\u00e8ces de 50 m\u00b2 \u00e0 Courchevel 1850, avec salon s\u00e9par\u00e9, baignoire et douche hammam\" \/>\n<meta property=\"og:url\" content=\"https:\/\/www.hotel-la-sivoliere.com\/en\/rooms-family-suites-and-apartments\/one-bedroom-prestige-suite\/\" \/>\n<meta property=\"og:site_name\" content=\"Hotel La Sivoliere\" \/>\n<meta property=\"article:modified_time\" content=\"2019-09-26T14:04:25+00:00\" \/>\n<meta name=\"twitter:card\" content=\"summary_large_image\" \/>\n<script type=\"application\/ld+json\" class=\"yoast-schema-graph\">{\"@context\":\"https:\/\/schema.org\",\"@graph\":[{\"@type\":\"WebPage\",\"@id\":\"https:\/\/www.hotel-la-sivoliere.com\/en\/rooms-family-suites-and-apartments\/one-bedroom-prestige-suite\/\",\"url\":\"https:\/\/www.hotel-la-sivoliere.com\/en\/rooms-family-suites-and-apartments\/one-bedroom-prestige-suite\/\",\"name\":\"Une spacieuse suite avec vue pour deux personnes \u00e0 Courchevel 1850\",\"isPartOf\":{\"@id\":\"https:\/\/www.hotel-la-sivoliere.com\/en\/#website\"},\"datePublished\":\"2019-07-31T09:58:54+00:00\",\"dateModified\":\"2019-09-26T14:04:25+00:00\",\"description\":\"Une suite deux pi\u00e8ces de 50 m\u00b2 \u00e0 Courchevel 1850, avec salon s\u00e9par\u00e9, baignoire et douche hammam\",\"breadcrumb\":{\"@id\":\"https:\/\/www.hotel-la-sivoliere.com\/en\/rooms-family-suites-and-apartments\/one-bedroom-prestige-suite\/#breadcrumb\"},\"inLanguage\":\"en-US\",\"potentialAction\":[{\"@type\":\"ReadAction\",\"target\":[\"https:\/\/www.hotel-la-sivoliere.com\/en\/rooms-family-suites-and-apartments\/one-bedroom-prestige-suite\/\"]}]},{\"@type\":\"BreadcrumbList\",\"@id\":\"https:\/\/www.hotel-la-sivoliere.com\/en\/rooms-family-suites-and-apartments\/one-bedroom-prestige-suite\/#breadcrumb\",\"itemListElement\":[{\"@type\":\"ListItem\",\"position\":1,\"name\":\"Home\",\"item\":\"https:\/\/www.hotel-la-sivoliere.com\/en\/\"},{\"@type\":\"ListItem\",\"position\":2,\"name\":\"Rooms, family suites and apartments\",\"item\":\"https:\/\/www.hotel-la-sivoliere.com\/en\/rooms-family-suites-and-apartments\/\"},{\"@type\":\"ListItem\",\"position\":3,\"name\":\"One-bedroom Prestige suite\"}]},{\"@type\":\"WebSite\",\"@id\":\"https:\/\/www.hotel-la-sivoliere.com\/en\/#website\",\"url\":\"https:\/\/www.hotel-la-sivoliere.com\/en\/\",\"name\":\"Hotel La Sivoliere\",\"description\":\"\",\"potentialAction\":[{\"@type\":\"SearchAction\",\"target\":{\"@type\":\"EntryPoint\",\"urlTemplate\":\"https:\/\/www.hotel-la-sivoliere.com\/en\/?s={search_term_string}\"},\"query-input\":{\"@type\":\"PropertyValueSpecification\",\"valueRequired\":true,\"valueName\":\"search_term_string\"}}],\"inLanguage\":\"en-US\"}]}<\/script>\n<!-- \/ Yoast SEO plugin. -->","yoast_head_json":{"title":"Une spacieuse suite avec vue pour deux personnes \u00e0 Courchevel 1850","description":"Une suite deux pi\u00e8ces de 50 m\u00b2 \u00e0 Courchevel 1850, avec salon s\u00e9par\u00e9, baignoire et douche hammam","robots":{"index":"index","follow":"follow","max-snippet":"max-snippet:-1","max-image-preview":"max-image-preview:large","max-video-preview":"max-video-preview:-1"},"canonical":"https:\/\/www.hotel-la-sivoliere.com\/en\/rooms-family-suites-and-apartments\/one-bedroom-prestige-suite\/","og_locale":"en_US","og_type":"article","og_title":"Une spacieuse suite avec vue pour deux personnes \u00e0 Courchevel 1850","og_description":"Une suite deux pi\u00e8ces de 50 m\u00b2 \u00e0 Courchevel 1850, avec salon s\u00e9par\u00e9, baignoire et douche hammam","og_url":"https:\/\/www.hotel-la-sivoliere.com\/en\/rooms-family-suites-and-apartments\/one-bedroom-prestige-suite\/","og_site_name":"Hotel La Sivoliere","article_modified_time":"2019-09-26T14:04:25+00:00","twitter_card":"summary_large_image","schema":{"@context":"https:\/\/schema.org","@graph":[{"@type":"WebPage","@id":"https:\/\/www.hotel-la-sivoliere.com\/en\/rooms-family-suites-and-apartments\/one-bedroom-prestige-suite\/","url":"https:\/\/www.hotel-la-sivoliere.com\/en\/rooms-family-suites-and-apartments\/one-bedroom-prestige-suite\/","name":"Une spacieuse suite avec vue pour deux personnes \u00e0 Courchevel 1850","isPartOf":{"@id":"https:\/\/www.hotel-la-sivoliere.com\/en\/#website"},"datePublished":"2019-07-31T09:58:54+00:00","dateModified":"2019-09-26T14:04:25+00:00","description":"Une suite deux pi\u00e8ces de 50 m\u00b2 \u00e0 Courchevel 1850, avec salon s\u00e9par\u00e9, baignoire et douche hammam","breadcrumb":{"@id":"https:\/\/www.hotel-la-sivoliere.com\/en\/rooms-family-suites-and-apartments\/one-bedroom-prestige-suite\/#breadcrumb"},"inLanguage":"en-US","potentialAction":[{"@type":"ReadAction","target":["https:\/\/www.hotel-la-sivoliere.com\/en\/rooms-family-suites-and-apartments\/one-bedroom-prestige-suite\/"]}]},{"@type":"BreadcrumbList","@id":"https:\/\/www.hotel-la-sivoliere.com\/en\/rooms-family-suites-and-apartments\/one-bedroom-prestige-suite\/#breadcrumb","itemListElement":[{"@type":"ListItem","position":1,"name":"Home","item":"https:\/\/www.hotel-la-sivoliere.com\/en\/"},{"@type":"ListItem","position":2,"name":"Rooms, family suites and apartments","item":"https:\/\/www.hotel-la-sivoliere.com\/en\/rooms-family-suites-and-apartments\/"},{"@type":"ListItem","position":3,"name":"One-bedroom Prestige suite"}]},{"@type":"WebSite","@id":"https:\/\/www.hotel-la-sivoliere.com\/en\/#website","url":"https:\/\/www.hotel-la-sivoliere.com\/en\/","name":"Hotel La Sivoliere","description":"","potentialAction":[{"@type":"SearchAction","target":{"@type":"EntryPoint","urlTemplate":"https:\/\/www.hotel-la-sivoliere.com\/en\/?s={search_term_string}"},"query-input":{"@type":"PropertyValueSpecification","valueRequired":true,"valueName":"search_term_string"}}],"inLanguage":"en-US"}]}},"acf":[],"_links":{"self":[{"href":"https:\/\/www.hotel-la-sivoliere.com\/en\/wp-json\/wp\/v2\/pages\/755","targetHints":{"allow":["GET"]}}],"collection":[{"href":"https:\/\/www.hotel-la-sivoliere.com\/en\/wp-json\/wp\/v2\/pages"}],"about":[{"href":"https:\/\/www.hotel-la-sivoliere.com\/en\/wp-json\/wp\/v2\/types\/page"}],"author":[{"embeddable":true,"href":"https:\/\/www.hotel-la-sivoliere.com\/en\/wp-json\/wp\/v2\/users\/3"}],"replies":[{"embeddable":true,"href":"https:\/\/www.hotel-la-sivoliere.com\/en\/wp-json\/wp\/v2\/comments?post=755"}],"version-history":[{"count":0,"href":"https:\/\/www.hotel-la-sivoliere.com\/en\/wp-json\/wp\/v2\/pages\/755\/revisions"}],"up":[{"embeddable":true,"href":"https:\/\/www.hotel-la-sivoliere.com\/en\/wp-json\/wp\/v2\/pages\/747"}],"wp:attachment":[{"href":"https:\/\/www.hotel-la-sivoliere.com\/en\/wp-json\/wp\/v2\/media?parent=755"}],"curies":[{"name":"wp","href":"https:\/\/api.w.org\/{rel}","templated":true}]}}