{"id":749,"date":"2019-07-31T09:41:22","date_gmt":"2019-07-31T09:41:22","guid":{"rendered":"http:\/\/hotel-la-sivoliere.ms.decms.eu\/rooms-family-suites-and-apartments\/chambre-superieure\/"},"modified":"2020-06-12T16:39:59","modified_gmt":"2020-06-12T16:39:59","slug":"superior-room","status":"publish","type":"page","link":"https:\/\/www.hotel-la-sivoliere.com\/en\/rooms-family-suites-and-apartments\/superior-room\/","title":{"rendered":"Superior room"},"content":{"rendered":"<p>After all the excitement of Courchevel, slip under the duvet and enjoy the gentle comforts of your Savoie hideaway with a view of the village or the forest. You might well decide to swap a day of skiing for a lazy morning cocooning amid the soft cushions and luxurious woodwork of your Superior room&#8230;<\/p>\n","protected":false},"excerpt":{"rendered":"<p>After all the excitement of Courchevel, slip under the duvet and enjoy the gentle comforts of your Savoie hideaway with a view of the village or the forest. You might well decide to swap a day of skiing for a lazy morning cocooning amid the soft cushions and luxurious woodwork of your Superior room&#8230;<\/p>\n","protected":false},"author":3,"featured_media":0,"parent":747,"menu_order":10,"comment_status":"closed","ping_status":"closed","template":"template-single-room.php","meta":{"footnotes":""},"class_list":["post-749","page","type-page","status-publish","hentry"],"yoast_head":"<!-- This site is optimized with the Yoast SEO plugin v26.9 - https:\/\/yoast.com\/product\/yoast-seo-wordpress\/ -->\n<title>Une chambre double \u00e0 Courchevel 1850 avec vue sur le village ou la for\u00eat<\/title>\n<meta name=\"description\" content=\"Parfaite pour des vacances \u00e0 Courchevel 1850, une chambre double de 22 m\u00b2 avec vue sur le village ou la for\u00eat, r\u00e9nov\u00e9e dans un style alpin revisit\u00e9.\" \/>\n<meta name=\"robots\" content=\"index, follow, max-snippet:-1, max-image-preview:large, max-video-preview:-1\" \/>\n<link rel=\"canonical\" href=\"https:\/\/www.hotel-la-sivoliere.com\/en\/rooms-family-suites-and-apartments\/superior-room\/\" \/>\n<meta property=\"og:locale\" content=\"en_US\" \/>\n<meta property=\"og:type\" content=\"article\" \/>\n<meta property=\"og:title\" content=\"Une chambre double \u00e0 Courchevel 1850 avec vue sur le village ou la for\u00eat\" \/>\n<meta property=\"og:description\" content=\"Parfaite pour des vacances \u00e0 Courchevel 1850, une chambre double de 22 m\u00b2 avec vue sur le village ou la for\u00eat, r\u00e9nov\u00e9e dans un style alpin revisit\u00e9.\" \/>\n<meta property=\"og:url\" content=\"https:\/\/www.hotel-la-sivoliere.com\/en\/rooms-family-suites-and-apartments\/superior-room\/\" \/>\n<meta property=\"og:site_name\" content=\"Hotel La Sivoliere\" \/>\n<meta property=\"article:modified_time\" content=\"2020-06-12T16:39:59+00:00\" \/>\n<meta name=\"twitter:card\" content=\"summary_large_image\" \/>\n<script type=\"application\/ld+json\" class=\"yoast-schema-graph\">{\"@context\":\"https:\/\/schema.org\",\"@graph\":[{\"@type\":\"WebPage\",\"@id\":\"https:\/\/www.hotel-la-sivoliere.com\/en\/rooms-family-suites-and-apartments\/superior-room\/\",\"url\":\"https:\/\/www.hotel-la-sivoliere.com\/en\/rooms-family-suites-and-apartments\/superior-room\/\",\"name\":\"Une chambre double \u00e0 Courchevel 1850 avec vue sur le village ou la for\u00eat\",\"isPartOf\":{\"@id\":\"https:\/\/www.hotel-la-sivoliere.com\/en\/#website\"},\"datePublished\":\"2019-07-31T09:41:22+00:00\",\"dateModified\":\"2020-06-12T16:39:59+00:00\",\"description\":\"Parfaite pour des vacances \u00e0 Courchevel 1850, une chambre double de 22 m\u00b2 avec vue sur le village ou la for\u00eat, r\u00e9nov\u00e9e dans un style alpin revisit\u00e9.\",\"breadcrumb\":{\"@id\":\"https:\/\/www.hotel-la-sivoliere.com\/en\/rooms-family-suites-and-apartments\/superior-room\/#breadcrumb\"},\"inLanguage\":\"en-US\",\"potentialAction\":[{\"@type\":\"ReadAction\",\"target\":[\"https:\/\/www.hotel-la-sivoliere.com\/en\/rooms-family-suites-and-apartments\/superior-room\/\"]}]},{\"@type\":\"BreadcrumbList\",\"@id\":\"https:\/\/www.hotel-la-sivoliere.com\/en\/rooms-family-suites-and-apartments\/superior-room\/#breadcrumb\",\"itemListElement\":[{\"@type\":\"ListItem\",\"position\":1,\"name\":\"Home\",\"item\":\"https:\/\/www.hotel-la-sivoliere.com\/en\/\"},{\"@type\":\"ListItem\",\"position\":2,\"name\":\"Rooms, family suites and apartments\",\"item\":\"https:\/\/www.hotel-la-sivoliere.com\/en\/rooms-family-suites-and-apartments\/\"},{\"@type\":\"ListItem\",\"position\":3,\"name\":\"Superior room\"}]},{\"@type\":\"WebSite\",\"@id\":\"https:\/\/www.hotel-la-sivoliere.com\/en\/#website\",\"url\":\"https:\/\/www.hotel-la-sivoliere.com\/en\/\",\"name\":\"Hotel La Sivoliere\",\"description\":\"\",\"potentialAction\":[{\"@type\":\"SearchAction\",\"target\":{\"@type\":\"EntryPoint\",\"urlTemplate\":\"https:\/\/www.hotel-la-sivoliere.com\/en\/?s={search_term_string}\"},\"query-input\":{\"@type\":\"PropertyValueSpecification\",\"valueRequired\":true,\"valueName\":\"search_term_string\"}}],\"inLanguage\":\"en-US\"}]}<\/script>\n<!-- \/ Yoast SEO plugin. -->","yoast_head_json":{"title":"Une chambre double \u00e0 Courchevel 1850 avec vue sur le village ou la for\u00eat","description":"Parfaite pour des vacances \u00e0 Courchevel 1850, une chambre double de 22 m\u00b2 avec vue sur le village ou la for\u00eat, r\u00e9nov\u00e9e dans un style alpin revisit\u00e9.","robots":{"index":"index","follow":"follow","max-snippet":"max-snippet:-1","max-image-preview":"max-image-preview:large","max-video-preview":"max-video-preview:-1"},"canonical":"https:\/\/www.hotel-la-sivoliere.com\/en\/rooms-family-suites-and-apartments\/superior-room\/","og_locale":"en_US","og_type":"article","og_title":"Une chambre double \u00e0 Courchevel 1850 avec vue sur le village ou la for\u00eat","og_description":"Parfaite pour des vacances \u00e0 Courchevel 1850, une chambre double de 22 m\u00b2 avec vue sur le village ou la for\u00eat, r\u00e9nov\u00e9e dans un style alpin revisit\u00e9.","og_url":"https:\/\/www.hotel-la-sivoliere.com\/en\/rooms-family-suites-and-apartments\/superior-room\/","og_site_name":"Hotel La Sivoliere","article_modified_time":"2020-06-12T16:39:59+00:00","twitter_card":"summary_large_image","schema":{"@context":"https:\/\/schema.org","@graph":[{"@type":"WebPage","@id":"https:\/\/www.hotel-la-sivoliere.com\/en\/rooms-family-suites-and-apartments\/superior-room\/","url":"https:\/\/www.hotel-la-sivoliere.com\/en\/rooms-family-suites-and-apartments\/superior-room\/","name":"Une chambre double \u00e0 Courchevel 1850 avec vue sur le village ou la for\u00eat","isPartOf":{"@id":"https:\/\/www.hotel-la-sivoliere.com\/en\/#website"},"datePublished":"2019-07-31T09:41:22+00:00","dateModified":"2020-06-12T16:39:59+00:00","description":"Parfaite pour des vacances \u00e0 Courchevel 1850, une chambre double de 22 m\u00b2 avec vue sur le village ou la for\u00eat, r\u00e9nov\u00e9e dans un style alpin revisit\u00e9.","breadcrumb":{"@id":"https:\/\/www.hotel-la-sivoliere.com\/en\/rooms-family-suites-and-apartments\/superior-room\/#breadcrumb"},"inLanguage":"en-US","potentialAction":[{"@type":"ReadAction","target":["https:\/\/www.hotel-la-sivoliere.com\/en\/rooms-family-suites-and-apartments\/superior-room\/"]}]},{"@type":"BreadcrumbList","@id":"https:\/\/www.hotel-la-sivoliere.com\/en\/rooms-family-suites-and-apartments\/superior-room\/#breadcrumb","itemListElement":[{"@type":"ListItem","position":1,"name":"Home","item":"https:\/\/www.hotel-la-sivoliere.com\/en\/"},{"@type":"ListItem","position":2,"name":"Rooms, family suites and apartments","item":"https:\/\/www.hotel-la-sivoliere.com\/en\/rooms-family-suites-and-apartments\/"},{"@type":"ListItem","position":3,"name":"Superior room"}]},{"@type":"WebSite","@id":"https:\/\/www.hotel-la-sivoliere.com\/en\/#website","url":"https:\/\/www.hotel-la-sivoliere.com\/en\/","name":"Hotel La Sivoliere","description":"","potentialAction":[{"@type":"SearchAction","target":{"@type":"EntryPoint","urlTemplate":"https:\/\/www.hotel-la-sivoliere.com\/en\/?s={search_term_string}"},"query-input":{"@type":"PropertyValueSpecification","valueRequired":true,"valueName":"search_term_string"}}],"inLanguage":"en-US"}]}},"acf":[],"_links":{"self":[{"href":"https:\/\/www.hotel-la-sivoliere.com\/en\/wp-json\/wp\/v2\/pages\/749","targetHints":{"allow":["GET"]}}],"collection":[{"href":"https:\/\/www.hotel-la-sivoliere.com\/en\/wp-json\/wp\/v2\/pages"}],"about":[{"href":"https:\/\/www.hotel-la-sivoliere.com\/en\/wp-json\/wp\/v2\/types\/page"}],"author":[{"embeddable":true,"href":"https:\/\/www.hotel-la-sivoliere.com\/en\/wp-json\/wp\/v2\/users\/3"}],"replies":[{"embeddable":true,"href":"https:\/\/www.hotel-la-sivoliere.com\/en\/wp-json\/wp\/v2\/comments?post=749"}],"version-history":[{"count":0,"href":"https:\/\/www.hotel-la-sivoliere.com\/en\/wp-json\/wp\/v2\/pages\/749\/revisions"}],"up":[{"embeddable":true,"href":"https:\/\/www.hotel-la-sivoliere.com\/en\/wp-json\/wp\/v2\/pages\/747"}],"wp:attachment":[{"href":"https:\/\/www.hotel-la-sivoliere.com\/en\/wp-json\/wp\/v2\/media?parent=749"}],"curies":[{"name":"wp","href":"https:\/\/api.w.org\/{rel}","templated":true}]}}