{"id":747,"date":"2019-07-31T09:33:07","date_gmt":"2019-07-31T09:33:07","guid":{"rendered":"http:\/\/hotel-la-sivoliere.ms.decms.eu\/chambres-suites-famille-et-appartements\/"},"modified":"2026-03-13T11:40:58","modified_gmt":"2026-03-13T11:40:58","slug":"rooms-family-suites-and-apartments","status":"publish","type":"page","link":"https:\/\/www.hotel-la-sivoliere.com\/en\/rooms-family-suites-and-apartments\/","title":{"rendered":"Rooms, family suites and apartments"},"content":{"rendered":"<p>To provide its guests with even greater comfort, La Sivoli\u00e8re joined forces with interior designer Sara Copeland to completely renovate its 35 rooms, suites and apartments in the warm and intimate style of a contemporary chalet nestled among the fir trees.<\/p>\n","protected":false},"excerpt":{"rendered":"<p>To provide its guests with even greater comfort, La Sivoli\u00e8re joined forces with interior designer Sara Copeland to completely renovate its 35 rooms, suites and apartments in the warm and intimate style of a contemporary chalet nestled among the fir trees.<\/p>\n","protected":false},"author":3,"featured_media":0,"parent":0,"menu_order":20,"comment_status":"closed","ping_status":"closed","template":"template-rooms.php","meta":{"footnotes":""},"class_list":["post-747","page","type-page","status-publish","hentry"],"yoast_head":"<!-- This site is optimized with the Yoast SEO plugin v26.9 - https:\/\/yoast.com\/product\/yoast-seo-wordpress\/ -->\n<title>La Sivoli\u00e8re - Courchevel 1850 - Chambres, suites et appartements<\/title>\n<meta name=\"description\" content=\"La Sivoli\u00e8re vous accueille dans ses 35 chambres, suites et appartements enti\u00e8rement r\u00e9nov\u00e9s \u00e0 Courchevel. Ressourcez-vous dans votre havre de paix avec vue sur le village, les montagnes ou la for\u00eat.\" \/>\n<meta name=\"robots\" content=\"index, follow, max-snippet:-1, max-image-preview:large, max-video-preview:-1\" \/>\n<link rel=\"canonical\" href=\"https:\/\/www.hotel-la-sivoliere.com\/en\/rooms-family-suites-and-apartments\/\" \/>\n<meta property=\"og:locale\" content=\"en_US\" \/>\n<meta property=\"og:type\" content=\"article\" \/>\n<meta property=\"og:title\" content=\"La Sivoli\u00e8re - Courchevel 1850 - Chambres, suites et appartements\" \/>\n<meta property=\"og:description\" content=\"La Sivoli\u00e8re vous accueille dans ses 35 chambres, suites et appartements enti\u00e8rement r\u00e9nov\u00e9s \u00e0 Courchevel. Ressourcez-vous dans votre havre de paix avec vue sur le village, les montagnes ou la for\u00eat.\" \/>\n<meta property=\"og:url\" content=\"https:\/\/www.hotel-la-sivoliere.com\/en\/rooms-family-suites-and-apartments\/\" \/>\n<meta property=\"og:site_name\" content=\"Hotel La Sivoliere\" \/>\n<meta property=\"article:modified_time\" content=\"2026-03-13T11:40:58+00:00\" \/>\n<meta name=\"twitter:card\" content=\"summary_large_image\" \/>\n<meta name=\"twitter:label1\" content=\"Est. reading time\" \/>\n\t<meta name=\"twitter:data1\" content=\"1 minute\" \/>\n<script type=\"application\/ld+json\" class=\"yoast-schema-graph\">{\"@context\":\"https:\/\/schema.org\",\"@graph\":[{\"@type\":\"WebPage\",\"@id\":\"https:\/\/www.hotel-la-sivoliere.com\/en\/rooms-family-suites-and-apartments\/\",\"url\":\"https:\/\/www.hotel-la-sivoliere.com\/en\/rooms-family-suites-and-apartments\/\",\"name\":\"La Sivoli\u00e8re - Courchevel 1850 - Chambres, suites et appartements\",\"isPartOf\":{\"@id\":\"https:\/\/www.hotel-la-sivoliere.com\/en\/#website\"},\"datePublished\":\"2019-07-31T09:33:07+00:00\",\"dateModified\":\"2026-03-13T11:40:58+00:00\",\"description\":\"La Sivoli\u00e8re vous accueille dans ses 35 chambres, suites et appartements enti\u00e8rement r\u00e9nov\u00e9s \u00e0 Courchevel. Ressourcez-vous dans votre havre de paix avec vue sur le village, les montagnes ou la for\u00eat.\",\"breadcrumb\":{\"@id\":\"https:\/\/www.hotel-la-sivoliere.com\/en\/rooms-family-suites-and-apartments\/#breadcrumb\"},\"inLanguage\":\"en-US\",\"potentialAction\":[{\"@type\":\"ReadAction\",\"target\":[\"https:\/\/www.hotel-la-sivoliere.com\/en\/rooms-family-suites-and-apartments\/\"]}]},{\"@type\":\"BreadcrumbList\",\"@id\":\"https:\/\/www.hotel-la-sivoliere.com\/en\/rooms-family-suites-and-apartments\/#breadcrumb\",\"itemListElement\":[{\"@type\":\"ListItem\",\"position\":1,\"name\":\"Home\",\"item\":\"https:\/\/www.hotel-la-sivoliere.com\/en\/\"},{\"@type\":\"ListItem\",\"position\":2,\"name\":\"Rooms, family suites and apartments\"}]},{\"@type\":\"WebSite\",\"@id\":\"https:\/\/www.hotel-la-sivoliere.com\/en\/#website\",\"url\":\"https:\/\/www.hotel-la-sivoliere.com\/en\/\",\"name\":\"Hotel La Sivoliere\",\"description\":\"\",\"potentialAction\":[{\"@type\":\"SearchAction\",\"target\":{\"@type\":\"EntryPoint\",\"urlTemplate\":\"https:\/\/www.hotel-la-sivoliere.com\/en\/?s={search_term_string}\"},\"query-input\":{\"@type\":\"PropertyValueSpecification\",\"valueRequired\":true,\"valueName\":\"search_term_string\"}}],\"inLanguage\":\"en-US\"}]}<\/script>\n<!-- \/ Yoast SEO plugin. -->","yoast_head_json":{"title":"La Sivoli\u00e8re - Courchevel 1850 - Chambres, suites et appartements","description":"La Sivoli\u00e8re vous accueille dans ses 35 chambres, suites et appartements enti\u00e8rement r\u00e9nov\u00e9s \u00e0 Courchevel. Ressourcez-vous dans votre havre de paix avec vue sur le village, les montagnes ou la for\u00eat.","robots":{"index":"index","follow":"follow","max-snippet":"max-snippet:-1","max-image-preview":"max-image-preview:large","max-video-preview":"max-video-preview:-1"},"canonical":"https:\/\/www.hotel-la-sivoliere.com\/en\/rooms-family-suites-and-apartments\/","og_locale":"en_US","og_type":"article","og_title":"La Sivoli\u00e8re - Courchevel 1850 - Chambres, suites et appartements","og_description":"La Sivoli\u00e8re vous accueille dans ses 35 chambres, suites et appartements enti\u00e8rement r\u00e9nov\u00e9s \u00e0 Courchevel. Ressourcez-vous dans votre havre de paix avec vue sur le village, les montagnes ou la for\u00eat.","og_url":"https:\/\/www.hotel-la-sivoliere.com\/en\/rooms-family-suites-and-apartments\/","og_site_name":"Hotel La Sivoliere","article_modified_time":"2026-03-13T11:40:58+00:00","twitter_card":"summary_large_image","twitter_misc":{"Est. reading time":"1 minute"},"schema":{"@context":"https:\/\/schema.org","@graph":[{"@type":"WebPage","@id":"https:\/\/www.hotel-la-sivoliere.com\/en\/rooms-family-suites-and-apartments\/","url":"https:\/\/www.hotel-la-sivoliere.com\/en\/rooms-family-suites-and-apartments\/","name":"La Sivoli\u00e8re - Courchevel 1850 - Chambres, suites et appartements","isPartOf":{"@id":"https:\/\/www.hotel-la-sivoliere.com\/en\/#website"},"datePublished":"2019-07-31T09:33:07+00:00","dateModified":"2026-03-13T11:40:58+00:00","description":"La Sivoli\u00e8re vous accueille dans ses 35 chambres, suites et appartements enti\u00e8rement r\u00e9nov\u00e9s \u00e0 Courchevel. Ressourcez-vous dans votre havre de paix avec vue sur le village, les montagnes ou la for\u00eat.","breadcrumb":{"@id":"https:\/\/www.hotel-la-sivoliere.com\/en\/rooms-family-suites-and-apartments\/#breadcrumb"},"inLanguage":"en-US","potentialAction":[{"@type":"ReadAction","target":["https:\/\/www.hotel-la-sivoliere.com\/en\/rooms-family-suites-and-apartments\/"]}]},{"@type":"BreadcrumbList","@id":"https:\/\/www.hotel-la-sivoliere.com\/en\/rooms-family-suites-and-apartments\/#breadcrumb","itemListElement":[{"@type":"ListItem","position":1,"name":"Home","item":"https:\/\/www.hotel-la-sivoliere.com\/en\/"},{"@type":"ListItem","position":2,"name":"Rooms, family suites and apartments"}]},{"@type":"WebSite","@id":"https:\/\/www.hotel-la-sivoliere.com\/en\/#website","url":"https:\/\/www.hotel-la-sivoliere.com\/en\/","name":"Hotel La Sivoliere","description":"","potentialAction":[{"@type":"SearchAction","target":{"@type":"EntryPoint","urlTemplate":"https:\/\/www.hotel-la-sivoliere.com\/en\/?s={search_term_string}"},"query-input":{"@type":"PropertyValueSpecification","valueRequired":true,"valueName":"search_term_string"}}],"inLanguage":"en-US"}]}},"acf":[],"_links":{"self":[{"href":"https:\/\/www.hotel-la-sivoliere.com\/en\/wp-json\/wp\/v2\/pages\/747","targetHints":{"allow":["GET"]}}],"collection":[{"href":"https:\/\/www.hotel-la-sivoliere.com\/en\/wp-json\/wp\/v2\/pages"}],"about":[{"href":"https:\/\/www.hotel-la-sivoliere.com\/en\/wp-json\/wp\/v2\/types\/page"}],"author":[{"embeddable":true,"href":"https:\/\/www.hotel-la-sivoliere.com\/en\/wp-json\/wp\/v2\/users\/3"}],"replies":[{"embeddable":true,"href":"https:\/\/www.hotel-la-sivoliere.com\/en\/wp-json\/wp\/v2\/comments?post=747"}],"version-history":[{"count":0,"href":"https:\/\/www.hotel-la-sivoliere.com\/en\/wp-json\/wp\/v2\/pages\/747\/revisions"}],"wp:attachment":[{"href":"https:\/\/www.hotel-la-sivoliere.com\/en\/wp-json\/wp\/v2\/media?parent=747"}],"curies":[{"name":"wp","href":"https:\/\/api.w.org\/{rel}","templated":true}]}}