{"id":745,"date":"2019-07-31T09:11:35","date_gmt":"2019-07-31T09:11:35","guid":{"rendered":"http:\/\/hotel-la-sivoliere.ms.decms.eu\/bienvenue-a-la-sivoliere\/"},"modified":"2023-04-09T10:41:53","modified_gmt":"2023-04-09T10:41:53","slug":"welcome-to-la-sivoliere","status":"publish","type":"page","link":"https:\/\/www.hotel-la-sivoliere.com\/en\/welcome-to-la-sivoliere\/","title":{"rendered":"Welcome to La Sivoli\u00e8re"},"content":{"rendered":"<p>Decorated by Sara Copeland in a re-imagined Alpine style, your home in the Savoie region boasts a new look and the enchanting cocoon-like comfort of its <a href=\"https:\/\/hotel-la-sivoliere.ms.decms.eu\/en\/rooms-family-suites-and-apartments\/\">35 Alpine lodgings<\/a>: Superior rooms, Prestige rooms, Family Junior suites, Prestige suites, two-bedroom Family suites and three-bedroom apartments.<\/p>\n<p>A genuine holiday home where you can re-centre yourself and recharge your batteries in an atmosphere of pure enjoyment. A perfect blend of excellence and sincere hospitality, La Sivoli\u00e8re\u2019s personalised service \u00e0 la fran\u00e7aise sets it apart from the other five-star hotels at Courchevel 1850.<\/p>\n<p>When you arrive, you\u2019ll no doubt be in a hurry to get out and hit the slopes of Les Trois Vall\u00e9es. Head to the ski room to put on all your equipment, then ski right out onto the Dou du Midi slope just outside the bay window.<\/p>\n<p>After a \u201ctough\u201d day of skiing, come home to the comforting warmth of a real contemporary chalet, where La Sivoli\u00e8re offers a warming snack of hot chocolate and home-made cr\u00eapes. Why not enjoy a massage, a hammam session or a spa treatment? They\u2019re all great ways to whet your appetite for exploring our restaurant La Table de Madame.<\/p>\n<p>Then top it all off with a relaxing evening by the fire with a champagne cocktail or a steaming hot cup of tea, rich with the aroma of a perfect mountainside holiday.<\/p>\n","protected":false},"excerpt":{"rendered":"<p>Decorated by Sara Copeland in a re-imagined Alpine style, your home in the Savoie region boasts a new look and the enchanting cocoon-like comfort of its 35 Alpine lodgings: Superior rooms, Prestige rooms, Family Junior suites, Prestige suites, two-bedroom Family suites and three-bedroom apartments. A genuine holiday home where you can re-centre yourself and recharge [&hellip;]<\/p>\n","protected":false},"author":3,"featured_media":0,"parent":0,"menu_order":10,"comment_status":"closed","ping_status":"closed","template":"template-hotel.php","meta":{"footnotes":""},"class_list":["post-745","page","type-page","status-publish","hentry"],"yoast_head":"<!-- This site is optimized with the Yoast SEO plugin v26.9 - https:\/\/yoast.com\/product\/yoast-seo-wordpress\/ -->\n<title>La Sivoli\u00e8re, h\u00f4tel spa avec acc\u00e8s direct aux pistes \u00e0 Courchevel 1850<\/title>\n<meta name=\"description\" content=\"H\u00f4tel 5 \u00e9toiles \u00e0 Courchevel 1850, La Sivoli\u00e8re offre un acc\u00e8s skis aux pieds aux Trois-Vall\u00e9es. S\u00e9journez en famille ou entre amis dans un chalet moderne avec spa et restaurant biologique.\" \/>\n<meta name=\"robots\" content=\"index, follow, max-snippet:-1, max-image-preview:large, max-video-preview:-1\" \/>\n<link rel=\"canonical\" href=\"https:\/\/www.hotel-la-sivoliere.com\/en\/welcome-to-la-sivoliere\/\" \/>\n<meta property=\"og:locale\" content=\"en_US\" \/>\n<meta property=\"og:type\" content=\"article\" \/>\n<meta property=\"og:title\" content=\"La Sivoli\u00e8re, h\u00f4tel spa avec acc\u00e8s direct aux pistes \u00e0 Courchevel 1850\" \/>\n<meta property=\"og:description\" content=\"H\u00f4tel 5 \u00e9toiles \u00e0 Courchevel 1850, La Sivoli\u00e8re offre un acc\u00e8s skis aux pieds aux Trois-Vall\u00e9es. S\u00e9journez en famille ou entre amis dans un chalet moderne avec spa et restaurant biologique.\" \/>\n<meta property=\"og:url\" content=\"https:\/\/www.hotel-la-sivoliere.com\/en\/welcome-to-la-sivoliere\/\" \/>\n<meta property=\"og:site_name\" content=\"Hotel La Sivoliere\" \/>\n<meta property=\"article:modified_time\" content=\"2023-04-09T10:41:53+00:00\" \/>\n<meta name=\"twitter:card\" content=\"summary_large_image\" \/>\n<meta name=\"twitter:label1\" content=\"Est. reading time\" \/>\n\t<meta name=\"twitter:data1\" content=\"2 minutes\" \/>\n<script type=\"application\/ld+json\" class=\"yoast-schema-graph\">{\"@context\":\"https:\/\/schema.org\",\"@graph\":[{\"@type\":\"WebPage\",\"@id\":\"https:\/\/www.hotel-la-sivoliere.com\/en\/welcome-to-la-sivoliere\/\",\"url\":\"https:\/\/www.hotel-la-sivoliere.com\/en\/welcome-to-la-sivoliere\/\",\"name\":\"La Sivoli\u00e8re, h\u00f4tel spa avec acc\u00e8s direct aux pistes \u00e0 Courchevel 1850\",\"isPartOf\":{\"@id\":\"https:\/\/www.hotel-la-sivoliere.com\/en\/#website\"},\"datePublished\":\"2019-07-31T09:11:35+00:00\",\"dateModified\":\"2023-04-09T10:41:53+00:00\",\"description\":\"H\u00f4tel 5 \u00e9toiles \u00e0 Courchevel 1850, La Sivoli\u00e8re offre un acc\u00e8s skis aux pieds aux Trois-Vall\u00e9es. S\u00e9journez en famille ou entre amis dans un chalet moderne avec spa et restaurant biologique.\",\"breadcrumb\":{\"@id\":\"https:\/\/www.hotel-la-sivoliere.com\/en\/welcome-to-la-sivoliere\/#breadcrumb\"},\"inLanguage\":\"en-US\",\"potentialAction\":[{\"@type\":\"ReadAction\",\"target\":[\"https:\/\/www.hotel-la-sivoliere.com\/en\/welcome-to-la-sivoliere\/\"]}]},{\"@type\":\"BreadcrumbList\",\"@id\":\"https:\/\/www.hotel-la-sivoliere.com\/en\/welcome-to-la-sivoliere\/#breadcrumb\",\"itemListElement\":[{\"@type\":\"ListItem\",\"position\":1,\"name\":\"Home\",\"item\":\"https:\/\/www.hotel-la-sivoliere.com\/en\/\"},{\"@type\":\"ListItem\",\"position\":2,\"name\":\"Welcome to La Sivoli\u00e8re\"}]},{\"@type\":\"WebSite\",\"@id\":\"https:\/\/www.hotel-la-sivoliere.com\/en\/#website\",\"url\":\"https:\/\/www.hotel-la-sivoliere.com\/en\/\",\"name\":\"Hotel La Sivoliere\",\"description\":\"\",\"potentialAction\":[{\"@type\":\"SearchAction\",\"target\":{\"@type\":\"EntryPoint\",\"urlTemplate\":\"https:\/\/www.hotel-la-sivoliere.com\/en\/?s={search_term_string}\"},\"query-input\":{\"@type\":\"PropertyValueSpecification\",\"valueRequired\":true,\"valueName\":\"search_term_string\"}}],\"inLanguage\":\"en-US\"}]}<\/script>\n<!-- \/ Yoast SEO plugin. -->","yoast_head_json":{"title":"La Sivoli\u00e8re, h\u00f4tel spa avec acc\u00e8s direct aux pistes \u00e0 Courchevel 1850","description":"H\u00f4tel 5 \u00e9toiles \u00e0 Courchevel 1850, La Sivoli\u00e8re offre un acc\u00e8s skis aux pieds aux Trois-Vall\u00e9es. S\u00e9journez en famille ou entre amis dans un chalet moderne avec spa et restaurant biologique.","robots":{"index":"index","follow":"follow","max-snippet":"max-snippet:-1","max-image-preview":"max-image-preview:large","max-video-preview":"max-video-preview:-1"},"canonical":"https:\/\/www.hotel-la-sivoliere.com\/en\/welcome-to-la-sivoliere\/","og_locale":"en_US","og_type":"article","og_title":"La Sivoli\u00e8re, h\u00f4tel spa avec acc\u00e8s direct aux pistes \u00e0 Courchevel 1850","og_description":"H\u00f4tel 5 \u00e9toiles \u00e0 Courchevel 1850, La Sivoli\u00e8re offre un acc\u00e8s skis aux pieds aux Trois-Vall\u00e9es. S\u00e9journez en famille ou entre amis dans un chalet moderne avec spa et restaurant biologique.","og_url":"https:\/\/www.hotel-la-sivoliere.com\/en\/welcome-to-la-sivoliere\/","og_site_name":"Hotel La Sivoliere","article_modified_time":"2023-04-09T10:41:53+00:00","twitter_card":"summary_large_image","twitter_misc":{"Est. reading time":"2 minutes"},"schema":{"@context":"https:\/\/schema.org","@graph":[{"@type":"WebPage","@id":"https:\/\/www.hotel-la-sivoliere.com\/en\/welcome-to-la-sivoliere\/","url":"https:\/\/www.hotel-la-sivoliere.com\/en\/welcome-to-la-sivoliere\/","name":"La Sivoli\u00e8re, h\u00f4tel spa avec acc\u00e8s direct aux pistes \u00e0 Courchevel 1850","isPartOf":{"@id":"https:\/\/www.hotel-la-sivoliere.com\/en\/#website"},"datePublished":"2019-07-31T09:11:35+00:00","dateModified":"2023-04-09T10:41:53+00:00","description":"H\u00f4tel 5 \u00e9toiles \u00e0 Courchevel 1850, La Sivoli\u00e8re offre un acc\u00e8s skis aux pieds aux Trois-Vall\u00e9es. S\u00e9journez en famille ou entre amis dans un chalet moderne avec spa et restaurant biologique.","breadcrumb":{"@id":"https:\/\/www.hotel-la-sivoliere.com\/en\/welcome-to-la-sivoliere\/#breadcrumb"},"inLanguage":"en-US","potentialAction":[{"@type":"ReadAction","target":["https:\/\/www.hotel-la-sivoliere.com\/en\/welcome-to-la-sivoliere\/"]}]},{"@type":"BreadcrumbList","@id":"https:\/\/www.hotel-la-sivoliere.com\/en\/welcome-to-la-sivoliere\/#breadcrumb","itemListElement":[{"@type":"ListItem","position":1,"name":"Home","item":"https:\/\/www.hotel-la-sivoliere.com\/en\/"},{"@type":"ListItem","position":2,"name":"Welcome to La Sivoli\u00e8re"}]},{"@type":"WebSite","@id":"https:\/\/www.hotel-la-sivoliere.com\/en\/#website","url":"https:\/\/www.hotel-la-sivoliere.com\/en\/","name":"Hotel La Sivoliere","description":"","potentialAction":[{"@type":"SearchAction","target":{"@type":"EntryPoint","urlTemplate":"https:\/\/www.hotel-la-sivoliere.com\/en\/?s={search_term_string}"},"query-input":{"@type":"PropertyValueSpecification","valueRequired":true,"valueName":"search_term_string"}}],"inLanguage":"en-US"}]}},"acf":[],"_links":{"self":[{"href":"https:\/\/www.hotel-la-sivoliere.com\/en\/wp-json\/wp\/v2\/pages\/745","targetHints":{"allow":["GET"]}}],"collection":[{"href":"https:\/\/www.hotel-la-sivoliere.com\/en\/wp-json\/wp\/v2\/pages"}],"about":[{"href":"https:\/\/www.hotel-la-sivoliere.com\/en\/wp-json\/wp\/v2\/types\/page"}],"author":[{"embeddable":true,"href":"https:\/\/www.hotel-la-sivoliere.com\/en\/wp-json\/wp\/v2\/users\/3"}],"replies":[{"embeddable":true,"href":"https:\/\/www.hotel-la-sivoliere.com\/en\/wp-json\/wp\/v2\/comments?post=745"}],"version-history":[{"count":0,"href":"https:\/\/www.hotel-la-sivoliere.com\/en\/wp-json\/wp\/v2\/pages\/745\/revisions"}],"wp:attachment":[{"href":"https:\/\/www.hotel-la-sivoliere.com\/en\/wp-json\/wp\/v2\/media?parent=745"}],"curies":[{"name":"wp","href":"https:\/\/api.w.org\/{rel}","templated":true}]}}