{"id":741,"date":"2019-09-26T13:03:45","date_gmt":"2019-09-26T13:03:45","guid":{"rendered":"http:\/\/hotel-la-sivoliere.ms.decms.eu\/?page_id=741"},"modified":"2025-04-07T12:40:25","modified_gmt":"2025-04-07T12:40:25","slug":"la-sivoliere","status":"publish","type":"page","link":"https:\/\/www.hotel-la-sivoliere.com\/en\/","title":{"rendered":"La Sivoli\u00e8re"},"content":{"rendered":"<p>As one of the world\u2019s most well-known ski resorts, Courchevel needs no introduction. Looking down over the other four villages in this famous Savoie valley, Courchevel 1850 symbolises excellence \u00e0 la fran\u00e7aise in the heart of Les Trois Vall\u00e9es. There\u2019s something for everyone here: open to all ages and all skill levels, Courchevel\u2019s welcoming atmosphere and its location in the world\u2019s largest ski area makes it the perfect family destination. Just like La Sivoli\u00e8re.<\/p>\n<p>This <a href=\"http:\/\/hotel-la-sivoliere.ms.decms.eu\/en\/services-at-la-sivoliere\/\">ski-in, ski-out<\/a> chalet offers guests a warm welcome in its 35 rooms, family suites and apartments, completely renovated in a re-imagined Alpine style. Discover the\u00a0 <a href=\"http:\/\/hotel-la-sivoliere.ms.decms.eu\/en\/restaurant-and-bar\/\">restaurant La Table de Madame<\/a>, and <a href=\"https:\/\/www.hotel-la-sivoliere.com\/spa-courchevel\/\">our spa<\/a> along with a full <a href=\"http:\/\/hotel-la-sivoliere.ms.decms.eu\/en\/services-at-la-sivoliere\/\">range of services<\/a>, all in a cosy and comfortable atmosphere that no other hotel at Courchevel can offer.<\/p>\n","protected":false},"excerpt":{"rendered":"<p>As one of the world\u2019s most well-known ski resorts, Courchevel needs no introduction. Looking down over the other four villages in this famous Savoie valley, Courchevel 1850 symbolises excellence \u00e0 la fran\u00e7aise in the heart of Les Trois Vall\u00e9es. There\u2019s something for everyone here: open to all ages and all skill levels, Courchevel\u2019s welcoming atmosphere [&hellip;]<\/p>\n","protected":false},"author":4,"featured_media":0,"parent":0,"menu_order":0,"comment_status":"closed","ping_status":"closed","template":"","meta":{"footnotes":""},"class_list":["post-741","page","type-page","status-publish","hentry"],"yoast_head":"<!-- This site is optimized with the Yoast SEO plugin v26.9 - https:\/\/yoast.com\/product\/yoast-seo-wordpress\/ -->\n<title>La Sivoli\u00e8re - Hotel La Sivoliere<\/title>\n<meta name=\"description\" content=\"As one of the world\u2019s most well-known ski resorts, Courchevel needs no introduction. Looking down over the other four villages in this famous Savoie\" \/>\n<meta name=\"robots\" content=\"index, follow, max-snippet:-1, max-image-preview:large, max-video-preview:-1\" \/>\n<link rel=\"canonical\" href=\"https:\/\/www.hotel-la-sivoliere.com\/en\/\" \/>\n<meta property=\"og:locale\" content=\"en_US\" \/>\n<meta property=\"og:type\" content=\"article\" \/>\n<meta property=\"og:title\" content=\"La Sivoli\u00e8re - Hotel La Sivoliere\" \/>\n<meta property=\"og:description\" content=\"As one of the world\u2019s most well-known ski resorts, Courchevel needs no introduction. Looking down over the other four villages in this famous Savoie\" \/>\n<meta property=\"og:url\" content=\"https:\/\/www.hotel-la-sivoliere.com\/en\/\" \/>\n<meta property=\"og:site_name\" content=\"Hotel La Sivoliere\" \/>\n<meta property=\"article:modified_time\" content=\"2025-04-07T12:40:25+00:00\" \/>\n<meta name=\"twitter:card\" content=\"summary_large_image\" \/>\n<meta name=\"twitter:label1\" content=\"Est. reading time\" \/>\n\t<meta name=\"twitter:data1\" content=\"1 minute\" \/>\n<script type=\"application\/ld+json\" class=\"yoast-schema-graph\">{\"@context\":\"https:\/\/schema.org\",\"@graph\":[{\"@type\":\"WebPage\",\"@id\":\"https:\/\/www.hotel-la-sivoliere.com\/en\/\",\"url\":\"https:\/\/www.hotel-la-sivoliere.com\/en\/\",\"name\":\"La Sivoli\u00e8re - Hotel La Sivoliere\",\"isPartOf\":{\"@id\":\"https:\/\/www.hotel-la-sivoliere.com\/en\/#website\"},\"datePublished\":\"2019-09-26T13:03:45+00:00\",\"dateModified\":\"2025-04-07T12:40:25+00:00\",\"description\":\"As one of the world\u2019s most well-known ski resorts, Courchevel needs no introduction. Looking down over the other four villages in this famous Savoie\",\"breadcrumb\":{\"@id\":\"https:\/\/www.hotel-la-sivoliere.com\/en\/#breadcrumb\"},\"inLanguage\":\"en-US\",\"potentialAction\":[{\"@type\":\"ReadAction\",\"target\":[\"https:\/\/www.hotel-la-sivoliere.com\/en\/\"]}]},{\"@type\":\"BreadcrumbList\",\"@id\":\"https:\/\/www.hotel-la-sivoliere.com\/en\/#breadcrumb\",\"itemListElement\":[{\"@type\":\"ListItem\",\"position\":1,\"name\":\"Home\",\"item\":\"https:\/\/www.hotel-la-sivoliere.com\/en\/\"},{\"@type\":\"ListItem\",\"position\":2,\"name\":\"La Sivoli\u00e8re\"}]},{\"@type\":\"WebSite\",\"@id\":\"https:\/\/www.hotel-la-sivoliere.com\/en\/#website\",\"url\":\"https:\/\/www.hotel-la-sivoliere.com\/en\/\",\"name\":\"Hotel La Sivoliere\",\"description\":\"\",\"potentialAction\":[{\"@type\":\"SearchAction\",\"target\":{\"@type\":\"EntryPoint\",\"urlTemplate\":\"https:\/\/www.hotel-la-sivoliere.com\/en\/?s={search_term_string}\"},\"query-input\":{\"@type\":\"PropertyValueSpecification\",\"valueRequired\":true,\"valueName\":\"search_term_string\"}}],\"inLanguage\":\"en-US\"}]}<\/script>\n<!-- \/ Yoast SEO plugin. -->","yoast_head_json":{"title":"La Sivoli\u00e8re - Hotel La Sivoliere","description":"As one of the world\u2019s most well-known ski resorts, Courchevel needs no introduction. Looking down over the other four villages in this famous Savoie","robots":{"index":"index","follow":"follow","max-snippet":"max-snippet:-1","max-image-preview":"max-image-preview:large","max-video-preview":"max-video-preview:-1"},"canonical":"https:\/\/www.hotel-la-sivoliere.com\/en\/","og_locale":"en_US","og_type":"article","og_title":"La Sivoli\u00e8re - Hotel La Sivoliere","og_description":"As one of the world\u2019s most well-known ski resorts, Courchevel needs no introduction. Looking down over the other four villages in this famous Savoie","og_url":"https:\/\/www.hotel-la-sivoliere.com\/en\/","og_site_name":"Hotel La Sivoliere","article_modified_time":"2025-04-07T12:40:25+00:00","twitter_card":"summary_large_image","twitter_misc":{"Est. reading time":"1 minute"},"schema":{"@context":"https:\/\/schema.org","@graph":[{"@type":"WebPage","@id":"https:\/\/www.hotel-la-sivoliere.com\/en\/","url":"https:\/\/www.hotel-la-sivoliere.com\/en\/","name":"La Sivoli\u00e8re - Hotel La Sivoliere","isPartOf":{"@id":"https:\/\/www.hotel-la-sivoliere.com\/en\/#website"},"datePublished":"2019-09-26T13:03:45+00:00","dateModified":"2025-04-07T12:40:25+00:00","description":"As one of the world\u2019s most well-known ski resorts, Courchevel needs no introduction. Looking down over the other four villages in this famous Savoie","breadcrumb":{"@id":"https:\/\/www.hotel-la-sivoliere.com\/en\/#breadcrumb"},"inLanguage":"en-US","potentialAction":[{"@type":"ReadAction","target":["https:\/\/www.hotel-la-sivoliere.com\/en\/"]}]},{"@type":"BreadcrumbList","@id":"https:\/\/www.hotel-la-sivoliere.com\/en\/#breadcrumb","itemListElement":[{"@type":"ListItem","position":1,"name":"Home","item":"https:\/\/www.hotel-la-sivoliere.com\/en\/"},{"@type":"ListItem","position":2,"name":"La Sivoli\u00e8re"}]},{"@type":"WebSite","@id":"https:\/\/www.hotel-la-sivoliere.com\/en\/#website","url":"https:\/\/www.hotel-la-sivoliere.com\/en\/","name":"Hotel La Sivoliere","description":"","potentialAction":[{"@type":"SearchAction","target":{"@type":"EntryPoint","urlTemplate":"https:\/\/www.hotel-la-sivoliere.com\/en\/?s={search_term_string}"},"query-input":{"@type":"PropertyValueSpecification","valueRequired":true,"valueName":"search_term_string"}}],"inLanguage":"en-US"}]}},"acf":[],"_links":{"self":[{"href":"https:\/\/www.hotel-la-sivoliere.com\/en\/wp-json\/wp\/v2\/pages\/741","targetHints":{"allow":["GET"]}}],"collection":[{"href":"https:\/\/www.hotel-la-sivoliere.com\/en\/wp-json\/wp\/v2\/pages"}],"about":[{"href":"https:\/\/www.hotel-la-sivoliere.com\/en\/wp-json\/wp\/v2\/types\/page"}],"author":[{"embeddable":true,"href":"https:\/\/www.hotel-la-sivoliere.com\/en\/wp-json\/wp\/v2\/users\/4"}],"replies":[{"embeddable":true,"href":"https:\/\/www.hotel-la-sivoliere.com\/en\/wp-json\/wp\/v2\/comments?post=741"}],"version-history":[{"count":0,"href":"https:\/\/www.hotel-la-sivoliere.com\/en\/wp-json\/wp\/v2\/pages\/741\/revisions"}],"wp:attachment":[{"href":"https:\/\/www.hotel-la-sivoliere.com\/en\/wp-json\/wp\/v2\/media?parent=741"}],"curies":[{"name":"wp","href":"https:\/\/api.w.org\/{rel}","templated":true}]}}